{"id":1976,"date":"2024-07-16T09:09:33","date_gmt":"2024-07-16T01:09:33","guid":{"rendered":"https:\/\/www.dentalxangtech.com\/?post_type=product&#038;p=1976"},"modified":"2024-09-27T11:00:41","modified_gmt":"2024-09-27T03:00:41","slug":"multilayer-pmma-disc","status":"publish","type":"product","link":"https:\/\/www.dentalxangtech.com\/it\/product\/multilayer-pmma-disc\/","title":{"rendered":"Disco pmma multistrato"},"content":{"rendered":"<p><span style=\"font-size: 14pt;\">I dischi pmma multistrato XANGTECH forniscono numerosi vantaggi che li rendono un materiale preferito per i ripristini dentali. Uno dei principali vantaggi \u00e8 la loro leggerezza, che garantisce che non onerino la bocca, migliorando significativamente il comfort del paziente e la conformit\u00e0. I pazienti possono godersi le loro attivit\u00e0 quotidiane senza il disagio spesso associato a materiali dentali pi\u00f9 pesanti. L'innovativa struttura multistrato dei dischi PMMA multistrato contribuisce alla loro eccezionale durata. Questa caratteristica di design li rende pi\u00f9 resistenti all'usura, garantendo che i restauri dentali realizzati con dischi PMMA a pi\u00f9 strati possano resistere ai rigori dell'uso quotidiano. Questa durata si traduce in protesi dentali pi\u00f9 durature, riducendo la necessit\u00e0 di sostituzioni frequenti e fornendo ai pazienti soluzioni affidabili a lungo termine.<\/span><br \/>\n<span style=\"font-size: 14pt;\">Un altro vantaggio significativo dei dischi PMMA multistrato \u00e8 la loro stabilit\u00e0 del colore a lungo termine. A differenza di alcuni materiali che possono sbiadirsi o scolorirsi nel tempo, i dischi PMMA multistrato mantengono il loro fascino estetico, garantendo che i restauri siano naturali e attraenti per anni. Questa stabilit\u00e0 \u00e8 fondamentale per la soddisfazione del paziente, in quanto garantisce che il loro lavoro dentale rimanga visivamente piacevole e si fonde perfettamente con i loro denti naturali. I dischi PMMA multistrato sono anche incredibilmente versatili, adatti per un'ampia gamma di ripristini dentali. Che siano utilizzati per corone, ponti, protesi o ripristini temporanei, i dischi PMMA a pi\u00f9 strati consentono risultati coerenti e di alta qualit\u00e0. Questa versatilit\u00e0 li rende una risorsa preziosa in qualsiasi laboratorio dentale, consentendo ai professionisti dentali di soddisfare le diverse esigenze dei loro pazienti con un unico materiale affidabile.<\/span><\/p>\n<p>&nbsp;<\/p>\n<p><span style=\"font-size: 14pt;\"><strong>1. Peso leggero e nessun carico alla bocca.<\/strong><\/span><br \/>\n<span style=\"font-size: 14pt;\"><strong>2. La struttura a pi\u00f9 strati \u00e8 pi\u00f9 durevole<\/strong><\/span><br \/>\n<span style=\"font-size: 14pt;\"><strong>3. Stabilit\u00e0 del colore a lungo termine per prevenire lo sbiadimento.<\/strong><\/span><br \/>\n<span style=\"font-size: 14pt;\"><strong>4. Pu\u00f2 essere utilizzato per vari restauri dentali<\/strong><\/span><\/p>","protected":false},"excerpt":{"rendered":"<p>Spessore: 10-25mm<br \/>\nColore: VITA 16 colori<br \/>\nModulo di elasticit\u00e0: 100MP<br \/>\nDensit\u00e0: 1.35-1.45g\/cm\u00b3<br \/>\nDurezza: 85-90 (durezza della riva)<br \/>\nResistenza alla piegatura: 88 MPa<\/p>","protected":false},"featured_media":2629,"template":"","meta":{"_acf_changed":false},"product_brand":[],"product_cat":[60],"product_tag":[],"class_list":{"0":"post-1976","1":"product","2":"type-product","3":"status-publish","4":"has-post-thumbnail","6":"product_cat-multilayer-pmma-disc","8":"first","9":"instock","10":"shipping-taxable","11":"product-type-simple"},"acf":[],"_links":{"self":[{"href":"https:\/\/www.dentalxangtech.com\/it\/wp-json\/wp\/v2\/product\/1976","targetHints":{"allow":["GET"]}}],"collection":[{"href":"https:\/\/www.dentalxangtech.com\/it\/wp-json\/wp\/v2\/product"}],"about":[{"href":"https:\/\/www.dentalxangtech.com\/it\/wp-json\/wp\/v2\/types\/product"}],"wp:featuredmedia":[{"embeddable":true,"href":"https:\/\/www.dentalxangtech.com\/it\/wp-json\/wp\/v2\/media\/2629"}],"wp:attachment":[{"href":"https:\/\/www.dentalxangtech.com\/it\/wp-json\/wp\/v2\/media?parent=1976"}],"wp:term":[{"taxonomy":"product_brand","embeddable":true,"href":"https:\/\/www.dentalxangtech.com\/it\/wp-json\/wp\/v2\/product_brand?post=1976"},{"taxonomy":"product_cat","embeddable":true,"href":"https:\/\/www.dentalxangtech.com\/it\/wp-json\/wp\/v2\/product_cat?post=1976"},{"taxonomy":"product_tag","embeddable":true,"href":"https:\/\/www.dentalxangtech.com\/it\/wp-json\/wp\/v2\/product_tag?post=1976"}],"curies":[{"name":"WP","href":"https:\/\/api.w.org\/{rel}","templated":true}]}}