{"id":1977,"date":"2024-07-17T10:46:49","date_gmt":"2024-07-17T02:46:49","guid":{"rendered":"https:\/\/www.dentalxangtech.com\/?post_type=product&#038;p=1977"},"modified":"2025-03-28T10:31:04","modified_gmt":"2025-03-28T02:31:04","slug":"dental-wax-block","status":"publish","type":"product","link":"https:\/\/www.dentalxangtech.com\/it\/product\/dental-wax-block\/","title":{"rendered":"Blocco di cera dentale"},"content":{"rendered":"<p><span style=\"font-size: 14pt;\">Blocco di cera XANGTECH, una soluzione all'avanguardia meticolosamente progettata per elevare i processi artigianali e industriali. Attraverso una tecnica di lavorazione specializzata, riduce drasticamente la deformazione durante la manipolazione, garantendo stabilit\u00e0 e precisione senza pari in ogni applicazione. A differenza dei materiali di cera convenzionali, il nostro prodotto vanta un alto punto di fusione, rendendolo impermeabile alle alte temperature generate durante la fresatura. Ci\u00f2 significa che puoi contare su risultati coerenti e di alta qualit\u00e0 senza rischiare di sciogliere o compromettere l'integrit\u00e0 del tuo lavoro.<\/span><br \/>\n<span style=\"font-size: 14pt;\">Oltre alle sue robuste propriet\u00e0 termiche, presenta caratteristiche antistatiche eccezionali. Queste propriet\u00e0 non solo facilitano una lavorazione pi\u00f9 fluida, ma rendono anche il materiale eccezionalmente facile da pulire, riducendo significativamente i tempi e gli sforzi di manutenzione. Che tu&#8217; re impegnato in dettagli complessi o produzione su larga scala, blocco di cera XANGTECH offre una soluzione affidabile ed efficiente che migliora la produttivit\u00e0 e fornisce risultati superiori. Fidati del blocco di cera XANGTECH per soddisfare le esigenze dei tuoi progetti pi\u00f9 impegnativi con eccezionale facilit\u00e0 e affidabilit\u00e0.<\/span><\/p>\n<p>&nbsp;<\/p>\n<p><span style=\"font-size: 14pt;\"><strong>1. Dopo il processo speciale, la deformazione durante l'elaborazione \u00e8 notevolmente ridotta.<\/strong><\/span><\/p>\n<p><span style=\"font-size: 14pt;\"><strong>2. L'alto punto di fusione non si scioglie nel processo di fresatura a causa dell'alta temperatura.<\/strong><\/span><\/p>\n<p><span style=\"font-size: 14pt;\"><strong>3. Eccellenti propriet\u00e0 antistatiche, facili da elaborare e pulire.<\/strong><\/span><\/p>\n<div style=\"width: 800px;\" class=\"wp-video\"><video class=\"wp-video-shortcode\" id=\"video-1977-1\" width=\"800\" height=\"450\" preload=\"metadata\" controls=\"controls\"><source type=\"video\/mp4\" src=\"https:\/\/www.dentalxangtech.com\/wp-content\/uploads\/2024\/07\/wax-block-1.mp4?_=1\" \/><a href=\"https:\/\/www.dentalxangtech.com\/wp-content\/uploads\/2024\/07\/wax-block-1.mp4\">https:\/\/www.dentalxangtech.com\/wp-content\/uploads\/2024\/07\/wax-block-1.mp4<\/a><\/video><\/div>","protected":false},"excerpt":{"rendered":"<p>XANGTECH wax block, a cutting-edge solution meticulously engineered to elevate your crafting and industrial processes. Through a specialized processing technique, it dramatically reduces deformation during handling, ensuring unparalleled stability and precision in every application. Unlike conventional wax materials, our product boasts a high melting point, making it impervious to the high temperatures generated during milling. [&hellip;]<\/p>\n","protected":false},"featured_media":3703,"template":"","meta":{"_acf_changed":false},"product_brand":[],"product_cat":[48],"product_tag":[],"class_list":{"0":"post-1977","1":"product","2":"type-product","3":"status-publish","4":"has-post-thumbnail","6":"product_cat-wax-block","8":"first","9":"instock","10":"shipping-taxable","11":"product-type-simple"},"acf":[],"_links":{"self":[{"href":"https:\/\/www.dentalxangtech.com\/it\/wp-json\/wp\/v2\/product\/1977","targetHints":{"allow":["GET"]}}],"collection":[{"href":"https:\/\/www.dentalxangtech.com\/it\/wp-json\/wp\/v2\/product"}],"about":[{"href":"https:\/\/www.dentalxangtech.com\/it\/wp-json\/wp\/v2\/types\/product"}],"wp:featuredmedia":[{"embeddable":true,"href":"https:\/\/www.dentalxangtech.com\/it\/wp-json\/wp\/v2\/media\/3703"}],"wp:attachment":[{"href":"https:\/\/www.dentalxangtech.com\/it\/wp-json\/wp\/v2\/media?parent=1977"}],"wp:term":[{"taxonomy":"product_brand","embeddable":true,"href":"https:\/\/www.dentalxangtech.com\/it\/wp-json\/wp\/v2\/product_brand?post=1977"},{"taxonomy":"product_cat","embeddable":true,"href":"https:\/\/www.dentalxangtech.com\/it\/wp-json\/wp\/v2\/product_cat?post=1977"},{"taxonomy":"product_tag","embeddable":true,"href":"https:\/\/www.dentalxangtech.com\/it\/wp-json\/wp\/v2\/product_tag?post=1977"}],"curies":[{"name":"WP","href":"https:\/\/api.w.org\/{rel}","templated":true}]}}