{"id":1978,"date":"2024-07-17T10:47:46","date_gmt":"2024-07-17T02:47:46","guid":{"rendered":"https:\/\/www.dentalxangtech.com\/?post_type=product&#038;p=1978"},"modified":"2024-08-26T16:59:50","modified_gmt":"2024-08-26T08:59:50","slug":"dental-peek-block","status":"publish","type":"product","link":"https:\/\/www.dentalxangtech.com\/it\/product\/dental-peek-block\/","title":{"rendered":"Blocco di peek dentale"},"content":{"rendered":"<p><span style=\"font-size: 14pt;\">XANGTECH PEEK blocco, un rivoluzionario materiale dentale meticolosamente progettato per soddisfare gli alti standard della moderna odontoiatria. Renovato per le sue eccezionali propriet\u00e0 meccaniche e la sua resistenza chimica superiore, il blocco XANGTECH PEEK garantisce una durata e una biocompatibilit\u00e0, rendendolo ideale per un'ampia gamma di applicazioni dentali, tra cui corone, ponti e pilastri.<\/span><\/p>\n<p><span style=\"font-size: 14pt;\">Una delle caratteristiche pi\u00f9 notevoli del blocco PEEK XangTech \u00e8 la sua compatibilit\u00e0 con applicazioni ad alto vuoto, rendendolo uno dei pochi materiali dentali in grado di mantenere integrit\u00e0 strutturale e prestazioni in condizioni cos\u00ec esigenti. Inoltre, rimane eccezionalmente stabile ad alte temperature, garantendo una costante affidabilit\u00e0 durante i processi di fresatura e fabbricazione. Il blocco XANGTECH PEEK \u00e8 progettato per fornire precisione e stabilit\u00e0 senza pari, facilitando la creazione di ripristini dentali altamente precisi e duraturi. Scegli il blocco XANGTECH PEEK per soluzioni dentali innovative, affidabili e superiori che migliorano i risultati dei pazienti e stabiliscono nuovi standard nell'assistenza dentale.<\/span><\/p>\n<p>&nbsp;<\/p>\n<p><span style=\"font-size: 14pt;\"><strong>1. Eccellenti propriet\u00e0 meccaniche e resistenza chimica<\/strong><\/span><br \/>\n<span style=\"font-size: 14pt;\"><strong>2. Ampia gamma di applicazioni<\/strong><\/span><br \/>\n<span style=\"font-size: 14pt;\"><strong>3. Uno dei pochi materiali compatibili con applicazioni a vuoto ultra-alto<\/strong><\/span><br \/>\n<span style=\"font-size: 14pt;\"><strong>4. Pu\u00f2 rimanere stabile ad alte temperature<\/strong><\/span><\/p>","protected":false},"excerpt":{"rendered":"<p>XANGTECH PEEK block, a revolutionary dental material meticulously engineered to meet the high standards of modern dentistry. Renowned for its outstanding mechanical properties and superior chemical resistance, the XANGTECH PEEK block ensures long-lasting durability and biocompatibility, making it ideal for a wide range of dental applications, including crowns, bridges, and abutments. One of the most [&hellip;]<\/p>\n","protected":false},"featured_media":2322,"template":"","meta":{"_acf_changed":false},"product_brand":[],"product_cat":[47],"product_tag":[],"class_list":{"0":"post-1978","1":"product","2":"type-product","3":"status-publish","4":"has-post-thumbnail","6":"product_cat-peek-block","8":"first","9":"instock","10":"shipping-taxable","11":"product-type-simple"},"acf":[],"_links":{"self":[{"href":"https:\/\/www.dentalxangtech.com\/it\/wp-json\/wp\/v2\/product\/1978","targetHints":{"allow":["GET"]}}],"collection":[{"href":"https:\/\/www.dentalxangtech.com\/it\/wp-json\/wp\/v2\/product"}],"about":[{"href":"https:\/\/www.dentalxangtech.com\/it\/wp-json\/wp\/v2\/types\/product"}],"wp:featuredmedia":[{"embeddable":true,"href":"https:\/\/www.dentalxangtech.com\/it\/wp-json\/wp\/v2\/media\/2322"}],"wp:attachment":[{"href":"https:\/\/www.dentalxangtech.com\/it\/wp-json\/wp\/v2\/media?parent=1978"}],"wp:term":[{"taxonomy":"product_brand","embeddable":true,"href":"https:\/\/www.dentalxangtech.com\/it\/wp-json\/wp\/v2\/product_brand?post=1978"},{"taxonomy":"product_cat","embeddable":true,"href":"https:\/\/www.dentalxangtech.com\/it\/wp-json\/wp\/v2\/product_cat?post=1978"},{"taxonomy":"product_tag","embeddable":true,"href":"https:\/\/www.dentalxangtech.com\/it\/wp-json\/wp\/v2\/product_tag?post=1978"}],"curies":[{"name":"WP","href":"https:\/\/api.w.org\/{rel}","templated":true}]}}