{"id":2168,"date":"2024-07-31T09:50:28","date_gmt":"2024-07-31T01:50:28","guid":{"rendered":"http\/\/www.dentalxangtech.com\/?post_type=product&#038;p=2168"},"modified":"2024-08-08T11:10:51","modified_gmt":"2024-08-08T03:10:51","slug":"press-furnace","status":"publish","type":"product","link":"https:\/\/www.dentalxangtech.com\/it\/product\/press-furnace\/","title":{"rendered":"Forno stampa"},"content":{"rendered":"<p><span style=\"font-size: 14pt;\">Forno a pressa XANGTECH, progettato per aumentare le prestazioni e l'affidabilit\u00e0 nei laboratori e nelle cliniche dentali. Questo forno avanzato si distingue per la sua capacit\u00e0 di funzionare senza la necessit\u00e0 di aria compressa, semplificando sia l'installazione che la manutenzione. Eliminando la necessit\u00e0 di aria compressa, non solo riduce la complessit\u00e0 operativa, ma garantisce anche risultati costantemente eccellenti in una gamma di applicazioni. Il forno \u00e8 progettato per una manutenzione ridotta, che si traduce in costi di manutenzione ridotti e tempi di fermo minimi. La sua robusta costruzione garantisce un'alta precisione dei bordi, che \u00e8 fondamentale per ottenere un lavoro dentale dettagliato e accurato, mantenendo al contempo una bassa probabilit\u00e0 di guasto per garantire prestazioni affidabili nel tempo.<\/span><\/p>\n<p><span style=\"font-size: 14pt;\">La versatilit\u00e0 \u00e8 al centro del nostro forno a pressa, in quanto \u00e8 attrezzato per gestire sia le funzioni di pressatura che le funzioni di porcellana. Questa doppia capacit\u00e0 lo rende un bene inestimabile in qualsiasi studio dentale, in grado di accogliere una variet\u00e0 di procedure e materiali. Il design innovativo del forno fornisce funzionalit\u00e0 complete mantenendo al contempo l'efficienza, offrendo un'integrazione senza problemi in qualsiasi flusso di lavoro. Grazie alle sue caratteristiche avanzate, tra cui eccezionale precisione e ridotte esigenze di manutenzione, questo forno a pressa \u00e8 progettato per soddisfare le esigenze in evoluzione delle moderne pratiche dentali, garantendo risultati superiori e produttivit\u00e0 migliorata in ogni applicazione.<\/span><\/p>\n<p>&nbsp;<\/p>\n<p><span style=\"font-size: 14pt;\"><strong>1. Nessuna necessit\u00e0 di aria compressa, risultati eccellenti<\/strong><\/span><br \/>\n<span style=\"font-size: 14pt;\"><strong>2. Basso costo di manutenzione.<\/strong><\/span><br \/>\n<span style=\"font-size: 14pt;\"><strong>3. Alta precisione del bordo e bassa probabilit\u00e0 di guasto.<\/strong><\/span><br \/>\n<span style=\"font-size: 14pt;\"><strong>4.Press e porcellana entrambi funzione<\/strong><\/span><\/p>","protected":false},"excerpt":{"rendered":"<p>XANGTECH press furnace, designed to elevate performance and reliability in dental laboratories and clinics. This advanced furnace stands out for its ability to operate without the need for compressed air, simplifying both setup and maintenance. By eliminating the need for compressed air, it not only reduces operational complexity but also ensures consistently excellent results across [&hellip;]<\/p>\n","protected":false},"featured_media":2178,"template":"","meta":{"_acf_changed":false},"product_brand":[],"product_cat":[67,15],"product_tag":[],"class_list":{"0":"post-2168","1":"product","2":"type-product","3":"status-publish","4":"has-post-thumbnail","6":"product_cat-grinder-stone","7":"product_cat-restoration-materials","9":"first","10":"instock","11":"shipping-taxable","12":"product-type-simple"},"acf":[],"_links":{"self":[{"href":"https:\/\/www.dentalxangtech.com\/it\/wp-json\/wp\/v2\/product\/2168","targetHints":{"allow":["GET"]}}],"collection":[{"href":"https:\/\/www.dentalxangtech.com\/it\/wp-json\/wp\/v2\/product"}],"about":[{"href":"https:\/\/www.dentalxangtech.com\/it\/wp-json\/wp\/v2\/types\/product"}],"wp:featuredmedia":[{"embeddable":true,"href":"https:\/\/www.dentalxangtech.com\/it\/wp-json\/wp\/v2\/media\/2178"}],"wp:attachment":[{"href":"https:\/\/www.dentalxangtech.com\/it\/wp-json\/wp\/v2\/media?parent=2168"}],"wp:term":[{"taxonomy":"product_brand","embeddable":true,"href":"https:\/\/www.dentalxangtech.com\/it\/wp-json\/wp\/v2\/product_brand?post=2168"},{"taxonomy":"product_cat","embeddable":true,"href":"https:\/\/www.dentalxangtech.com\/it\/wp-json\/wp\/v2\/product_cat?post=2168"},{"taxonomy":"product_tag","embeddable":true,"href":"https:\/\/www.dentalxangtech.com\/it\/wp-json\/wp\/v2\/product_tag?post=2168"}],"curies":[{"name":"WP","href":"https:\/\/api.w.org\/{rel}","templated":true}]}}