{"id":2215,"date":"2024-08-05T14:21:46","date_gmt":"2024-08-05T06:21:46","guid":{"rendered":"http\/\/www.dentalxangtech.com\/?post_type=product&#038;p=2215"},"modified":"2024-08-08T11:06:52","modified_gmt":"2024-08-08T03:06:52","slug":"3d-scanner","status":"publish","type":"product","link":"https:\/\/www.dentalxangtech.com\/it\/product\/3d-scanner\/","title":{"rendered":"Scanner 3D"},"content":{"rendered":"<p><span style=\"font-size: 14pt;\">Lo scanner 3D XANGTECH ridefinisce efficienza e precisione nel mondo della tecnologia dentale. Progettato con un motore di scansione rapido da fulmine e sofisticati algoritmi software, questo dispositivo pu\u00f2 scansionare una corona completa in meno di 20 secondi con una notevole precisione, raggiungendo una precisione fino a 8 micron. Questa velocit\u00e0 senza precedenti e meticolosa attenzione ai dettagli non solo semplificano il flusso di lavoro, ma anche migliorare significativamente la produttivit\u00e0, consentendo ai professionisti dentali di realizzare di pi\u00f9 in un periodo di tempo pi\u00f9 breve. Oltre alle sue impressionanti capacit\u00e0 di scansione, il nostro scanner offre una versatilit\u00e0 senza pari essendo compatibile con qualsiasi software di progettazione. Ci\u00f2 significa che hai la libert\u00e0 di integrare il nostro scanner senza problemi nel tuo flusso di lavoro esistente, utilizzando gli strumenti e il software con cui sei pi\u00f9 a tuo agio, senza alcuna limitazione. Questa compatibilit\u00e0 ti garantisce di mantenere i tuoi processi di progettazione preferiti e di beneficiare delle prestazioni superiori del nostro scanner.<\/span><br \/>\n<span style=\"font-size: 14pt;\">Inoltre, lo scanner \u00e8 dotato di un'innovativa funzione di scansione della texture. Questa funzionalit\u00e0 avanzata consente di catturare e progettare prodotti con dettagli e complessit\u00e0 migliorati, portando a risultati di qualit\u00e0 superiore. Che tu stia lavorando su ripristini dentali complessi o protesi dettagliate, la funzione di scansione della texture fornisce la profondit\u00e0 e la precisione necessarie per ottenere risultati eccezionali. Oltre alla sua capacit\u00e0 tecnica, il nostro scanner \u00e8 progettato tenendo in mente l'esperienza dell'utente. Possiede un'interfaccia intuitiva e un funzionamento facile da usare, garantendo che anche quelli che sono nuovi alla scansione digitale possano ottenere risultati professionali in modo rapido e semplice. Il design compatto ed ergonomico migliora ulteriormente la facilit\u00e0 d'uso, rendendolo un'aggiunta pratica a qualsiasi laboratorio o clinica dentale.<\/span><\/p>\n<p>&nbsp;<\/p>\n<p><span style=\"font-size: 14pt;\"><strong>1,20 secondi di scansione ultraveloce di una corona completa<\/strong><\/span><br \/>\n<span style=\"font-size: 14pt;\"><strong>Precisione di 2,8 micron<\/strong><\/span><br \/>\n<span style=\"font-size: 14pt;\"><strong>3.Can progettazione su qualsiasi software<\/strong><\/span><br \/>\n<span style=\"font-size: 14pt;\"><strong>Funzione di scansione 4.Texture<\/strong><\/span><\/p>","protected":false},"excerpt":{"rendered":"<p>XANGTECH 3d scanner redefines efficiency and precision in the world of dental technology. Engineered with a lightning-fast scanning engine and sophisticated software algorithms, this device can scan a complete single crown in under 20 seconds with remarkable accuracy, achieving precision up to 8 microns. This unprecedented speed and meticulous attention to detail not only streamline [&hellip;]<\/p>\n","protected":false},"featured_media":2216,"template":"","meta":{"_acf_changed":false},"product_brand":[],"product_cat":[68],"product_tag":[],"class_list":{"0":"post-2215","1":"product","2":"type-product","3":"status-publish","4":"has-post-thumbnail","6":"product_cat-3d-scanner","8":"first","9":"instock","10":"shipping-taxable","11":"product-type-simple"},"acf":[],"_links":{"self":[{"href":"https:\/\/www.dentalxangtech.com\/it\/wp-json\/wp\/v2\/product\/2215","targetHints":{"allow":["GET"]}}],"collection":[{"href":"https:\/\/www.dentalxangtech.com\/it\/wp-json\/wp\/v2\/product"}],"about":[{"href":"https:\/\/www.dentalxangtech.com\/it\/wp-json\/wp\/v2\/types\/product"}],"wp:featuredmedia":[{"embeddable":true,"href":"https:\/\/www.dentalxangtech.com\/it\/wp-json\/wp\/v2\/media\/2216"}],"wp:attachment":[{"href":"https:\/\/www.dentalxangtech.com\/it\/wp-json\/wp\/v2\/media?parent=2215"}],"wp:term":[{"taxonomy":"product_brand","embeddable":true,"href":"https:\/\/www.dentalxangtech.com\/it\/wp-json\/wp\/v2\/product_brand?post=2215"},{"taxonomy":"product_cat","embeddable":true,"href":"https:\/\/www.dentalxangtech.com\/it\/wp-json\/wp\/v2\/product_cat?post=2215"},{"taxonomy":"product_tag","embeddable":true,"href":"https:\/\/www.dentalxangtech.com\/it\/wp-json\/wp\/v2\/product_tag?post=2215"}],"curies":[{"name":"WP","href":"https:\/\/api.w.org\/{rel}","templated":true}]}}