{"id":2219,"date":"2024-08-05T14:58:34","date_gmt":"2024-08-05T06:58:34","guid":{"rendered":"http\/\/www.dentalxangtech.com\/?post_type=product&#038;p=2219"},"modified":"2024-08-12T16:10:40","modified_gmt":"2024-08-12T08:10:40","slug":"intraoral-scanner","status":"publish","type":"product","link":"https:\/\/www.dentalxangtech.com\/it\/product\/intraoral-scanner\/","title":{"rendered":"Scanner intraorale"},"content":{"rendered":"<p><span style=\"font-size: 14pt;\">Lo scanner intraorale XANGTECH \u00e8 stato meticolosamente progettato per ridefinire la precisione e l'efficienza nelle pratiche odontoiatriche, offrendo una serie di caratteristiche che soddisfano le esigenze della moderna odontoiatria. Uno dei punti salienti \u00e8 la capacit\u00e0 di corrispondenza del corpo di scansione, che garantisce l'accuratezza operativa e l'integrazione senza problemi con le impressioni digitali. Questa caratteristica garantisce un adattamento perfetto per i ripristini dentali, riducendo al minimo gli errori e migliorando i risultati del paziente. Il sistema integrato di rapporto sulla salute genera automaticamente rapporti sulla salute completi, fornendo informazioni dettagliate sul paziente; Salute orale. Questa funzionalit\u00e0 non solo aiuta a pianificare il trattamento in modo pi\u00f9 informato, ma migliora anche la comunicazione e la fiducia del paziente. Inoltre, la funzione di controllo dell'occlusione consente una valutazione precisa delle mascelle superiori e inferiori, garantendo rapporti di morso ottimali e funzionalit\u00e0 della protesi dentale.<\/span><br \/>\n<span style=\"font-size: 14pt;\">Le immagini ad alta risoluzione acquisite dallo scanner intraorale possono essere collegate senza problemi ai file del caso, offrendo una documentazione approfondita e facilitando una migliore comunicazione con i colleghi e i laboratori dentali. Lo scanner intraorale&#8217; La selezione autonoma delle aree di scansione consente una cattura dei dati focalizzata ed efficiente, mentre la funzione di blocco della vista aiuta a confermare se tutti i dati necessari sono stati scansionati con precisione, evitando qualsiasi sorveglianza. Progettato per la comodit\u00e0, il nostro scanner intraorale \u00e8 privo di calibrazione, eliminando la necessit\u00e0 di manutenzione regolare e garantendo prestazioni costanti. Il riscaldamento spontaneo e la tecnologia anti-nebbia senza vento garantiscono che lo scanner intraorale rimanga operativo in varie condizioni, fornendo prestazioni ininterrotte e di alta qualit\u00e0. Con la sua completa gamma di funzionalit\u00e0, il nostro scanner intraorale avanzato \u00e8 lo strumento definitivo per migliorare la precisione, l'efficienza e la cura del paziente in qualsiasi studio dentale.<\/span><\/p>\n<p>&nbsp;<\/p>\n<p><span style=\"font-size: 14pt;\"><strong>1. La corrispondenza del corpo di scansione assicura l'accuratezza operativa<\/strong><\/span><br \/>\n<span style=\"font-size: 14pt;\"><strong>Il sistema di rapporto 2.Health genera automaticamente il rapporto sulla salute<\/strong><\/span><br \/>\n<span style=\"font-size: 14pt;\"><strong>Il controllo 3.Occlusion pu\u00f2 controllare le mascelle superiori e inferiori<\/strong><\/span><br \/>\n<span style=\"font-size: 14pt;\"><strong>3. Le immagini ad alta risoluzione possono essere utilizzate come allegati del caso.<\/strong><\/span><br \/>\n<span style=\"font-size: 14pt;\"><strong>4. Selezione autonoma dell'area di scansione<\/strong><\/span><br \/>\n<span style=\"font-size: 14pt;\"><strong>5. View lock aiuta a confermare se i dati vengono scansionati o no.<\/strong><\/span><br \/>\n<span style=\"font-size: 14pt;\"><strong>6.calibrazione libera<\/strong><\/span><br \/>\n<span style=\"font-size: 14pt;\"><strong>riscaldamento 7.spontaneo e anti-nebbia senza vento<\/strong><\/span><\/p>","protected":false},"excerpt":{"rendered":"<p>XANGTECH Intraoral scanner is meticulously designed to redefine precision and efficiency in dental practices, offering a host of features that cater to the needs of modern dentistry. One of the key highlights is the scan body matching capability, which ensures operational accuracy and seamless integration with digital impressions. This feature guarantees a perfect fit for [&hellip;]<\/p>\n","protected":false},"featured_media":2220,"template":"","meta":{"_acf_changed":false},"product_brand":[],"product_cat":[69],"product_tag":[],"class_list":{"0":"post-2219","1":"product","2":"type-product","3":"status-publish","4":"has-post-thumbnail","6":"product_cat-intraoral-scanner","8":"first","9":"instock","10":"shipping-taxable","11":"product-type-simple"},"acf":[],"_links":{"self":[{"href":"https:\/\/www.dentalxangtech.com\/it\/wp-json\/wp\/v2\/product\/2219","targetHints":{"allow":["GET"]}}],"collection":[{"href":"https:\/\/www.dentalxangtech.com\/it\/wp-json\/wp\/v2\/product"}],"about":[{"href":"https:\/\/www.dentalxangtech.com\/it\/wp-json\/wp\/v2\/types\/product"}],"wp:featuredmedia":[{"embeddable":true,"href":"https:\/\/www.dentalxangtech.com\/it\/wp-json\/wp\/v2\/media\/2220"}],"wp:attachment":[{"href":"https:\/\/www.dentalxangtech.com\/it\/wp-json\/wp\/v2\/media?parent=2219"}],"wp:term":[{"taxonomy":"product_brand","embeddable":true,"href":"https:\/\/www.dentalxangtech.com\/it\/wp-json\/wp\/v2\/product_brand?post=2219"},{"taxonomy":"product_cat","embeddable":true,"href":"https:\/\/www.dentalxangtech.com\/it\/wp-json\/wp\/v2\/product_cat?post=2219"},{"taxonomy":"product_tag","embeddable":true,"href":"https:\/\/www.dentalxangtech.com\/it\/wp-json\/wp\/v2\/product_tag?post=2219"}],"curies":[{"name":"WP","href":"https:\/\/api.w.org\/{rel}","templated":true}]}}