{"id":2341,"date":"2024-08-29T17:05:27","date_gmt":"2024-08-29T09:05:27","guid":{"rendered":"http\/\/www.dentalxangtech.com\/?post_type=product&#038;p=2341"},"modified":"2024-08-29T17:07:06","modified_gmt":"2024-08-29T09:07:06","slug":"rx-8y-milling-machine","status":"publish","type":"product","link":"https:\/\/www.dentalxangtech.com\/it\/product\/rx-8y-milling-machine\/","title":{"rendered":"RX-8Y fresatrice"},"content":{"rendered":"<p><span style=\"font-size: 14pt;\">La fresatrice dentale XANGTECH RX-8Y si distingue come una soluzione all'avanguardia nel settore dentale, progettata per soddisfare le esigenti esigenze sia di sedie che di laboratorio. La sua avanzata tecnologia di taglio a 5 assi consente la rettifica di precisione a grande angolo, garantendo un'alta precisione nei complessi restauri dentali. Ci\u00f2 che distingue questa macchina \u00e8 la sua capacit\u00e0 di lavorare fino a 8 materiali diversi contemporaneamente, offrendo una versatilit\u00e0 senza pari per varie applicazioni dentali.<\/span><\/p>\n<p><span style=\"font-size: 14pt;\">L'esperienza utente \u00e8 migliorata con un'interfaccia touch-screen intelligente e aggiornata, che fornisce un funzionamento intuitivo che semplifica il flusso di lavoro, consentendo ai dentisti di concentrarsi su quello che fanno meglio: fornire cure eccellenti. Il sistema integrato di monitoraggio del livello dell'acqua, accoppiato con un sistema di circolazione automatica dell'acqua, garantisce prestazioni costanti mantenendo condizioni di funzionamento ottimali, contribuendo ulteriormente alla macchina; S affidabilit\u00e0. Per i professionisti dentali che cercano una miscela di precisione, velocit\u00e0 e versatilit\u00e0, la fresatrice dentale XANGTECH \u00e8 uno strumento indispensabile, che promette di elevare la qualit\u00e0 del lavoro dentale con le sue caratteristiche all'avanguardia e le sue prestazioni robuste.<\/span><\/p>\n<p><strong><span style=\"font-size: 14pt;\">1. Taglio a 5 assi di collegamento, macinazione fine a grande angolo, adatto per la lavorazione rapida a sedia<\/span><\/strong><br \/>\n<strong><span style=\"font-size: 14pt;\">2. Applicabile a una variet\u00e0 di materiali, pu\u00f2 elaborare vari blocchi di materiale comuni e basi prefabbricate, pu\u00f2 ospitare fino a 8 materiali allo stesso tempo<\/span><\/strong><br \/>\n<strong><span style=\"font-size: 14pt;\">3. Smart grande schermo, funzionamento intelligente touch screen \u00e8 pi\u00f9 conveniente<\/span><\/strong><br \/>\n<strong><span style=\"font-size: 14pt;\">4. Monitoraggio integrato del livello dell'acqua, sistema di circolazione automatica dell'acqua, controllo integrato del livello dell'acqua, alta precisione<\/span><\/strong><\/p>","protected":false},"excerpt":{"rendered":"<p>The XANGTECH dental RX-8Y milling machine stands out as a cutting-edge solution in the dental industry, designed to meet the demanding needs of both chairside and laboratory environments. Its advanced 5-axis linkage cutting technology enables large-angle precision grinding, ensuring high accuracy in complex dental restorations. What sets this machine apart is its capability to process [&hellip;]<\/p>\n","protected":false},"featured_media":2342,"template":"","meta":{"_acf_changed":false},"product_brand":[],"product_cat":[15],"product_tag":[],"class_list":{"0":"post-2341","1":"product","2":"type-product","3":"status-publish","4":"has-post-thumbnail","6":"product_cat-restoration-materials","8":"first","9":"instock","10":"shipping-taxable","11":"product-type-simple"},"acf":[],"_links":{"self":[{"href":"https:\/\/www.dentalxangtech.com\/it\/wp-json\/wp\/v2\/product\/2341","targetHints":{"allow":["GET"]}}],"collection":[{"href":"https:\/\/www.dentalxangtech.com\/it\/wp-json\/wp\/v2\/product"}],"about":[{"href":"https:\/\/www.dentalxangtech.com\/it\/wp-json\/wp\/v2\/types\/product"}],"wp:featuredmedia":[{"embeddable":true,"href":"https:\/\/www.dentalxangtech.com\/it\/wp-json\/wp\/v2\/media\/2342"}],"wp:attachment":[{"href":"https:\/\/www.dentalxangtech.com\/it\/wp-json\/wp\/v2\/media?parent=2341"}],"wp:term":[{"taxonomy":"product_brand","embeddable":true,"href":"https:\/\/www.dentalxangtech.com\/it\/wp-json\/wp\/v2\/product_brand?post=2341"},{"taxonomy":"product_cat","embeddable":true,"href":"https:\/\/www.dentalxangtech.com\/it\/wp-json\/wp\/v2\/product_cat?post=2341"},{"taxonomy":"product_tag","embeddable":true,"href":"https:\/\/www.dentalxangtech.com\/it\/wp-json\/wp\/v2\/product_tag?post=2341"}],"curies":[{"name":"WP","href":"https:\/\/api.w.org\/{rel}","templated":true}]}}