{"id":2699,"date":"2024-10-28T17:24:18","date_gmt":"2024-10-28T09:24:18","guid":{"rendered":"http\/\/www.dentalxangtech.com\/?post_type=product&#038;p=2699"},"modified":"2025-03-29T16:33:15","modified_gmt":"2025-03-29T08:33:15","slug":"dental-titanium-block","status":"publish","type":"product","link":"https:\/\/www.dentalxangtech.com\/it\/product\/dental-titanium-block\/","title":{"rendered":"Blocco di titanio dentale"},"content":{"rendered":"<p>I blocchi di titanio dentale XANGTECH sono per materiali resistenti, biocompatibili e altamente stabili nei restauri dentali. Conosciuti per le loro eccezionali propriet\u00e0 meccaniche, i blocchi dentali in titanio forniscono soluzioni sia per i ripristini protetici che con impianti. I vantaggi intrinseci del titanio, come la resistenza alla corrosione, la composizione leggera e la compatibilit\u00e0 con i tessuti biologici, rendono questi blocchi altamente adatti per una variet\u00e0 di procedure ripristinative, tra cui corone, ponti e strutture impiantali complesse. Grazie alle potenziate capacit\u00e0 di fresatura di precisione, questi blocchi possono essere personalizzati per adattarsi ai singoli pazienti, garantendo il massimo comfort, durata e attrazione estetica. Progettato per resistere ai rigori della masticazione quotidiana, la resistenza e la resistenza del titanio lo rendono particolarmente prezioso per i restauri che soffrono di alto stress. I blocchi di titanio dentali mantengono l'integrit\u00e0 strutturale sotto carichi pesanti, resistendo fratture, usura e deformazione anche dopo anni di uso. Con un livello eccezionalmente alto di biocompatibilit\u00e0, il titanio riduce al minimo il rischio di reazioni avverse, come infiammazioni o risposte allergiche. Ci\u00f2 garantisce comfort e sicurezza per i pazienti, promuovendo l'osseointegrazione di successo negli impianti e aumentando il tasso di successo dei ripristini a lungo termine.<\/p>\n<p>Ideali per corone anteriori e posteriori, i blocchi in titanio offrono durata a lungo termine e eccellente estetica. La loro resistenza e leggerezza li rendono adatti per i ponti, riducendo lo sforzo sui denti di sostegno garantendo al contempo la stabilit\u00e0. E, perfetto per protesi fisse o rimovibili, la biocompatibilit\u00e0 del titanio garantisce un'integrazione sicura con la mandibola, supportando sia l'estetica che la funzione. Inoltre, utile nei restauri a arco completo e multi-unit\u00e0 che richiedono durabilit\u00e0 e precisione per un restauro altamente naturale e funzionale.<\/p>\n<p>I blocchi di titanio hanno enormi vantaggi rispetto ad altri materiali dentali. Il blocco di zirconia, sebbene forte, \u00e8 propenso a spezzarsi o rompersi sotto estrema pressione, soprattutto nei pazienti con bruxismo. Inoltre, nel tempo, pu\u00f2 sviluppare microcrepe che possono compromettere l'integrit\u00e0 strutturale. Il disilicato di litio \u00e8 pi\u00f9 morbido e pi\u00f9 adatto ad applicazioni estetiche a basso stress come gli incisivi piuttosto che alle aree di masticazione ad alta tensione. \u00c8 anche pi\u00f9 propenso all'usura e meno resistente sotto pressioni pesanti o ripetute. Il PMMA, invece, \u00e8 un materiale a base di plastica che manca della resistenza e della resistenza necessarie per soluzioni dentali permanenti ed \u00e8 utilizzato principalmente per i restauri temporanei. Inoltre, \u00e8 suscettibile all'usura e alla colorazione sotto la masticazione frequente, rendendolo inadatto per un uso a lungo termine<\/p>\n<p><strong>1.Suitable per applicazioni dentali a lungo termine<\/strong><\/p>\n<p><strong>2.Non tossico, h<\/strong><strong>ipoallergenico e sicuro per tutti i pazienti<\/strong><\/p>\n<p><strong>3. resistenza alla corrosione superiore e buona resistenza al calore<\/strong><\/p>\n<p><strong>4.Excellent resistenza, biocompatibilit\u00e0 e resistenza alla corrosione<\/strong><\/p>\n<div style=\"width: 800px;\" class=\"wp-video\"><video class=\"wp-video-shortcode\" id=\"video-2699-1\" width=\"800\" height=\"450\" preload=\"metadata\" controls=\"controls\"><source type=\"video\/mp4\" src=\"https:\/\/www.dentalxangtech.com\/wp-content\/uploads\/2024\/10\/titanium-block.mp4?_=1\" \/><a href=\"https:\/\/www.dentalxangtech.com\/wp-content\/uploads\/2024\/10\/titanium-block.mp4\">https:\/\/www.dentalxangtech.com\/wp-content\/uploads\/2024\/10\/titanium-block.mp4<\/a><\/video><\/div>","protected":false},"excerpt":{"rendered":"<p>XANGTECH dental titanium blocks is for durable, biocompatible, and highly stable materials in dental restorations. Known for their exceptional mechanical properties, dental titanium blocks provide solutions for both prosthetic and implant-supported restorations. The inherent benefits of titanium, such as resistance to corrosion, lightweight composition, and compatibility with biological tissue, make these blocks highly suitable for [&hellip;]<\/p>\n","protected":false},"featured_media":3760,"template":"","meta":{"_acf_changed":false},"product_brand":[],"product_cat":[15,46],"product_tag":[],"class_list":{"0":"post-2699","1":"product","2":"type-product","3":"status-publish","4":"has-post-thumbnail","6":"product_cat-restoration-materials","7":"product_cat-titanium-block","9":"first","10":"instock","11":"shipping-taxable","12":"product-type-simple"},"acf":[],"_links":{"self":[{"href":"https:\/\/www.dentalxangtech.com\/it\/wp-json\/wp\/v2\/product\/2699","targetHints":{"allow":["GET"]}}],"collection":[{"href":"https:\/\/www.dentalxangtech.com\/it\/wp-json\/wp\/v2\/product"}],"about":[{"href":"https:\/\/www.dentalxangtech.com\/it\/wp-json\/wp\/v2\/types\/product"}],"wp:featuredmedia":[{"embeddable":true,"href":"https:\/\/www.dentalxangtech.com\/it\/wp-json\/wp\/v2\/media\/3760"}],"wp:attachment":[{"href":"https:\/\/www.dentalxangtech.com\/it\/wp-json\/wp\/v2\/media?parent=2699"}],"wp:term":[{"taxonomy":"product_brand","embeddable":true,"href":"https:\/\/www.dentalxangtech.com\/it\/wp-json\/wp\/v2\/product_brand?post=2699"},{"taxonomy":"product_cat","embeddable":true,"href":"https:\/\/www.dentalxangtech.com\/it\/wp-json\/wp\/v2\/product_cat?post=2699"},{"taxonomy":"product_tag","embeddable":true,"href":"https:\/\/www.dentalxangtech.com\/it\/wp-json\/wp\/v2\/product_tag?post=2699"}],"curies":[{"name":"WP","href":"https:\/\/api.w.org\/{rel}","templated":true}]}}