{"id":2787,"date":"2024-11-09T17:09:03","date_gmt":"2024-11-09T09:09:03","guid":{"rendered":"http\/\/www.dentalxangtech.com\/?post_type=product&#038;p=2787"},"modified":"2024-11-09T17:09:03","modified_gmt":"2024-11-09T09:09:03","slug":"sirona-cerec-ht-plus-white-dental-zirconia-block","status":"publish","type":"product","link":"https:\/\/www.dentalxangtech.com\/it\/product\/sirona-cerec-ht-plus-white-dental-zirconia-block\/","title":{"rendered":"Blocco di zirconia dentale Sirona Cerec HT Plus bianco"},"content":{"rendered":"<p>Il blocco di zirconia dentale XANGTECH Sirona Cerec HT Plus White \u00e8 realizzato per una durata superiore, un appello estetico e una precisione, rendendolo una scelta eccezionale sia per i professionisti dentali che per i pazienti in cerca di ripristini affidabili e di alta qualit\u00e0. Questi blocchi sono specificamente progettati con un alto grado di resistenza alle macchie, garantendo che i restauri dentali mantengano il loro aspetto naturale nel tempo, anche con una regolare esposizione a cibo e bevande. Questo \u00e8 particolarmente utile per i pazienti che cercano di evitare il problema comune di decolorazione che pu\u00f2 influenzare altri materiali dentali. Fabbricati utilizzando avanzata tecnologia di pressatura isostatica a freddo, i nostri blocchi di zirconia Sirona Cerec HT Plus White possiedono una struttura densa e resistente che supporta una durata di servizio prolungata. Questo processo migliora la stabilit\u00e0 interna e la resistenza del materiale, permettendogli di resistere meglio all'usura quotidiana, rendendolo una soluzione affidabile per i pazienti che necessitano di ripristini duraturi e a lungo termine. I blocchi vantano anche un impressionante rapporto resistenza-peso, rendendoli ideali per pazienti con esigenze particolari di resistenza, come quelli con bruxismo o quelli che hanno bisogno di un supporto robusto per corone molari o ponti.<\/p>\n<p>Con un profilo di resistenza superiore, \u00e8 ideale per i pazienti con esigenze di resistenza speciali, come quelli che soffrono di bruxismo (macinazione dei denti) o richiedono robusti ripristini nella regione posteriore dove le forze di morso sono pi\u00f9 elevate. Mentre molti blocchi di zirconia offrono alta resistenza, le sue propriet\u00e0 di resistenza vanno oltre per soddisfare esigenze specifiche per una maggiore durata e supporto, superando molti blocchi di zirconia standard in casi difficili. Questo&#8217; s shape \u00e8 progettato per una compatibilit\u00e0 ottimale con le fresatrici dentali Sirona ad alta velocit\u00e0, consentendo una lavorazione pi\u00f9 rapida ed efficiente. Questo vantaggio \u00e8 particolarmente utile in laboratori e cliniche dentali ad alta domanda, dove il tempo di svolta \u00e8 essenziale. Fresando pi\u00f9 facilmente e con meno usura sulle borse di fresatura, questi blocchi aiutano a ridurre i costi e i tempi di lavorazione complessivi, rendendolo una scelta pi\u00f9 efficiente rispetto ad altri blocchi di zirconia che possono richiedere pi\u00f9 tempo o richiedere passaggi aggiuntivi.<\/p>","protected":false},"excerpt":{"rendered":"<p>XANGTECH Sirona Cerec HT Plus White dental zirconia block is crafted for superior durability, aesthetic appeal, and precision, making it an exceptional choice for both dental professionals and patients seeking reliable, high-quality restorations. These blocks are specifically designed with a high degree of stain resistance, ensuring that dental restorations maintain their natural appearance over time, [&hellip;]<\/p>\n","protected":false},"featured_media":2788,"template":"","meta":{"_acf_changed":false},"product_brand":[],"product_cat":[53],"product_tag":[],"class_list":{"0":"post-2787","1":"product","2":"type-product","3":"status-publish","4":"has-post-thumbnail","6":"product_cat-white-zirconia-block","8":"first","9":"instock","10":"shipping-taxable","11":"product-type-simple"},"acf":[],"_links":{"self":[{"href":"https:\/\/www.dentalxangtech.com\/it\/wp-json\/wp\/v2\/product\/2787","targetHints":{"allow":["GET"]}}],"collection":[{"href":"https:\/\/www.dentalxangtech.com\/it\/wp-json\/wp\/v2\/product"}],"about":[{"href":"https:\/\/www.dentalxangtech.com\/it\/wp-json\/wp\/v2\/types\/product"}],"wp:featuredmedia":[{"embeddable":true,"href":"https:\/\/www.dentalxangtech.com\/it\/wp-json\/wp\/v2\/media\/2788"}],"wp:attachment":[{"href":"https:\/\/www.dentalxangtech.com\/it\/wp-json\/wp\/v2\/media?parent=2787"}],"wp:term":[{"taxonomy":"product_brand","embeddable":true,"href":"https:\/\/www.dentalxangtech.com\/it\/wp-json\/wp\/v2\/product_brand?post=2787"},{"taxonomy":"product_cat","embeddable":true,"href":"https:\/\/www.dentalxangtech.com\/it\/wp-json\/wp\/v2\/product_cat?post=2787"},{"taxonomy":"product_tag","embeddable":true,"href":"https:\/\/www.dentalxangtech.com\/it\/wp-json\/wp\/v2\/product_tag?post=2787"}],"curies":[{"name":"WP","href":"https:\/\/api.w.org\/{rel}","templated":true}]}}