{"id":2835,"date":"2024-11-14T10:46:22","date_gmt":"2024-11-14T02:46:22","guid":{"rendered":"http\/\/www.dentalxangtech.com\/product\/sirona-cerec-ht-plus-white-dental-zirconia-block-2\/"},"modified":"2024-11-15T17:37:37","modified_gmt":"2024-11-15T09:37:37","slug":"sirona-cerec-3d-pro-zirconia-block","status":"publish","type":"product","link":"https:\/\/www.dentalxangtech.com\/it\/product\/sirona-cerec-3d-pro-zirconia-block\/","title":{"rendered":"Blocco di zirconia Sirona Cerec 3D Pro"},"content":{"rendered":"<p>XANGTECH&#8217; s Il blocco Sirona Cerec 3D Pro in zirconia rappresenta un nuovo standard nei materiali dentali restaurativi, realizzati per i medici che cercano risultati di alta qualit\u00e0 con la massima efficienza. Grazie alla sua innovativa tecnologia multistrato 3D, il blocco offre un gradiente naturale di traslucenza e colore che riflette l'aspetto di denti veri, ottenendo un'estetica straordinariamente realistica. Ogni strato all\u2019interno del blocco di zirconia \u00e8 progettato per riflettere le variazioni naturali di colore presenti nello smalto e nella dentina, consentendo ai dentisti di creare ripristini che si integrano perfettamente nel sorriso del paziente. Costruito con zirconia ad alta resistenza, \u00e8 eccezionalmente resistente, rendendolo ideale sia per corone a singola unit\u00e0 che per protesi pi\u00f9 grandi a pi\u00f9 unit\u00e0 come ponti. La resistenza del materiale garantisce che possa resistere all\u2019usura quotidiana mantenendo nel tempo il suo colore e la sua traslucenza, aumentando la soddisfazione del paziente e la fiducia nella qualit\u00e0 della loro cura dentale. La sua compatibilit\u00e0 con i sistemi CAD\/CAM di Sirona lo distingue ulteriormente come uno strumento potente per semplificare i flussi di lavoro nelle moderne pratiche dentali. Integrandosi con il sistema, il blocco di zirconia 3D Pro consente una fresatura efficiente sul sedile, che pu\u00f2 ridurre la necessit\u00e0 di visite multiple al paziente e consentire in molti casi il restauro nello stesso giorno. Questa soluzione che risparmia tempo fornisce ai dentisti e ai tecnici dentali la precisione necessaria per i casi complessi, offrendo ai pazienti un'esperienza pi\u00f9 rapida e confortevole.<\/p>\n<p>A differenza della tradizionale zirconia, offre una traslucidit\u00e0 adattiva che migliora la diffusione della luce per una luminosit\u00e0 notevolmente realistica. Questa propriet\u00e0 unica consente i restauri che catturano e riflettono la luce in modo naturale, particolarmente benefico per i restauri anteriori dove l'estetica \u00e8 cruciale. Cosa&#8217; Grazie alla sua raffinata composizione di particelle, questo blocco di zirconia \u00e8 progettato per essere delicato sulla dentizione opposta, riducendo l'usura mantenendo la propria durata. Questa caratteristica supporta la salute orale a lungo termine preservando i denti naturali circostanti, rendendola una scelta eccellente per le riabilitazioni a bocca completa. Offre una bassa conduttivit\u00e0 termica, che riduce al minimo la sensibilit\u00e0 alla temperatura per i pazienti una volta installato il restauro. Questo attributo rende il blocco particolarmente comodo per i pazienti che altrimenti potrebbero provare disagio con cibi e bevande caldi o freddi. E, con una struttura superficiale appositamente ottimizzata, aiuta a garantire che i restauri rimangano in sicurezza, anche in aree ad alto carico, offrendo ai pazienti fiducia nella longevit\u00e0 del loro lavoro dentale. Grazie a un tasso di restringimento impressionantemente basso durante la sinterizzazione, mantiene la sua precisione dimensionale, che si traduce in una migliore adattatura iniziale e risultati pi\u00f9 prevedibili. Questa consistenza pu\u00f2 ridurre la necessit\u00e0 di regolazioni e aiutare i pazienti a godere di un'esperienza di montaggio pi\u00f9 rapida e confortevole.<\/p>","protected":false},"excerpt":{"rendered":"<p>XANGTECH&#8217;s Sirona Cerec 3D Pro zirconia block represents a new standard in restorative dental materials, crafted for clinicians who seek high-quality outcomes with maximum efficiency. With its innovative 3D multilayer technology, the block offers a natural gradient in translucency and color that mirrors the appearance of real teeth, achieving a remarkably lifelike esthetic. Each layer [&hellip;]<\/p>\n","protected":false},"featured_media":2844,"template":"","meta":{"_acf_changed":false},"product_brand":[],"product_cat":[43],"product_tag":[],"class_list":{"0":"post-2835","1":"product","2":"type-product","3":"status-publish","4":"has-post-thumbnail","6":"product_cat-zirconia-block","8":"first","9":"instock","10":"shipping-taxable","11":"product-type-simple"},"acf":[],"_links":{"self":[{"href":"https:\/\/www.dentalxangtech.com\/it\/wp-json\/wp\/v2\/product\/2835","targetHints":{"allow":["GET"]}}],"collection":[{"href":"https:\/\/www.dentalxangtech.com\/it\/wp-json\/wp\/v2\/product"}],"about":[{"href":"https:\/\/www.dentalxangtech.com\/it\/wp-json\/wp\/v2\/types\/product"}],"wp:featuredmedia":[{"embeddable":true,"href":"https:\/\/www.dentalxangtech.com\/it\/wp-json\/wp\/v2\/media\/2844"}],"wp:attachment":[{"href":"https:\/\/www.dentalxangtech.com\/it\/wp-json\/wp\/v2\/media?parent=2835"}],"wp:term":[{"taxonomy":"product_brand","embeddable":true,"href":"https:\/\/www.dentalxangtech.com\/it\/wp-json\/wp\/v2\/product_brand?post=2835"},{"taxonomy":"product_cat","embeddable":true,"href":"https:\/\/www.dentalxangtech.com\/it\/wp-json\/wp\/v2\/product_cat?post=2835"},{"taxonomy":"product_tag","embeddable":true,"href":"https:\/\/www.dentalxangtech.com\/it\/wp-json\/wp\/v2\/product_tag?post=2835"}],"curies":[{"name":"WP","href":"https:\/\/api.w.org\/{rel}","templated":true}]}}