{"id":2850,"date":"2024-11-15T11:29:02","date_gmt":"2024-11-15T03:29:02","guid":{"rendered":"http\/\/www.dentalxangtech.com\/product\/sirona-cerec-ht-plus-white-dental-zirconia-block-2-2\/"},"modified":"2024-11-15T17:59:56","modified_gmt":"2024-11-15T09:59:56","slug":"sirona-cerec-sht-multilayer-zirconia-block","status":"publish","type":"product","link":"https:\/\/www.dentalxangtech.com\/it\/product\/sirona-cerec-sht-multilayer-zirconia-block\/","title":{"rendered":"Blocco di zirconia multistrato Sirona Cerec SHT"},"content":{"rendered":"<p>XANGTECH&#8217; s Sirona Cerec SHT \u00e8 un materiale all'avanguardia progettato per soddisfare la crescente domanda di ripristini dentali di alta qualit\u00e0 e di aspetto naturale che danno priorit\u00e0 sia alla durabilit\u00e0 che all'estetica. Grazie alla tecnologia avanzata Super High Translucency (SHT), questi blocchi di zirconia replicano le complesse transizioni di colore presenti nei denti naturali, offrendo un gradiente a pi\u00f9 strati che passa senza problemi da un nucleo denso a una superficie altamente traslucida come lo smalto. Questo design innovativo non solo ottiene risultati realistici eccezionali, ma riduce anche la necessit\u00e0 di ombreggiatura e colorazione aggiuntive, risparmiando tempo e aumentando l'efficienza nel laboratorio o nella clinica dentale. Sviluppato per una serie di ripristini dentali, tra cui corone, ponti e strutture supportate da impianti, fornisce la resistenza e la resilienza necessarie sia per applicazioni anteriori che posteriori. I blocchi mantengono un\u2019eccezionale resistenza alle fratture, garantendo ripristini in grado di resistere alle pressioni dell\u2019usura quotidiana senza compromettere l\u2019estetica. Inoltre, le propriet\u00e0 di traslucidit\u00e0 del materiale e i gradienti di colore naturali minimizzano il rischio di decolorazione, migliorando la longevit\u00e0 e l\u2019attrattivit\u00e0 di ogni restauro. Combinando facilit\u00e0 d'uso con alta precisione, si allinea ai moderni flussi di lavoro digitali. Questa compatibilit\u00e0 consente a dentisti e tecnici di progettare e produrre ripristini in modo semplificato ed economicamente efficace, fornendo risultati prevedibili e bellissimi che soddisfano gli standard esigenti dei pazienti. Con esso, i dentisti possono fornire con fiducia ripristini che elevano sia la funzione che l\u2019estetica, garantendo soddisfazione del paziente e prestazioni di lunga durata.<\/p>\n<p>Si distingue da altri tipi di blocchi di zirconia attraverso la sua miscela unica di transizioni di colore a pi\u00f9 strati, traslucidit\u00e0 e resistenza intrinseca. A differenza dei blocchi standard di zirconia, che spesso si basano su colorazioni o stratificazioni aggiuntive per ottenere un aspetto realistico, \u00e8 realizzato con strati pre-ombreggiati che riflettono la progressione naturale del colore della dentina allo smalto. Questo gradiente di colore accuratamente calibrato elimina la necessit\u00e0 di passaggi extra per aggiungere profondit\u00e0 e tono, rendendo il processo di fabbricazione pi\u00f9 veloce, pi\u00f9 efficiente e pi\u00f9 affidabile. Per i tecnici dentali e clinici, questa funzione riduce il tempo e semplifica il flusso di lavoro, garantendo al contempo che ogni ripristino raggiunga un risultato costantemente di alta qualit\u00e0 e realistico. Molti blocchi di zirconia sul mercato tendono a compromessi tra resistenza e traslucenza, con opzioni tipicamente inclinati verso una resistenza pi\u00f9 alta ma con il risultato di una finitura pi\u00f9 opaca e meno estetica, o la scelta di una traslucenza migliorata che pu\u00f2 indebolire la durata. \u00c8 progettato per risolvere questo problema raggiungendo un equilibrio che migliora entrambi gli attributi. Grazie alla sua tecnologia Super High Translucency (SHT), fornisce un livello naturale di traslucenza senza sacrificare la resistenza alle fratture richiesta per i ripristini in aree di alta tensione della bocca, come molari e ponti. Questa doppia capacit\u00e0 significa che il materiale pu\u00f2 essere utilizzato con fiducia per i restauri anteriori, dove l'estetica \u00e8 cruciale, nonch\u00e9 in applicazioni posteriori, dove la durabilit\u00e0 \u00e8 fondamentale. Inoltre, semplifica i processi di progettazione e fresatura, rendendo pi\u00f9 facile per i professionisti dentali di fabbricare restaurazioni precise e belle riducendo i costi e i tempi di lavorazione. L'IT offre quindi un vantaggio senza paragoni rispetto alle opzioni di zirconia convenzionali, consentendo ai laboratori dentali e alle cliniche di fornire restaurazioni che non solo aumentano la fiducia del paziente con un'estetica naturale, ma garantiscono anche la soddisfazione a lungo termine con restaurazioni costruite per sopportare l'usura quotidiana.<\/p>","protected":false},"excerpt":{"rendered":"<p>XANGTECH&#8217;s Sirona Cerec SHT multilayer zirconia block is a cutting-edge material designed to meet the growing demand for high-quality, natural-looking dental restorations that prioritize both durability and aesthetics. With advanced Super High Translucency (SHT) technology, these zirconia blocks replicate the complex color transitions found in natural teeth, offering a multilayered gradient that smoothly shifts from [&hellip;]<\/p>\n","protected":false},"featured_media":2869,"template":"","meta":{"_acf_changed":false},"product_brand":[],"product_cat":[43],"product_tag":[],"class_list":{"0":"post-2850","1":"product","2":"type-product","3":"status-publish","4":"has-post-thumbnail","6":"product_cat-zirconia-block","8":"first","9":"instock","10":"shipping-taxable","11":"product-type-simple"},"acf":[],"_links":{"self":[{"href":"https:\/\/www.dentalxangtech.com\/it\/wp-json\/wp\/v2\/product\/2850","targetHints":{"allow":["GET"]}}],"collection":[{"href":"https:\/\/www.dentalxangtech.com\/it\/wp-json\/wp\/v2\/product"}],"about":[{"href":"https:\/\/www.dentalxangtech.com\/it\/wp-json\/wp\/v2\/types\/product"}],"wp:featuredmedia":[{"embeddable":true,"href":"https:\/\/www.dentalxangtech.com\/it\/wp-json\/wp\/v2\/media\/2869"}],"wp:attachment":[{"href":"https:\/\/www.dentalxangtech.com\/it\/wp-json\/wp\/v2\/media?parent=2850"}],"wp:term":[{"taxonomy":"product_brand","embeddable":true,"href":"https:\/\/www.dentalxangtech.com\/it\/wp-json\/wp\/v2\/product_brand?post=2850"},{"taxonomy":"product_cat","embeddable":true,"href":"https:\/\/www.dentalxangtech.com\/it\/wp-json\/wp\/v2\/product_cat?post=2850"},{"taxonomy":"product_tag","embeddable":true,"href":"https:\/\/www.dentalxangtech.com\/it\/wp-json\/wp\/v2\/product_tag?post=2850"}],"curies":[{"name":"WP","href":"https:\/\/api.w.org\/{rel}","templated":true}]}}