{"id":2870,"date":"2024-11-15T14:00:50","date_gmt":"2024-11-15T06:00:50","guid":{"rendered":"http\/\/www.dentalxangtech.com\/product\/intraoral-scanner-2\/"},"modified":"2024-11-18T08:50:04","modified_gmt":"2024-11-18T00:50:04","slug":"vacuum-cleaner","status":"publish","type":"product","link":"https:\/\/www.dentalxangtech.com\/it\/product\/vacuum-cleaner\/","title":{"rendered":"Aspirapolvere"},"content":{"rendered":"<p>XANGTECH&#8217; L'aspirapolvere s \u00e8 una soluzione potente e intelligente su misura per soddisfare i rigorosi requisiti di pulizia dei laboratori dentali e degli ambienti di produzione di precisione. La sua avanzata capacit\u00e0 di collegamento intelligente consente una connettivit\u00e0 senza soluzioni di continuit\u00e0 con i torni in zirconia, garantendo la rimozione automatica di polvere e particelle con un innovativo sistema di rimozione della polvere a impulso. Questa connessione intelligente non solo migliora la pulizia dello spazio di lavoro, ma supporta anche l'efficienza e la longevit\u00e0 della macchina evitando l'accumulo di detriti su componenti delicati. Dotato di un motore senza spazzole ad alta potenza e di un efficiente sistema di ventilazione, offre una resistenza di aspirazione eccezionale in grado di catturare anche le particelle pi\u00f9 fine. Questa potente aspirazione, combinata con un forte flusso d'aria, garantisce una pulizia accurata in un unico passaggio, gestindo efficacemente l'alta emissione di polvere comune nella lavorazione dello zirconio e in altri compiti dentali o di laboratorio. La velocit\u00e0 del vento pu\u00f2 essere regolata facilmente utilizzando un pulsante di rotazione manuale, consentendo agli utenti di regolare il livello di aspirazione al proprio compito specifico, sia che si tratti di una pulizia leggera che di una rimozione intensa della polvere. Una caratteristica distintiva dell'aspirapolvere XANGTECH \u00e8 il suo funzionamento a basso rumore. Questa funzionalit\u00e0 ultra-silenziosa \u00e8 ideale per un uso prolungato in ambienti dove la concentrazione e i disturbi minimi sono critici, offrendo uno spazio di lavoro pi\u00f9 confortevole e silenzioso rispetto ai tradizionali aspiratori ad alta potenza. Costruito con prestazioni e facilit\u00e0 d'uso in mente, combina tecnologia intelligente, potenza robusta e design pensato per supportare le esigenti esigenze dei moderni laboratori dentali e strutture industriali, fornendo un ambiente pi\u00f9 pulito e aiutando le attrezzature a funzionare al massimo dell'efficienza.<\/p>\n<p>L'aspirapolvere XANGTECH \u00e8 progettato per prestazioni potenti e flessibili, in grado di aspirare contemporaneamente due fresatrici, rendendolo una scelta eccezionale per laboratori dentali occupati e ambienti di produzione che operano pi\u00f9 macchine. Questa caratteristica unica a doppia capacit\u00e0 consente al vuoto di gestire in modo efficiente polvere e detriti da due torni in zirconia contemporaneamente, migliorando significativamente la produttivit\u00e0 e mantenendo uno spazio di lavoro pi\u00f9 pulito e sicuro senza la necessit\u00e0 di attrezzature di pulizia aggiuntive. La sua tecnologia di collegamento intelligente si collega senza problemi a pi\u00f9 macchine, avviando automaticamente la rimozione della polvere impulsiva per mantenere superfici e componenti liberi dall'accumulo di particelle, che \u00e8 essenziale per mantenere l'accuratezza e l'efficienza delle operazioni di fresatura. Con un motore senza spazzole ad alta potenza e un ventilatore ad alta efficienza, il vuoto fornisce una robusta resistenza all'aspirazione, catturando efficacemente polvere e particelle da entrambe le macchine senza alcun compromesso sulle prestazioni.<\/p>\n<p><strong>rimozione della polvere di impulso 1.intelligent linkage.automatic, intelligentemente collegato ai torni di zirconia<\/strong><\/p>\n<p><strong>2.string motore senza spazzole di aspirazione force.brushless, ventilatore ad alta efficienza forti venti e forte aspirazione<\/strong><\/p>\n<p><strong>3.rotate button.manually ruotare il pulsante per regolare liberamente la velocit\u00e0 del vento<\/strong><\/p>\n<p><strong>4.low noise.low rumore di lavoro con un livello di rumore inferiore a 48 decibel<\/strong><\/p>","protected":false},"excerpt":{"rendered":"<p>XANGTECH&#8217;s vacuum cleaner is a powerful, intelligent solution tailored to meet the rigorous cleaning requirements of dental labs and precision manufacturing environments. Its advanced intelligent linkage capability enables seamless connectivity with zirconia lathes, ensuring that dust and particles are automatically removed with an innovative pulse dust removal system. This intelligent connection not only improves the [&hellip;]<\/p>\n","protected":false},"featured_media":2875,"template":"","meta":{"_acf_changed":false},"product_brand":[],"product_cat":[15],"product_tag":[],"class_list":{"0":"post-2870","1":"product","2":"type-product","3":"status-publish","4":"has-post-thumbnail","6":"product_cat-restoration-materials","8":"first","9":"instock","10":"shipping-taxable","11":"product-type-simple"},"acf":[],"_links":{"self":[{"href":"https:\/\/www.dentalxangtech.com\/it\/wp-json\/wp\/v2\/product\/2870","targetHints":{"allow":["GET"]}}],"collection":[{"href":"https:\/\/www.dentalxangtech.com\/it\/wp-json\/wp\/v2\/product"}],"about":[{"href":"https:\/\/www.dentalxangtech.com\/it\/wp-json\/wp\/v2\/types\/product"}],"wp:featuredmedia":[{"embeddable":true,"href":"https:\/\/www.dentalxangtech.com\/it\/wp-json\/wp\/v2\/media\/2875"}],"wp:attachment":[{"href":"https:\/\/www.dentalxangtech.com\/it\/wp-json\/wp\/v2\/media?parent=2870"}],"wp:term":[{"taxonomy":"product_brand","embeddable":true,"href":"https:\/\/www.dentalxangtech.com\/it\/wp-json\/wp\/v2\/product_brand?post=2870"},{"taxonomy":"product_cat","embeddable":true,"href":"https:\/\/www.dentalxangtech.com\/it\/wp-json\/wp\/v2\/product_cat?post=2870"},{"taxonomy":"product_tag","embeddable":true,"href":"https:\/\/www.dentalxangtech.com\/it\/wp-json\/wp\/v2\/product_tag?post=2870"}],"curies":[{"name":"WP","href":"https:\/\/api.w.org\/{rel}","templated":true}]}}