{"id":3009,"date":"2024-11-21T11:48:08","date_gmt":"2024-11-21T03:48:08","guid":{"rendered":"http\/\/www.dentalxangtech.com\/?post_type=product&#038;p=3009"},"modified":"2024-11-26T15:17:20","modified_gmt":"2024-11-26T07:17:20","slug":"super-translucent-plus-white-zirconia-block","status":"publish","type":"product","link":"https:\/\/www.dentalxangtech.com\/it\/product\/super-translucent-plus-white-zirconia-block\/","title":{"rendered":"Blocco di Zirconia Super Translucente Plus Bianco"},"content":{"rendered":"<p><span style=\"font-family: arial, helvetica, sans-serif; font-size: 12pt;\">I blocchi di zirconia super traslucida e bianca di XANGTECH sono sapientemente progettati per imitare il colore naturale e la traslucidit\u00e0 dei denti, rendendoli una scelta preferita nei laboratori dentali in tutto il mondo. Realizzati utilizzando tecniche avanzate di lavorazione delle materie prime e di produzione all'avanguardia, questi blocchi offrono una trasparenza senza pari rispetto ai materiali dentali tradizionali, garantendo un'estetica realistica nei restauri interamente in ceramica. Questi blocchi di zirconia vantano eccellente compatibilit\u00e0 e conduttivit\u00e0 termica ultrabassa, fornendo prestazioni affidabili in varie applicazioni. Migliorati dalla tecnologia di pre-sinterizzazione all'avanguardia e dalla pressatura isostatica a freddo, presentano una durezza moderata per un taglio preciso e senza sforzo, rendendoli ideali per la creazione di corone, ponti e altre protesi dentali. Progettato per ripristinare la forma, la funzione e la bellezza dei denti, combina alta resistenza e durata con una traslucidit\u00e0 migliorata, ottenendo un aspetto pi\u00f9 vicino ai denti naturali. Fidati di XANGTECH per i restauri che offrono qualit\u00e0 eccezionale, estetica e affidabilit\u00e0.<\/span><\/p>\n<p><span style=\"font-family: arial, helvetica, sans-serif; font-size: 12pt;\">Si distingue dagli altri blocchi di zirconia offrendo una combinazione eccezionale di traslucidit\u00e0 migliorata, resistenza superiore e capacit\u00e0 di elaborazione avanzate. A differenza della tradizionale zirconia, che spesso d\u00e0 priorit\u00e0 sia alla resistenza che alla trasparenza, questo blocco raggiunge un equilibrio ottimale, offrendo sia durabilit\u00e0 che estetica realistica che imitano da vicino l'aspetto dei denti naturali. La sua traslucenza superiore riduce l'aspetto denso e opaco tipico dei vecchi materiali in zirconia, rendendolo una scelta ideale per corone anteriori, impiallacciature e altri restauri dove la trasmissione naturale della luce \u00e8 essenziale. Oltre all'estetica, i blocchi di zirconia di XANGTECH forniscono eccellenti propriet\u00e0 meccaniche, tra cui alta resistenza e durezza moderata, garantendo un taglio preciso ed efficiente durante la fabbricazione. I blocchi sono fabbricati utilizzando tecnologia di pre-sinterizzazione all'avanguardia e pressatura isostatica a freddo, con conseguente densit\u00e0 uniforme e qualit\u00e0 costante, superando la zirconia tradizionale per prestazioni e facilit\u00e0 d'uso. Con una conduttivit\u00e0 termica ultrabassa per migliorare il comfort del paziente e la biocompatibilit\u00e0 per applicazioni dentali sicure e a lungo termine, offrono un livello di affidabilit\u00e0 di cui i professionisti possono fidarsi. <\/span><\/p>\n<ol>\n<li><strong>Personalizzabile per corrispondere al colore dei denti umani il pi\u00f9 vicino possibile<\/strong><\/li>\n<li><strong>Trasparenza superiore<\/strong><\/li>\n<li><strong>Ampiamente applicabile a tutti i sistemi CAD CAM<\/strong><\/li>\n<li><strong>Non irritante, affidabile<\/strong><\/li>\n<\/ol>","protected":false},"excerpt":{"rendered":"<p>XANGTECH\u2019s super translucent plus white zirconia blocks are expertly engineered to mimic the natural color and translucency of teeth, making them a preferred choice in dental laboratories worldwide. Crafted using advanced raw material processing and cutting-edge manufacturing techniques, these blocks offer unparalleled transparency compared to traditional dental materials, ensuring lifelike aesthetics in all-ceramic restorations. These [&hellip;]<\/p>\n","protected":false},"featured_media":3010,"template":"","meta":{"_acf_changed":false},"product_brand":[],"product_cat":[53],"product_tag":[],"class_list":{"0":"post-3009","1":"product","2":"type-product","3":"status-publish","4":"has-post-thumbnail","6":"product_cat-white-zirconia-block","8":"first","9":"instock","10":"shipping-taxable","11":"product-type-simple"},"acf":[],"_links":{"self":[{"href":"https:\/\/www.dentalxangtech.com\/it\/wp-json\/wp\/v2\/product\/3009","targetHints":{"allow":["GET"]}}],"collection":[{"href":"https:\/\/www.dentalxangtech.com\/it\/wp-json\/wp\/v2\/product"}],"about":[{"href":"https:\/\/www.dentalxangtech.com\/it\/wp-json\/wp\/v2\/types\/product"}],"wp:featuredmedia":[{"embeddable":true,"href":"https:\/\/www.dentalxangtech.com\/it\/wp-json\/wp\/v2\/media\/3010"}],"wp:attachment":[{"href":"https:\/\/www.dentalxangtech.com\/it\/wp-json\/wp\/v2\/media?parent=3009"}],"wp:term":[{"taxonomy":"product_brand","embeddable":true,"href":"https:\/\/www.dentalxangtech.com\/it\/wp-json\/wp\/v2\/product_brand?post=3009"},{"taxonomy":"product_cat","embeddable":true,"href":"https:\/\/www.dentalxangtech.com\/it\/wp-json\/wp\/v2\/product_cat?post=3009"},{"taxonomy":"product_tag","embeddable":true,"href":"https:\/\/www.dentalxangtech.com\/it\/wp-json\/wp\/v2\/product_tag?post=3009"}],"curies":[{"name":"WP","href":"https:\/\/api.w.org\/{rel}","templated":true}]}}