{"id":3160,"date":"2024-11-27T14:56:20","date_gmt":"2024-11-27T06:56:20","guid":{"rendered":"http\/\/www.dentalxangtech.com\/?post_type=product&#038;p=3160"},"modified":"2024-12-24T15:32:24","modified_gmt":"2024-12-24T07:32:24","slug":"unshaded-3d-pro-multilayer-zirconia-block","status":"publish","type":"product","link":"https:\/\/www.dentalxangtech.com\/it\/product\/unshaded-3d-pro-multilayer-zirconia-block\/","title":{"rendered":"Blocco di zirconia multistrato 3D Pro senza ombra"},"content":{"rendered":"<p><span style=\"font-family: arial, helvetica, sans-serif; font-size: 14pt;\">Il blocco di zirconia 3D non ombreggiato ha alta resistenza e pu\u00f2 resistere a varie tensioni come le forze di morso in bocca. Le sue propriet\u00e0 di alta resistenza lo rendono una buona stabilit\u00e0 e affidabilit\u00e0 quando utilizzato come materiale di ripristino dentale. Anche se la zirconia non ombreggiata ha un certo aspetto bianco, la sua estetica \u00e8 relativamente bassa rispetto al colore dei denti naturali. In alcuni pazienti con elevate esigenze estetiche, il trattamento di colorazione pu\u00f2 essere necessario per corrispondere meglio al colore dei denti circostanti.<\/span><\/p>\n<p><span style=\"font-family: arial, helvetica, sans-serif; font-size: 14pt;\">Il blocco di zirconia 3D non ombreggiato \u00e8 paragonabile al blocco di zirconia colorato in forza e il blocco di zirconia 3D non ombreggiato ha una stabilit\u00e0 simile al blocco di zirconia colorato nelle propriet\u00e0 fisiche e chimiche di base. Anche se i blocchi di zirconia 3D non colorati hanno un basso grado di corrispondenza con il colore dei denti naturali a causa del loro unico colore, la colorazione pu\u00f2 rendere il colore del blocco di zirconia pi\u00f9 vicino ai denti naturali, migliorando cos\u00ec l'effetto estetico dopo il restauro. Ad esempio, introducendo un fluido colorante, il colore dei blocchi di zirconio pu\u00f2 essere molto vicino al colore dei denti naturali.<\/span><\/p>\n<p><span style=\"font-family: arial, helvetica, sans-serif; font-size: 14pt;\">La zirconia 3D incolore ha un importante valore applicativo nel restauro dentale. Sebbene la sua estetica sia relativamente bassa, \u00e8 paragonabile alla zirconia colorata nella stabilit\u00e0 delle prestazioni e presenta anche vantaggi in alcuni aspetti.<\/span><\/p>\n<ol>\n<li><span style=\"font-size: 14pt; font-family: arial, helvetica, sans-serif;\">Materie prime di alta qualit\u00e0<\/span><\/li>\n<li><span style=\"font-size: 14pt; font-family: arial, helvetica, sans-serif;\">Resistenza eccezionale all'invecchiamento<\/span><\/li>\n<li><span style=\"font-size: 14pt; font-family: arial, helvetica, sans-serif;\">Stabilit\u00e0 di carico di frattura superiore<\/span><\/li>\n<\/ol>","protected":false},"excerpt":{"rendered":"<p>Unshaded 3D zirconia block has high strength and can withstand various stresses such as bite forces in the mouth. Its high strength properties make it have good stability and reliability when used as a dental restoration material. Although unshaded zirconia itself has a certain white appearance, its aesthetics is relatively low compared to the color [&hellip;]<\/p>\n","protected":false},"featured_media":3161,"template":"","meta":{"_acf_changed":false},"product_brand":[],"product_cat":[51],"product_tag":[],"class_list":{"0":"post-3160","1":"product","2":"type-product","3":"status-publish","4":"has-post-thumbnail","6":"product_cat-multilayer-zirconia-blcok","8":"first","9":"instock","10":"shipping-taxable","11":"product-type-simple"},"acf":[],"_links":{"self":[{"href":"https:\/\/www.dentalxangtech.com\/it\/wp-json\/wp\/v2\/product\/3160","targetHints":{"allow":["GET"]}}],"collection":[{"href":"https:\/\/www.dentalxangtech.com\/it\/wp-json\/wp\/v2\/product"}],"about":[{"href":"https:\/\/www.dentalxangtech.com\/it\/wp-json\/wp\/v2\/types\/product"}],"wp:featuredmedia":[{"embeddable":true,"href":"https:\/\/www.dentalxangtech.com\/it\/wp-json\/wp\/v2\/media\/3161"}],"wp:attachment":[{"href":"https:\/\/www.dentalxangtech.com\/it\/wp-json\/wp\/v2\/media?parent=3160"}],"wp:term":[{"taxonomy":"product_brand","embeddable":true,"href":"https:\/\/www.dentalxangtech.com\/it\/wp-json\/wp\/v2\/product_brand?post=3160"},{"taxonomy":"product_cat","embeddable":true,"href":"https:\/\/www.dentalxangtech.com\/it\/wp-json\/wp\/v2\/product_cat?post=3160"},{"taxonomy":"product_tag","embeddable":true,"href":"https:\/\/www.dentalxangtech.com\/it\/wp-json\/wp\/v2\/product_tag?post=3160"}],"curies":[{"name":"WP","href":"https:\/\/api.w.org\/{rel}","templated":true}]}}