{"id":3167,"date":"2024-11-27T16:18:38","date_gmt":"2024-11-27T08:18:38","guid":{"rendered":"http\/\/www.dentalxangtech.com\/?post_type=product&#038;p=3167"},"modified":"2024-12-11T14:32:22","modified_gmt":"2024-12-11T06:32:22","slug":"unshaded-4d-multilayer-zirconia-block","status":"publish","type":"product","link":"https:\/\/www.dentalxangtech.com\/it\/product\/unshaded-4d-multilayer-zirconia-block\/","title":{"rendered":"Blocco di zirconia multistrato 4D senza ombra"},"content":{"rendered":"<p>Il blocco di zirconia multistrato 4D non ombreggiato XANGTECH rappresenta il pinnacolo dei materiali ristorativi dentali, combinando tecnologia all'avanguardia con estetica ineguagliabile. Progettato appositamente per il restauro dei denti anteriori, questo blocco di zirconia offre un perfetto equilibrio tra aspetto naturale, integrazione senza soluzioni di continuit\u00e0 e prestazioni eccezionali. Con la sua innovativa tecnologia di impilamento a cinque strati e gradiente colore a nove strati, il blocco di zirconia replica la bellezza dei denti naturali con notevole precisione. Le transizioni di colore sono completamente senza strati, garantendo un gradiente liscio ed armonioso che migliora la qualit\u00e0 realistica di ogni restauro. Ci\u00f2 lo rende una scelta ideale per ottenere restauri che sono indistinguibili dalla dentizione naturale.<\/p>\n<p>Una caratteristica distintiva del blocco di zirconia multistrato 4D non ombreggiato XANGTECH \u00e8 la sua versatilit\u00e0 nei flussi di lavoro ad alta efficienza. La sua compatibilit\u00e0 con le tecniche di sinterizzazione rapida consente ai professionisti dentali di produrre risultati sorprendenti in meno tempo, soddisfando le esigenze delle moderne pratiche dentali senza compromettere la qualit\u00e0 o la durata. Meticulosamente progettato sia per il fascino estetico che per l'integrit\u00e0 strutturale, questo blocco di zirconia offre stabilit\u00e0 affidabile e prestazioni superiori. Il suo design non ombreggiato fornisce flessibilit\u00e0 ai tecnici dentali, consentendo loro di personalizzare i restauri per soddisfare le esigenze individuali del paziente mantenendo risultati naturali e realistici. Che tu stia realizzando corone, impiallacciature o ponti per la regione anteriore, offre la soluzione perfetta. Elevate la vostra pratica dentale con un materiale che incarna la combinazione ideale di bellezza, efficienza e affidabilit\u00e0.<\/p>\n<p>1. Ampia gamma di applicazioni<br \/>\n2. transizione di colore senza stratificazione<br \/>\n3. Nove strati di transizione colore<br \/>\n4. Pu\u00f2 essere applicato alla tecnologia di sinterizzazione rapida<\/p>","protected":false},"excerpt":{"rendered":"<p>XANGTECH unshaded 4D multilayer zirconia block represents the pinnacle of dental restorative materials, combining cutting-edge technology with unmatched aesthetics. Designed specifically for front teeth restorations, this zirconia block provides a perfect balance of natural appearance, seamless integration, and exceptional performance. With its innovative five-layer stacking and nine-layer color gradient technology, the zirconia block replicates the [&hellip;]<\/p>\n","protected":false},"featured_media":3346,"template":"","meta":{"_acf_changed":false},"product_brand":[],"product_cat":[51],"product_tag":[],"class_list":{"0":"post-3167","1":"product","2":"type-product","3":"status-publish","4":"has-post-thumbnail","6":"product_cat-multilayer-zirconia-blcok","8":"first","9":"instock","10":"shipping-taxable","11":"product-type-simple"},"acf":[],"_links":{"self":[{"href":"https:\/\/www.dentalxangtech.com\/it\/wp-json\/wp\/v2\/product\/3167","targetHints":{"allow":["GET"]}}],"collection":[{"href":"https:\/\/www.dentalxangtech.com\/it\/wp-json\/wp\/v2\/product"}],"about":[{"href":"https:\/\/www.dentalxangtech.com\/it\/wp-json\/wp\/v2\/types\/product"}],"wp:featuredmedia":[{"embeddable":true,"href":"https:\/\/www.dentalxangtech.com\/it\/wp-json\/wp\/v2\/media\/3346"}],"wp:attachment":[{"href":"https:\/\/www.dentalxangtech.com\/it\/wp-json\/wp\/v2\/media?parent=3167"}],"wp:term":[{"taxonomy":"product_brand","embeddable":true,"href":"https:\/\/www.dentalxangtech.com\/it\/wp-json\/wp\/v2\/product_brand?post=3167"},{"taxonomy":"product_cat","embeddable":true,"href":"https:\/\/www.dentalxangtech.com\/it\/wp-json\/wp\/v2\/product_cat?post=3167"},{"taxonomy":"product_tag","embeddable":true,"href":"https:\/\/www.dentalxangtech.com\/it\/wp-json\/wp\/v2\/product_tag?post=3167"}],"curies":[{"name":"WP","href":"https:\/\/api.w.org\/{rel}","templated":true}]}}