{"id":3179,"date":"2024-11-28T16:06:47","date_gmt":"2024-11-28T08:06:47","guid":{"rendered":"http\/\/www.dentalxangtech.com\/?post_type=product&#038;p=3179"},"modified":"2024-11-28T16:18:32","modified_gmt":"2024-11-28T08:18:32","slug":"roland-zirconia-milling-bur","status":"publish","type":"product","link":"https:\/\/www.dentalxangtech.com\/it\/product\/roland-zirconia-milling-bur\/","title":{"rendered":"Roland Zirconia fresatura Bur"},"content":{"rendered":"<p><span style=\"font-family: arial, helvetica, sans-serif; font-size: 14pt;\">Le borse di fresatura in zirconia Roland sono ampiamente utilizzate nei restauri dentali, in particolare nella lavorazione dei materiali in zirconia. Il rivestimento di diamante e il rivestimento di carbonio simile al diamante utilizzati su queste borse danno loro una lunga durata di servizio e li mantengono taglienti anche in condizioni di lavoro ad alta intensit\u00e0. Il taglio di precisione di queste borse garantisce un taglio accurato sui materiali in zirconia, riduce i danni termici durante la lavorazione e garantisce la liscia e la finezza della superficie di ripristino.<\/span><\/p>\n<p><span style=\"font-family: arial, helvetica, sans-serif; font-size: 14pt;\">Le borse di fresatura in zirconia Roland XANGTECH possono funzionare in modo stabile ad alte velocit\u00e0 e alte pressioni, fornendo prestazioni di taglio efficienti. Anche durante la lavorazione di materiali di zirconia duri, possono mantenere un processo di taglio liscio, riducendo i danni termici e le crepe superficiali.<\/span><\/p>\n<p><span style=\"font-family: arial, helvetica, sans-serif; font-size: 14pt;\">Le borse di fresatura XANGTECH Roland sono compatibili al 100% con DWX-52D\/DWX-52DCi\/DWX-42W.<\/span><\/p>\n<p><span style=\"font-family: arial, helvetica, sans-serif; font-size: 14pt;\">Le borse dentali XANGTECH Roland sono borse di alta qualit\u00e0 con una resistenza all'usura estremamente elevata. DLC rivestito bur pu\u00f2 forare 150 a 200 unit\u00e0 di zirconia corona. Il bur rivestito di diamante pu\u00f2 fresare da 400 a 500 unit\u00e0 di corona di zirconia.<\/span><\/p>\n<ol>\n<li><span style=\"font-family: arial, helvetica, sans-serif; font-size: 14pt;\">Super resistente all'usura<\/span><\/li>\n<li><span style=\"font-family: arial, helvetica, sans-serif; font-size: 14pt;\">Alta precisione<\/span><\/li>\n<li><span style=\"font-family: arial, helvetica, sans-serif; font-size: 14pt;\"><span style=\"font-family: arial, helvetica, sans-serif; font-size: 14pt;\">100% compatibile con il sistema Cad Cam<\/span><\/span><div style=\"width: 800px;\" class=\"wp-video\"><video class=\"wp-video-shortcode\" id=\"video-3179-1\" width=\"800\" height=\"450\" preload=\"metadata\" controls=\"controls\"><source type=\"video\/mp4\" src=\"https:\/\/www.dentalxangtech.com\/wp-content\/uploads\/2024\/11\/11\u670828\u65e5.mp4?_=1\" \/><a href=\"https:\/\/www.dentalxangtech.com\/wp-content\/uploads\/2024\/11\/11\u670828\u65e5.mp4\">https:\/\/www.dentalxangtech.com\/wp-content\/uploads\/2024\/11\/11\u670828\u65e5.mp4<\/a><\/video><\/div><\/li>\n<\/ol>","protected":false},"excerpt":{"rendered":"<p>Roland zirconia milling burs are widely used in dental restorations, especially in the processing of zirconia materials. The diamond coating and diamond-like carbon coating used on these burs give them a long service life and keep them sharp even under high-intensity working conditions. The precision cutting of these burs ensures accurate cutting on zirconia materials, [&hellip;]<\/p>\n","protected":false},"featured_media":3181,"template":"","meta":{"_acf_changed":false},"product_brand":[],"product_cat":[57],"product_tag":[],"class_list":{"0":"post-3179","1":"product","2":"type-product","3":"status-publish","4":"has-post-thumbnail","6":"product_cat-zirconia-milling-bur","8":"first","9":"instock","10":"shipping-taxable","11":"product-type-simple"},"acf":[],"_links":{"self":[{"href":"https:\/\/www.dentalxangtech.com\/it\/wp-json\/wp\/v2\/product\/3179","targetHints":{"allow":["GET"]}}],"collection":[{"href":"https:\/\/www.dentalxangtech.com\/it\/wp-json\/wp\/v2\/product"}],"about":[{"href":"https:\/\/www.dentalxangtech.com\/it\/wp-json\/wp\/v2\/types\/product"}],"wp:featuredmedia":[{"embeddable":true,"href":"https:\/\/www.dentalxangtech.com\/it\/wp-json\/wp\/v2\/media\/3181"}],"wp:attachment":[{"href":"https:\/\/www.dentalxangtech.com\/it\/wp-json\/wp\/v2\/media?parent=3179"}],"wp:term":[{"taxonomy":"product_brand","embeddable":true,"href":"https:\/\/www.dentalxangtech.com\/it\/wp-json\/wp\/v2\/product_brand?post=3179"},{"taxonomy":"product_cat","embeddable":true,"href":"https:\/\/www.dentalxangtech.com\/it\/wp-json\/wp\/v2\/product_cat?post=3179"},{"taxonomy":"product_tag","embeddable":true,"href":"https:\/\/www.dentalxangtech.com\/it\/wp-json\/wp\/v2\/product_tag?post=3179"}],"curies":[{"name":"WP","href":"https:\/\/api.w.org\/{rel}","templated":true}]}}