{"id":3196,"date":"2024-11-28T17:18:25","date_gmt":"2024-11-28T09:18:25","guid":{"rendered":"http\/\/www.dentalxangtech.com\/?post_type=product&#038;p=3196"},"modified":"2024-11-29T16:03:30","modified_gmt":"2024-11-29T08:03:30","slug":"mcxl-milling-bur","status":"publish","type":"product","link":"https:\/\/www.dentalxangtech.com\/it\/product\/mcxl-milling-bur\/","title":{"rendered":"MCXL fresatura Bur"},"content":{"rendered":"<p>XANGTECH dental mcxl fresatura bur \u00e8 uno strumento all'avanguardia progettato per soddisfare le rigorose esigenze della moderna fresatura dentale. Progettata per precisione, durata ed efficienza, questa borsa di fresatura \u00e8 una scelta affidabile per i professionisti dentali che cercano risultati di alta qualit\u00e0. Che tu&#8217; Rifabbricando corone, ponti, impiallacciate o intarsi, garantisce prestazioni superiori e integrazione senza soluzioni di continuit\u00e0 con i sistemi di fresatura MCXL. Realizzato in carburo di tungsteno premium, \u00e8 progettato per resistere ad un uso intenso, elaborando fino a 25-35 unit\u00e0 dentali per bur. Questa durata garantisce prestazioni costanti, anche in ambienti ad alta richiesta. Il taglio ultra-tagliente consente una fresatura di alta precisione, fornendo restauri con dettagli intricati e una perfetta vestibilit\u00e0. Questa precisione riduce i remake e garantisce la soddisfazione del paziente. Progettato con la comodit\u00e0 dell'utente in mente, \u00e8 facile da installare, sostituire e mantenere, riducendo i tempi di fermo della macchina e migliorando l'efficienza del flusso di lavoro sia nei laboratori dentali che nelle cliniche. La sua capacit\u00e0 di fornire una fresatura pi\u00f9 veloce senza compromettere la qualit\u00e0 garantisce che i professionisti dentali possano mantenere la produttivit\u00e0 soddisfando gli alti standard della moderna odontoiatria ristorativa.<\/p>\n<p>Il taglio di precisione riduce anche gli sprechi di materiale, rendendolo non solo economico ma anche rispettoso dell'ambiente. Ottimizzando l'uso dei materiali e semplificando i processi produttivi, contribuisce ad un approccio efficiente e sostenibile al restauro dentale. Sostegnuta dalla reputazione di innovazione e qualit\u00e0 di XANGTECH, questa borsa di fresatura \u00e8 una testimonianza della dedizione dell'azienda al progresso nel campo della tecnologia dentale. Che si tratti di ripristini permanenti o soluzioni temporanee, i dentisti possono contare su di esso per fornire risultati coerenti e di alta qualit\u00e0 che migliorano la soddisfazione del paziente e elevano gli standard di cura. Questo strumento \u00e8 un'aggiunta indispensabile a qualsiasi studio dentale che cerca precisione, affidabilit\u00e0 ed eccellenza nella fresatura CAD\/CAM.<\/p>\n<p>1. Pu\u00f2 elaborare corone di vetro di ceramica 25-35<br \/>\n2. Alta precisione e prestazioni stabili<br \/>\n3. Facile da operare<br \/>\n4. Lunga vita di servizio<\/p>","protected":false},"excerpt":{"rendered":"<p>XANGTECH dental mcxl milling bur is a cutting-edge tool designed to meet the rigorous demands of modern dental milling. Engineered for precision, durability, and efficiency, this milling bur is a reliable choice for dental professionals seeking high-quality results. Whether you&#8217;re crafting crowns, bridges, veneers, or inlays, it ensures superior performance and seamless integration with MCXL [&hellip;]<\/p>\n","protected":false},"featured_media":3198,"template":"","meta":{"_acf_changed":false},"product_brand":[],"product_cat":[56],"product_tag":[],"class_list":{"0":"post-3196","1":"product","2":"type-product","3":"status-publish","4":"has-post-thumbnail","6":"product_cat-ceramic-glass-milling-bur","8":"first","9":"instock","10":"shipping-taxable","11":"product-type-simple"},"acf":[],"_links":{"self":[{"href":"https:\/\/www.dentalxangtech.com\/it\/wp-json\/wp\/v2\/product\/3196","targetHints":{"allow":["GET"]}}],"collection":[{"href":"https:\/\/www.dentalxangtech.com\/it\/wp-json\/wp\/v2\/product"}],"about":[{"href":"https:\/\/www.dentalxangtech.com\/it\/wp-json\/wp\/v2\/types\/product"}],"wp:featuredmedia":[{"embeddable":true,"href":"https:\/\/www.dentalxangtech.com\/it\/wp-json\/wp\/v2\/media\/3198"}],"wp:attachment":[{"href":"https:\/\/www.dentalxangtech.com\/it\/wp-json\/wp\/v2\/media?parent=3196"}],"wp:term":[{"taxonomy":"product_brand","embeddable":true,"href":"https:\/\/www.dentalxangtech.com\/it\/wp-json\/wp\/v2\/product_brand?post=3196"},{"taxonomy":"product_cat","embeddable":true,"href":"https:\/\/www.dentalxangtech.com\/it\/wp-json\/wp\/v2\/product_cat?post=3196"},{"taxonomy":"product_tag","embeddable":true,"href":"https:\/\/www.dentalxangtech.com\/it\/wp-json\/wp\/v2\/product_tag?post=3196"}],"curies":[{"name":"WP","href":"https:\/\/api.w.org\/{rel}","templated":true}]}}