{"id":3258,"date":"2024-12-03T17:05:57","date_gmt":"2024-12-03T09:05:57","guid":{"rendered":"http\/\/www.dentalxangtech.com\/?post_type=product&#038;p=3258"},"modified":"2024-12-03T17:05:57","modified_gmt":"2024-12-03T09:05:57","slug":"amann-girrbach-milling-bur","status":"publish","type":"product","link":"https:\/\/www.dentalxangtech.com\/it\/product\/amann-girrbach-milling-bur\/","title":{"rendered":"Amann Girrbach fresatrice"},"content":{"rendered":"<p><span style=\"font-family: arial, helvetica, sans-serif; font-size: 14pt;\">Le borse di fresatura in zirconia Amann Girrbach di XANGTECH sono sottoposte a rigorosi test di qualit\u00e0 per garantire che ogni borsa soddisfi elevati standard di qualit\u00e0, fornendo cos\u00ec strumenti stabili e affidabili per i lavori di ripristino dentale.<\/span><\/p>\n<p><span style=\"font-family: arial, helvetica, sans-serif; font-size: 14pt;\">La borsa di fresatura in zirconia Amann Girrbach utilizza un rivestimento di diamante o carbonio simile al diamante che gli conferisce un'eccellente durezza, resistenza all'usura e resistenza alla corrosione per garantire che sia sufficiente per gestire materiali ad alta resistenza. Le borse di fresatura in zirconio Amann Girrbach sono ideali per la realizzazione di corone, ponti, inlays e onlays in zirconio di alta qualit\u00e0. Progettate per resistere all'usura, queste borse mantengono la loro nitidezza e le prestazioni di taglio anche sotto carichi di lavoro elevati. Le borse di fresatura in zirconia Amann Girrbach sono progettate per un'integrazione perfetta con i sistemi Amann Girrbach, garantendo risultati ottimali.<\/span><\/p>\n<div style=\"width: 800px;\" class=\"wp-video\"><video class=\"wp-video-shortcode\" id=\"video-3258-1\" width=\"800\" height=\"450\" preload=\"metadata\" controls=\"controls\"><source type=\"video\/mp4\" src=\"https:\/\/www.dentalxangtech.com\/wp-content\/uploads\/2024\/12\/amann-zirconia-bur-video.mp4?_=1\" \/><a href=\"https:\/\/www.dentalxangtech.com\/wp-content\/uploads\/2024\/12\/amann-zirconia-bur-video.mp4\">https:\/\/www.dentalxangtech.com\/wp-content\/uploads\/2024\/12\/amann-zirconia-bur-video.mp4<\/a><\/video><\/div>","protected":false},"excerpt":{"rendered":"<p>XANGTECH Amann Girrbach zirconia milling burs undergo rigorous quality testing to ensure that each bur meets high quality standards, thus providing stable and reliable tools for dental restoration work. Amann Girrbach zirconia milling burs can be well matched with the common CAD\/CAM machining systems on the market, providing convenience for the digital dental restoration process [&hellip;]<\/p>\n","protected":false},"featured_media":3261,"template":"","meta":{"_acf_changed":false},"product_brand":[],"product_cat":[57],"product_tag":[],"class_list":{"0":"post-3258","1":"product","2":"type-product","3":"status-publish","4":"has-post-thumbnail","6":"product_cat-zirconia-milling-bur","8":"first","9":"instock","10":"shipping-taxable","11":"product-type-simple"},"acf":[],"_links":{"self":[{"href":"https:\/\/www.dentalxangtech.com\/it\/wp-json\/wp\/v2\/product\/3258","targetHints":{"allow":["GET"]}}],"collection":[{"href":"https:\/\/www.dentalxangtech.com\/it\/wp-json\/wp\/v2\/product"}],"about":[{"href":"https:\/\/www.dentalxangtech.com\/it\/wp-json\/wp\/v2\/types\/product"}],"wp:featuredmedia":[{"embeddable":true,"href":"https:\/\/www.dentalxangtech.com\/it\/wp-json\/wp\/v2\/media\/3261"}],"wp:attachment":[{"href":"https:\/\/www.dentalxangtech.com\/it\/wp-json\/wp\/v2\/media?parent=3258"}],"wp:term":[{"taxonomy":"product_brand","embeddable":true,"href":"https:\/\/www.dentalxangtech.com\/it\/wp-json\/wp\/v2\/product_brand?post=3258"},{"taxonomy":"product_cat","embeddable":true,"href":"https:\/\/www.dentalxangtech.com\/it\/wp-json\/wp\/v2\/product_cat?post=3258"},{"taxonomy":"product_tag","embeddable":true,"href":"https:\/\/www.dentalxangtech.com\/it\/wp-json\/wp\/v2\/product_tag?post=3258"}],"curies":[{"name":"WP","href":"https:\/\/api.w.org\/{rel}","templated":true}]}}