{"id":3273,"date":"2024-12-04T16:20:52","date_gmt":"2024-12-04T08:20:52","guid":{"rendered":"http\/\/www.dentalxangtech.com\/?post_type=product&#038;p=3273"},"modified":"2024-12-04T16:20:52","modified_gmt":"2024-12-04T08:20:52","slug":"yenadent-milling-bur","status":"publish","type":"product","link":"https:\/\/www.dentalxangtech.com\/it\/product\/yenadent-milling-bur\/","title":{"rendered":"Yenadent fresatura Bur"},"content":{"rendered":"<p><span style=\"font-family: arial, helvetica, sans-serif; font-size: 14pt;\">Le borse di fresatura Yenadent sono realizzate con materiali di alta qualit\u00e0 come carburo di tungsteno, diamante e acciaio. Questi materiali sono altamente resistenti e possono resistere alle rotazioni ad alta velocit\u00e0 richieste durante le operazioni di fresatura e taglio dentali. Le borse Yenadent sono progettate per fornire un'azione di taglio precisa, garantendo una vibrazione minima e una precisione superiore. Ci\u00f2 \u00e8 essenziale per raggiungere una perfetta adattatura nei restauri dentali, in particolare nei lavori di corona e ponte.<\/span><br \/>\n<span style=\"font-family: arial, helvetica, sans-serif; font-size: 14pt;\">Le borse di fresatura Yenadent sono compatibili con una vasta gamma di fresatrici utilizzate in laboratori e cliniche dentali, compresi i sistemi di fresatura CAD. L'ergonomia \u00e8 una considerazione fondamentale nella progettazione delle borse di fresatura Yenadent. I loro gambelli sono progettati per facilitare la manipolazione e per adattarsi in modo sicuro nei pezzi dentali pi\u00f9 utilizzati. Ci\u00f2 garantisce un controllo di precisione durante la fresatura e riduce la fatica delle mani durante procedure estese.<\/span><br \/>\n<span style=\"font-family: arial, helvetica, sans-serif; font-size: 14pt;\">Il fresatore Yenadent \u00e8 adatto per varie operazioni dentali, con particolare enfasi sull'universalit\u00e0 e l'adattabilit\u00e0, ed \u00e8 in grado di gestire una vasta gamma di materiali dentali come porcellana, resine composite, leghe metalliche, resine, leghe cobalto-cromo, ecc. Il design del trattamento superficiale delle fresatrici dentali Yenadent riduce l'accumulo di sporco ed \u00e8 facile da pulire dopo l'uso per mantenerle in buone condizioni di lavoro.<\/span><\/p>\n<div style=\"width: 800px;\" class=\"wp-video\"><video class=\"wp-video-shortcode\" id=\"video-3273-1\" width=\"800\" height=\"450\" preload=\"metadata\" controls=\"controls\"><source type=\"video\/mp4\" src=\"https:\/\/www.dentalxangtech.com\/wp-content\/uploads\/2024\/12\/yenadent-metal-bur-video.mp4?_=1\" \/><a href=\"https:\/\/www.dentalxangtech.com\/wp-content\/uploads\/2024\/12\/yenadent-metal-bur-video.mp4\">https:\/\/www.dentalxangtech.com\/wp-content\/uploads\/2024\/12\/yenadent-metal-bur-video.mp4<\/a><\/video><\/div>","protected":false},"excerpt":{"rendered":"<p>Yenadent milling burs are made from premium materials like tungsten carbide, diamond, and steel. These materials are highly durable and can withstand the high-speed rotations required during dental milling and cutting operations.Yenadent milling burs are designed to provide precise cutting action, ensuring minimal vibration and superior accuracy. This is essential for achieving a perfect fit [&hellip;]<\/p>\n","protected":false},"featured_media":3274,"template":"","meta":{"_acf_changed":false},"product_brand":[],"product_cat":[54],"product_tag":[],"class_list":{"0":"post-3273","1":"product","2":"type-product","3":"status-publish","4":"has-post-thumbnail","6":"product_cat-metal-milling-bur","8":"first","9":"instock","10":"shipping-taxable","11":"product-type-simple"},"acf":[],"_links":{"self":[{"href":"https:\/\/www.dentalxangtech.com\/it\/wp-json\/wp\/v2\/product\/3273","targetHints":{"allow":["GET"]}}],"collection":[{"href":"https:\/\/www.dentalxangtech.com\/it\/wp-json\/wp\/v2\/product"}],"about":[{"href":"https:\/\/www.dentalxangtech.com\/it\/wp-json\/wp\/v2\/types\/product"}],"wp:featuredmedia":[{"embeddable":true,"href":"https:\/\/www.dentalxangtech.com\/it\/wp-json\/wp\/v2\/media\/3274"}],"wp:attachment":[{"href":"https:\/\/www.dentalxangtech.com\/it\/wp-json\/wp\/v2\/media?parent=3273"}],"wp:term":[{"taxonomy":"product_brand","embeddable":true,"href":"https:\/\/www.dentalxangtech.com\/it\/wp-json\/wp\/v2\/product_brand?post=3273"},{"taxonomy":"product_cat","embeddable":true,"href":"https:\/\/www.dentalxangtech.com\/it\/wp-json\/wp\/v2\/product_cat?post=3273"},{"taxonomy":"product_tag","embeddable":true,"href":"https:\/\/www.dentalxangtech.com\/it\/wp-json\/wp\/v2\/product_tag?post=3273"}],"curies":[{"name":"WP","href":"https:\/\/api.w.org\/{rel}","templated":true}]}}