{"id":3286,"date":"2024-12-04T16:56:29","date_gmt":"2024-12-04T08:56:29","guid":{"rendered":"http\/\/www.dentalxangtech.com\/?post_type=product&#038;p=3286"},"modified":"2024-12-04T16:56:29","modified_gmt":"2024-12-04T08:56:29","slug":"vhf-milling-bur","status":"publish","type":"product","link":"https:\/\/www.dentalxangtech.com\/it\/product\/vhf-milling-bur\/","title":{"rendered":"borsa di fresatura VHF"},"content":{"rendered":"<p><span style=\"font-family: arial, helvetica, sans-serif; font-size: 14pt;\">Il bur di fresatura VHF \u00e8 adatto per VHF&#8217; s sistemi di fresatura (come K5, R5, ecc.), ed \u00e8 altamente compatibile con VHF&#8217; sistemi hardware e software, garantendo prestazioni di fresatura efficienti e risultati precisi. Fornisce alta precisione, elevate prestazioni e lunga durata di servizio ed \u00e8 particolarmente adatto per la lavorazione di ripristini dentali complessi e materiali duri.<\/span><br \/>\n<span style=\"font-family: arial, helvetica, sans-serif; font-size: 14pt;\">VHF&#8217; Il design della fresatrice s si concentra sul taglio di alta precisione ed efficiente, utilizzando materiali di alta qualit\u00e0 (come il rivestimento di diamanti) e ha una geometria ottimizzata per garantire che rimanga tagliente durante la fresatura ad alta velocit\u00e0 e ad alto carico. VHF K5 Milling Bur \u00e8 adatto per una variet\u00e0 di materiali come zirconia, Emax, lega di cobalto-cromo, lega di titanio, ecc. e pu\u00f2 fornire finitura superficiale fine e lavorazione ad alta precisione.<\/span><br \/>\n<span style=\"font-family: arial, helvetica, sans-serif; font-size: 14pt;\">VHF K5 fresatrice bur combinato con VHF K5 fresatrice&#8217; La tecnologia di fresatura a 5 assi s pu\u00f2 fornire una precisione e una flessibilit\u00e0 di lavorazione estremamente elevate, soprattutto per i restauri con forme, profondit\u00e0 e strutture interne complesse. La combinazione perfetta con le attrezzature VHF permette di prestare al meglio durante la lavorazione fine. Le fresatrici VHF sono ideali per la produzione in grandi volumi, soprattutto quando \u00e8 necessaria una lavorazione efficiente e precisa, come la fabbricazione di routine di ripristino in laboratori dentali o la produzione standardizzata di ripristino di impianti.<\/span><\/p>\n<div style=\"width: 800px;\" class=\"wp-video\"><video class=\"wp-video-shortcode\" id=\"video-3286-1\" width=\"800\" height=\"450\" preload=\"metadata\" controls=\"controls\"><source type=\"video\/mp4\" src=\"https:\/\/www.dentalxangtech.com\/wp-content\/uploads\/2024\/12\/VHF-k5-burs-video.mp4?_=1\" \/><a href=\"https:\/\/www.dentalxangtech.com\/wp-content\/uploads\/2024\/12\/VHF-k5-burs-video.mp4\">https:\/\/www.dentalxangtech.com\/wp-content\/uploads\/2024\/12\/VHF-k5-burs-video.mp4<\/a><\/video><\/div>","protected":false},"excerpt":{"rendered":"<p>VHF milling bur is suitable for VHF&#8217;s milling systems (such as K5, R5, etc.), and is highly compatible with VHF&#8217;s hardware and software systems, ensuring efficient milling performance and precise results. It provides high precision, high performance and long service life, and is particularly suitable for the processing of complex dental restorations and hard materials. [&hellip;]<\/p>\n","protected":false},"featured_media":3288,"template":"","meta":{"_acf_changed":false},"product_brand":[],"product_cat":[57],"product_tag":[],"class_list":{"0":"post-3286","1":"product","2":"type-product","3":"status-publish","4":"has-post-thumbnail","6":"product_cat-zirconia-milling-bur","8":"first","9":"instock","10":"shipping-taxable","11":"product-type-simple"},"acf":[],"_links":{"self":[{"href":"https:\/\/www.dentalxangtech.com\/it\/wp-json\/wp\/v2\/product\/3286","targetHints":{"allow":["GET"]}}],"collection":[{"href":"https:\/\/www.dentalxangtech.com\/it\/wp-json\/wp\/v2\/product"}],"about":[{"href":"https:\/\/www.dentalxangtech.com\/it\/wp-json\/wp\/v2\/types\/product"}],"wp:featuredmedia":[{"embeddable":true,"href":"https:\/\/www.dentalxangtech.com\/it\/wp-json\/wp\/v2\/media\/3288"}],"wp:attachment":[{"href":"https:\/\/www.dentalxangtech.com\/it\/wp-json\/wp\/v2\/media?parent=3286"}],"wp:term":[{"taxonomy":"product_brand","embeddable":true,"href":"https:\/\/www.dentalxangtech.com\/it\/wp-json\/wp\/v2\/product_brand?post=3286"},{"taxonomy":"product_cat","embeddable":true,"href":"https:\/\/www.dentalxangtech.com\/it\/wp-json\/wp\/v2\/product_cat?post=3286"},{"taxonomy":"product_tag","embeddable":true,"href":"https:\/\/www.dentalxangtech.com\/it\/wp-json\/wp\/v2\/product_tag?post=3286"}],"curies":[{"name":"WP","href":"https:\/\/api.w.org\/{rel}","templated":true}]}}