{"id":3301,"date":"2024-12-05T17:21:30","date_gmt":"2024-12-05T09:21:30","guid":{"rendered":"http\/\/www.dentalxangtech.com\/?post_type=product&#038;p=3301"},"modified":"2024-12-05T17:21:30","modified_gmt":"2024-12-05T09:21:30","slug":"mcx5-milling-bur","status":"publish","type":"product","link":"https:\/\/www.dentalxangtech.com\/it\/product\/mcx5-milling-bur\/","title":{"rendered":"MCX5 Fresatura Bur"},"content":{"rendered":"<p>Nel mondo della tecnologia dentale, precisione e durabilit\u00e0 non sono solo preferenze, sono necessit\u00e0. La fresatrice XANGTECH MCX5 esemplifica queste qualit\u00e0, stabilindo un nuovo punto di riferimento per prestazioni e affidabilit\u00e0 negli utensili di fresatura dentale. Con il suo design innovativo e la sua costruzione robusta, questo bur \u00e8 un cambiamento di gioco per i professionisti dentali che cercano precisione, efficienza e longevit\u00e0 nel loro lavoro. Il processo di produzione meticoloso garantisce uniformit\u00e0 e coerenza, consentendo ai dentisti di replicare le texture e i contorni dei denti naturali con una precisione senza pari. Questo focus sulla precisione riduce al minimo gli errori e la rielaborazione, risparmiando tempo e risorse fornendo risultati superiori per i pazienti.<\/p>\n<p>La durabilit\u00e0 \u00e8 un'altra pietra angolare. Progettato con materiali di qualit\u00e0 superiore, questo bur \u00e8 costruito per resistere ai rigori dell'uso quotidiano in ambienti ad alta domanda. La sua resistenza riduce la frequenza delle sostituzioni, offrendo ai tecnici dentali uno strumento affidabile che funziona in modo coerente nel tempo. Tale durata non solo aumenta la produttivit\u00e0, ma rappresenta anche una soluzione economicamente efficace per laboratori e cliniche dentali. Ci\u00f2 che lo distingue davvero \u00e8 la sua versatilit\u00e0. Progettato per funzionare senza problemi con una vasta gamma di fresatrici dentali, fornisce una soluzione universale per diversi flussi di lavoro. Questa adattabilit\u00e0 garantisce che i professionisti dentali possano integrarlo nei loro sistemi esistenti senza sforzo, migliorando l'efficienza operativa senza la necessit\u00e0 di modifiche significative. Per i dentisti che cercano di migliorare il loro mestiere, \u00e8 pi\u00f9 di uno strumento: \u00e8 un partner di precisione, progettato per far emergere il meglio in ogni restauro.<\/p>\n<p>1. Tecnologia di produzione avanzata<br \/>\n2. Eccellente qualit\u00e0 e durata<br \/>\n3. Fatto di materie prime ad alta resistenza<\/p>","protected":false},"excerpt":{"rendered":"<p>In the world of dental technology, precision and durability are not just preferences\u2014they are necessities.XANGTECH MCX5 milling bur exemplifies these qualities, setting a new benchmark for performance and reliability in dental milling tools. With its innovative design and robust construction, this bur is a game-changer for dental professionals seeking accuracy, efficiency, and longevity in their [&hellip;]<\/p>\n","protected":false},"featured_media":3308,"template":"","meta":{"_acf_changed":false},"product_brand":[],"product_cat":[44],"product_tag":[],"class_list":{"0":"post-3301","1":"product","2":"type-product","3":"status-publish","4":"has-post-thumbnail","6":"product_cat-ceramic-glass","8":"first","9":"instock","10":"shipping-taxable","11":"product-type-simple"},"acf":[],"_links":{"self":[{"href":"https:\/\/www.dentalxangtech.com\/it\/wp-json\/wp\/v2\/product\/3301","targetHints":{"allow":["GET"]}}],"collection":[{"href":"https:\/\/www.dentalxangtech.com\/it\/wp-json\/wp\/v2\/product"}],"about":[{"href":"https:\/\/www.dentalxangtech.com\/it\/wp-json\/wp\/v2\/types\/product"}],"wp:featuredmedia":[{"embeddable":true,"href":"https:\/\/www.dentalxangtech.com\/it\/wp-json\/wp\/v2\/media\/3308"}],"wp:attachment":[{"href":"https:\/\/www.dentalxangtech.com\/it\/wp-json\/wp\/v2\/media?parent=3301"}],"wp:term":[{"taxonomy":"product_brand","embeddable":true,"href":"https:\/\/www.dentalxangtech.com\/it\/wp-json\/wp\/v2\/product_brand?post=3301"},{"taxonomy":"product_cat","embeddable":true,"href":"https:\/\/www.dentalxangtech.com\/it\/wp-json\/wp\/v2\/product_cat?post=3301"},{"taxonomy":"product_tag","embeddable":true,"href":"https:\/\/www.dentalxangtech.com\/it\/wp-json\/wp\/v2\/product_tag?post=3301"}],"curies":[{"name":"WP","href":"https:\/\/api.w.org\/{rel}","templated":true}]}}