{"id":3316,"date":"2024-12-07T16:18:40","date_gmt":"2024-12-07T08:18:40","guid":{"rendered":"http\/\/www.dentalxangtech.com\/?post_type=product&#038;p=3316"},"modified":"2024-12-07T16:18:40","modified_gmt":"2024-12-07T08:18:40","slug":"camdent-milling-bur","status":"publish","type":"product","link":"https:\/\/www.dentalxangtech.com\/it\/product\/camdent-milling-bur\/","title":{"rendered":"Camdent fresatura Bur"},"content":{"rendered":"<p><span style=\"font-family: arial, helvetica, sans-serif; font-size: 14pt;\">Le borse di fresatura in zirconia Camdent tagliano senza problemi e sono adatte per la finitura e la regolazione della forma di vari restauri. Possedono un'alta efficienza di taglio e sono adatti per la produzione di restauri convenzionali. \u00c8 adatto per una variet\u00e0 di marche di attrezzature, ha una forte versatilit\u00e0 ed \u00e8 ampiamente utilizzato in attrezzature dentali portatili o fresatrici comuni. Compatibile con una variet\u00e0 di dispositivi e pu\u00f2 essere utilizzato con una vasta gamma di sistemi CAD\/CAM. Le borse di fresatura in zirconia Camdent sono conosciute per le loro elevate prestazioni di costo e prestazioni affidabili, con elevate prestazioni di costo, lunga vita e buona resistenza all'usura.<\/span><\/p>\n<p><span style=\"font-family: arial, helvetica, sans-serif; font-size: 14pt;\">Le borse di zirconia Camdent sono ampiamente utilizzate nelle operazioni di ripristino dentale, tra cui principalmente: regolazione di ripristino di zirconia, utilizzata per il taglio e la regolazione di corone, intarsi, impiallacciature e altri ripristini in ceramica di zirconia; finitura del bordo di ripristino, montaggio della densit\u00e0 del bordo di taglio, ottimizzando l'effetto di riparazione; forma intaglio, intaglio dettagli sul restauro zirconia per corrispondere al paziente&#8217; forma del dente; lucidatura superficiale, fornendo un trattamento liscio alla superficie del restauro zirconia, migliorando estetica e comfort.<\/span><\/p>\n<div style=\"width: 800px;\" class=\"wp-video\"><video class=\"wp-video-shortcode\" id=\"video-3316-1\" width=\"800\" height=\"450\" preload=\"metadata\" controls=\"controls\"><source type=\"video\/mp4\" src=\"https:\/\/www.dentalxangtech.com\/wp-content\/uploads\/2024\/12\/video.mp4?_=1\" \/><a href=\"https:\/\/www.dentalxangtech.com\/wp-content\/uploads\/2024\/12\/video.mp4\">https:\/\/www.dentalxangtech.com\/wp-content\/uploads\/2024\/12\/video.mp4<\/a><\/video><\/div>","protected":false},"excerpt":{"rendered":"<p>Camdent zirconia milling burs cut smoothly and are suitable for the finishing and shape adjustment of various restorations. They have high cutting efficiency and are suitable for the production of conventional restorations. It is suitable for a variety of brands of equipment, has strong versatility, and is widely used in handheld dental equipment or common [&hellip;]<\/p>\n","protected":false},"featured_media":3318,"template":"","meta":{"_acf_changed":false},"product_brand":[],"product_cat":[57],"product_tag":[],"class_list":{"0":"post-3316","1":"product","2":"type-product","3":"status-publish","4":"has-post-thumbnail","6":"product_cat-zirconia-milling-bur","8":"first","9":"instock","10":"shipping-taxable","11":"product-type-simple"},"acf":[],"_links":{"self":[{"href":"https:\/\/www.dentalxangtech.com\/it\/wp-json\/wp\/v2\/product\/3316","targetHints":{"allow":["GET"]}}],"collection":[{"href":"https:\/\/www.dentalxangtech.com\/it\/wp-json\/wp\/v2\/product"}],"about":[{"href":"https:\/\/www.dentalxangtech.com\/it\/wp-json\/wp\/v2\/types\/product"}],"wp:featuredmedia":[{"embeddable":true,"href":"https:\/\/www.dentalxangtech.com\/it\/wp-json\/wp\/v2\/media\/3318"}],"wp:attachment":[{"href":"https:\/\/www.dentalxangtech.com\/it\/wp-json\/wp\/v2\/media?parent=3316"}],"wp:term":[{"taxonomy":"product_brand","embeddable":true,"href":"https:\/\/www.dentalxangtech.com\/it\/wp-json\/wp\/v2\/product_brand?post=3316"},{"taxonomy":"product_cat","embeddable":true,"href":"https:\/\/www.dentalxangtech.com\/it\/wp-json\/wp\/v2\/product_cat?post=3316"},{"taxonomy":"product_tag","embeddable":true,"href":"https:\/\/www.dentalxangtech.com\/it\/wp-json\/wp\/v2\/product_tag?post=3316"}],"curies":[{"name":"WP","href":"https:\/\/api.w.org\/{rel}","templated":true}]}}