{"id":3330,"date":"2024-12-09T16:03:08","date_gmt":"2024-12-09T08:03:08","guid":{"rendered":"http\/\/www.dentalxangtech.com\/?post_type=product&#038;p=3330"},"modified":"2024-12-09T16:03:08","modified_gmt":"2024-12-09T08:03:08","slug":"imes-icore-milling-bur","status":"publish","type":"product","link":"https:\/\/www.dentalxangtech.com\/it\/product\/imes-icore-milling-bur\/","title":{"rendered":"Imes Icore Fresatura Bur"},"content":{"rendered":"<p><span style=\"font-family: arial, helvetica, sans-serif; font-size: 14pt;\">La borsa di fresatura Imes Icore \u00e8 uno strumento di lavorazione dentale e industriale di alta precisione progettato per soddisfare le rigorose esigenze di dettaglio nella produzione di restauri dentali. Pu\u00f2 raggiungere una precisione di lavorazione a livello di micron per le esigenze di lavorazione di ripristini metallici complessi (come ponti, pilastri di impianto, ecc.).<\/span><\/p>\n<p><span style=\"font-family: arial, helvetica, sans-serif; font-size: 14pt;\">Le borse di fresatura Imes Icore sono realizzate in acciaio al tungsteno ad alta resistenza o in acciaio legato. Hanno durezza e resistenza estremamente elevate e possono resistere alle alte tensioni e all'ambiente ad alta temperatura durante la lavorazione dei metalli. Durante il processo di fresatura ad alta velocit\u00e0, lo strumento mantiene stabilit\u00e0 e nitidezza. Non \u00e8 facile da degradare.<\/span><\/p>\n<p><span style=\"font-family: arial, helvetica, sans-serif; font-size: 14pt;\">Le borse di fresatura Imes Icore hanno una forte compatibilit\u00e0 e sono pienamente compatibili con varie fresatrici CNC prodotte da imes-icore (come la serie CORiTEC) e sono adatte anche ad altre marche di attrezzature. Gli aghi di tornitura imes-icore hanno elevate velocit\u00e0 di taglio e eccellenti propriet\u00e0 di dissipazione del calore, che riducono significativamente i tempi di lavorazione. A causa del suo materiale superiore e della tecnologia di rivestimento, la sua vita \u00e8 di solito 1,5-2 volte quella degli utensili ordinari, soprattutto quando si lavorano materiali duri.<\/span><\/p>\n<div style=\"width: 800px;\" class=\"wp-video\"><video class=\"wp-video-shortcode\" id=\"video-3330-1\" width=\"800\" height=\"450\" preload=\"metadata\" controls=\"controls\"><source type=\"video\/mp4\" src=\"https:\/\/www.dentalxangtech.com\/wp-content\/uploads\/2024\/12\/Imes-Icore-Metal-Ball-end-D6.mp4?_=1\" \/><a href=\"https:\/\/www.dentalxangtech.com\/wp-content\/uploads\/2024\/12\/Imes-Icore-Metal-Ball-end-D6.mp4\">https:\/\/www.dentalxangtech.com\/wp-content\/uploads\/2024\/12\/Imes-Icore-Metal-Ball-end-D6.mp4<\/a><\/video><\/div>","protected":false},"excerpt":{"rendered":"<p>The Imes Icore milling bur is a high-precision dental and industrial machining tool designed to meet the stringent demands for detail in the production of dental restorations. It can achieve micron-level machining accuracy for complex metal restorations (such as bridges Implantation abutments, etc.) processing needs. The Imes Icore milling burs are made of high-strength tungsten [&hellip;]<\/p>\n","protected":false},"featured_media":3333,"template":"","meta":{"_acf_changed":false},"product_brand":[],"product_cat":[54],"product_tag":[],"class_list":{"0":"post-3330","1":"product","2":"type-product","3":"status-publish","4":"has-post-thumbnail","6":"product_cat-metal-milling-bur","8":"first","9":"instock","10":"shipping-taxable","11":"product-type-simple"},"acf":[],"_links":{"self":[{"href":"https:\/\/www.dentalxangtech.com\/it\/wp-json\/wp\/v2\/product\/3330","targetHints":{"allow":["GET"]}}],"collection":[{"href":"https:\/\/www.dentalxangtech.com\/it\/wp-json\/wp\/v2\/product"}],"about":[{"href":"https:\/\/www.dentalxangtech.com\/it\/wp-json\/wp\/v2\/types\/product"}],"wp:featuredmedia":[{"embeddable":true,"href":"https:\/\/www.dentalxangtech.com\/it\/wp-json\/wp\/v2\/media\/3333"}],"wp:attachment":[{"href":"https:\/\/www.dentalxangtech.com\/it\/wp-json\/wp\/v2\/media?parent=3330"}],"wp:term":[{"taxonomy":"product_brand","embeddable":true,"href":"https:\/\/www.dentalxangtech.com\/it\/wp-json\/wp\/v2\/product_brand?post=3330"},{"taxonomy":"product_cat","embeddable":true,"href":"https:\/\/www.dentalxangtech.com\/it\/wp-json\/wp\/v2\/product_cat?post=3330"},{"taxonomy":"product_tag","embeddable":true,"href":"https:\/\/www.dentalxangtech.com\/it\/wp-json\/wp\/v2\/product_tag?post=3330"}],"curies":[{"name":"WP","href":"https:\/\/api.w.org\/{rel}","templated":true}]}}