{"id":3355,"date":"2024-12-11T16:57:24","date_gmt":"2024-12-11T08:57:24","guid":{"rendered":"http\/\/www.dentalxangtech.com\/?post_type=product&#038;p=3355"},"modified":"2024-12-11T16:57:24","modified_gmt":"2024-12-11T08:57:24","slug":"xtcera-milling-bur","status":"publish","type":"product","link":"https:\/\/www.dentalxangtech.com\/it\/product\/xtcera-milling-bur\/","title":{"rendered":"Bur di fresatura Xtcera"},"content":{"rendered":"<p>Le borse di fresatura Xtcera stabiliscono un nuovo standard nella tecnologia di fresatura dentale, offrendo precisione, efficienza e durata senza pari. Realizzate con materiale di tungsteno ultrafine, queste borse sono progettate per resistere ai rigori dell'uso continuo in laboratori dentali ad alta domanda, fornendo risultati costantemente superiori. L'uso di processi di produzione avanzati garantisce che ogni bur sia progettato secondo standard esigenti per resistenza, nitidezza e affidabilit\u00e0, rendendoli uno strumento indispensabile per i professionisti dentali in tutto il mondo. La sua eccezionale composizione consente una macinazione pi\u00f9 rapida, riducendo significativamente i tempi di produzione senza compromettere la qualit\u00e0 del prodotto finale. Le loro avanzate prestazioni di taglio garantiscono una fresatura pulita e liscia che preserva l'integrit\u00e0 del materiale e migliora l'accuratezza di ogni restauro. Che tu stia lavorando su restauri complessi o su attivit\u00e0 di fresatura standard, queste borse eccelleno nel fornire risultati precisi che soddisfano i pi\u00f9 alti standard del settore.<\/p>\n<p>Ci\u00f2 che lo distingue \u00e8 la loro capacit\u00e0 di fresare in modo efficiente il materiale dentale, fornendo versatilit\u00e0 e adattabilit\u00e0 in una vasta gamma di applicazioni dentali. Queste borse sono ottimizzate per gestire i materiali pi\u00f9 duri con facilit\u00e0, garantendo che rimangano taglienti ed efficaci per lunghi periodi di utilizzo. Il loro design ad alte prestazioni riduce al minimo l'usura, riducendo la necessit\u00e0 di sostituzioni frequenti e riducendo i costi operativi complessivi. Oltre alla loro superiorit\u00e0 tecnica, le borse di fresatura Xtcera sono progettate pensando all'utente. La loro eccezionale affidabilit\u00e0 garantisce un'esperienza di fresatura senza soluzioni di continuit\u00e0, consentendo ai dentisti di concentrarsi sulla creazione di restauri di alta qualit\u00e0 che superano le aspettative del paziente. Combinando velocit\u00e0, precisione e durata, permette ai laboratori dentali di raggiungere una maggiore efficienza mantenendo un'attenzione senza compromessi ai dettagli.<\/p>\n<p><strong>1. borse di fresatura di alta qualit\u00e0.<\/strong><\/p>\n<p><strong>2.Particelle ultrafine di materiale di tungsteno.<\/strong><\/p>\n<p><strong>3.Grinding pi\u00f9 veloce per la fresatura del materiale dentale.<\/strong><\/p>\n<div style=\"width: 800px;\" class=\"wp-video\"><video class=\"wp-video-shortcode\" id=\"video-3355-1\" width=\"800\" height=\"450\" preload=\"metadata\" controls=\"controls\"><source type=\"video\/mp4\" src=\"https:\/\/www.dentalxangtech.com\/wp-content\/uploads\/2024\/12\/XANGTECH-Dental-XTCERA-600-WET-Milling-Bur.mp4?_=1\" \/><a href=\"https:\/\/www.dentalxangtech.com\/wp-content\/uploads\/2024\/12\/XANGTECH-Dental-XTCERA-600-WET-Milling-Bur.mp4\">https:\/\/www.dentalxangtech.com\/wp-content\/uploads\/2024\/12\/XANGTECH-Dental-XTCERA-600-WET-Milling-Bur.mp4<\/a><\/video><\/div>","protected":false},"excerpt":{"rendered":"<p>Xtcera milling burs set a new standard in dental milling technology, offering unmatched precision, efficiency, and durability. Crafted from ultrafine tungsten rod material, these burs are designed to withstand the rigors of continuous use in high-demand dental laboratories while delivering consistently superior results. The use of advanced manufacturing processes ensures that each bur is engineered [&hellip;]<\/p>\n","protected":false},"featured_media":3359,"template":"","meta":{"_acf_changed":false},"product_brand":[],"product_cat":[44],"product_tag":[],"class_list":{"0":"post-3355","1":"product","2":"type-product","3":"status-publish","4":"has-post-thumbnail","6":"product_cat-ceramic-glass","8":"first","9":"instock","10":"shipping-taxable","11":"product-type-simple"},"acf":[],"_links":{"self":[{"href":"https:\/\/www.dentalxangtech.com\/it\/wp-json\/wp\/v2\/product\/3355","targetHints":{"allow":["GET"]}}],"collection":[{"href":"https:\/\/www.dentalxangtech.com\/it\/wp-json\/wp\/v2\/product"}],"about":[{"href":"https:\/\/www.dentalxangtech.com\/it\/wp-json\/wp\/v2\/types\/product"}],"wp:featuredmedia":[{"embeddable":true,"href":"https:\/\/www.dentalxangtech.com\/it\/wp-json\/wp\/v2\/media\/3359"}],"wp:attachment":[{"href":"https:\/\/www.dentalxangtech.com\/it\/wp-json\/wp\/v2\/media?parent=3355"}],"wp:term":[{"taxonomy":"product_brand","embeddable":true,"href":"https:\/\/www.dentalxangtech.com\/it\/wp-json\/wp\/v2\/product_brand?post=3355"},{"taxonomy":"product_cat","embeddable":true,"href":"https:\/\/www.dentalxangtech.com\/it\/wp-json\/wp\/v2\/product_cat?post=3355"},{"taxonomy":"product_tag","embeddable":true,"href":"https:\/\/www.dentalxangtech.com\/it\/wp-json\/wp\/v2\/product_tag?post=3355"}],"curies":[{"name":"WP","href":"https:\/\/api.w.org\/{rel}","templated":true}]}}