{"id":3363,"date":"2024-12-12T16:31:35","date_gmt":"2024-12-12T08:31:35","guid":{"rendered":"http\/\/www.dentalxangtech.com\/?post_type=product&#038;p=3363"},"modified":"2024-12-12T16:31:35","modified_gmt":"2024-12-12T08:31:35","slug":"dental-plus-milling-bur","status":"publish","type":"product","link":"https:\/\/www.dentalxangtech.com\/it\/product\/dental-plus-milling-bur\/","title":{"rendered":"Dentale Plus fresatura Bur"},"content":{"rendered":"<p>Nel mondo dinamico dell'odontoiatria, dove precisione ed efficienza sono fondamentali, le borse di fresatura XANGTECH Dental Plus sono emerse come una scelta leader per i professionisti che cercano affidabilit\u00e0 e prestazioni superiori. Questi strumenti incarnano una miscela di ingegneria avanzata e funzionalit\u00e0 pratiche, rendendoli indispensabili nelle procedure dentali ripristinative. Al centro delle borse di fresatura Dental Plus \u00e8 la loro eccezionale precisione, ottenuta attraverso processi produttivi meticolosi. Questi strumenti sono realizzati utilizzando innovative tecniche di galvanizzazione e rivestimento a pi\u00f9 strati, che garantiscono prestazioni di taglio costanti. La loro capacit\u00e0 di gestire materiali diversi come zirconia, ceramica e metalli sottolinea la loro versatilit\u00e0, rendendoli adatti per un'ampia gamma di ripristini dentali, tra cui corone, ponti e impiallacciature. Il design di queste borse consente una rimozione fluida e dettagliata del materiale, consentendo la creazione di restauri che imitano strettamente i denti naturali in aspetto e funzione.<\/p>\n<p>\u00c8 progettato con meticolosa attenzione ai dettagli. Fabbricate utilizzando tecnologia all'avanguardia, queste borse presentano rivestimenti densi a pi\u00f9 strati realizzati con particelle di carburo di tungsteno o diamante. Questo design migliora la loro efficienza di taglio garantendo al contempo la durata. Il risultato \u00e8 uno strumento in grado di eseguire i disegni pi\u00f9 complessi con perfetta precisione, consentendo restaurazioni che imitano da vicino l\u2019aspetto e la funzione dei denti naturali. Inoltre, queste borse di fresatura sono sottoposte a rigorosi processi di garanzia della qualit\u00e0. Ogni strumento \u00e8 sottoposto a ispezioni di misurazione laser e test di prestazioni di taglio, garantendo che soddisfino i pi\u00f9 alti standard di affidabilit\u00e0 e precisione. Questo impegno per la qualit\u00e0 si traduce in risultati prevedibili e coerenti, consentendo ai dentisti di fornire risultati eccezionali.<\/p>\n<p><strong>1. Semplice e facile da operare<\/strong><br \/>\n<strong>2. Materiale duro con qualit\u00e0 eccellente<\/strong><br \/>\n<strong>3. Ampia gamma di applicazioni<\/strong><\/p>\n<div style=\"width: 800px;\" class=\"wp-video\"><video class=\"wp-video-shortcode\" id=\"video-3363-1\" width=\"800\" height=\"450\" preload=\"metadata\" controls=\"controls\"><source type=\"video\/mp4\" src=\"https:\/\/www.dentalxangtech.com\/wp-content\/uploads\/2024\/12\/dental-plus.mp4?_=1\" \/><a href=\"https:\/\/www.dentalxangtech.com\/wp-content\/uploads\/2024\/12\/dental-plus.mp4\">https:\/\/www.dentalxangtech.com\/wp-content\/uploads\/2024\/12\/dental-plus.mp4<\/a><\/video><\/div>","protected":false},"excerpt":{"rendered":"<p>In the dynamic world of dentistry, where accuracy and efficiency are paramount, XANGTECH Dental Plus milling burs have emerged as a leading choice for professionals seeking reliability and superior performance. These tools embody a blend of advanced engineering and practical functionality, making them indispensable in restorative dental procedures.At the heart of Dental Plus milling burs [&hellip;]<\/p>\n","protected":false},"featured_media":3368,"template":"","meta":{"_acf_changed":false},"product_brand":[],"product_cat":[44],"product_tag":[],"class_list":{"0":"post-3363","1":"product","2":"type-product","3":"status-publish","4":"has-post-thumbnail","6":"product_cat-ceramic-glass","8":"first","9":"instock","10":"shipping-taxable","11":"product-type-simple"},"acf":[],"_links":{"self":[{"href":"https:\/\/www.dentalxangtech.com\/it\/wp-json\/wp\/v2\/product\/3363","targetHints":{"allow":["GET"]}}],"collection":[{"href":"https:\/\/www.dentalxangtech.com\/it\/wp-json\/wp\/v2\/product"}],"about":[{"href":"https:\/\/www.dentalxangtech.com\/it\/wp-json\/wp\/v2\/types\/product"}],"wp:featuredmedia":[{"embeddable":true,"href":"https:\/\/www.dentalxangtech.com\/it\/wp-json\/wp\/v2\/media\/3368"}],"wp:attachment":[{"href":"https:\/\/www.dentalxangtech.com\/it\/wp-json\/wp\/v2\/media?parent=3363"}],"wp:term":[{"taxonomy":"product_brand","embeddable":true,"href":"https:\/\/www.dentalxangtech.com\/it\/wp-json\/wp\/v2\/product_brand?post=3363"},{"taxonomy":"product_cat","embeddable":true,"href":"https:\/\/www.dentalxangtech.com\/it\/wp-json\/wp\/v2\/product_cat?post=3363"},{"taxonomy":"product_tag","embeddable":true,"href":"https:\/\/www.dentalxangtech.com\/it\/wp-json\/wp\/v2\/product_tag?post=3363"}],"curies":[{"name":"WP","href":"https:\/\/api.w.org\/{rel}","templated":true}]}}