{"id":3371,"date":"2024-12-13T17:02:06","date_gmt":"2024-12-13T09:02:06","guid":{"rendered":"http\/\/www.dentalxangtech.com\/?post_type=product&#038;p=3371"},"modified":"2024-12-13T17:02:06","modified_gmt":"2024-12-13T09:02:06","slug":"zotion-milling-bur","status":"publish","type":"product","link":"https:\/\/www.dentalxangtech.com\/it\/product\/zotion-milling-bur\/","title":{"rendered":"Bur fresatrice Zotion"},"content":{"rendered":"<p>Il settore odontoiatrico ha visto notevoli progressi nel corso degli anni, con strumenti e tecnologie sempre pi\u00f9 sofisticate per soddisfare le esigenze di precisione, efficienza e durata. Tra questi progressi, le borse di fresatura XANGTECH Zotion si sono affermate come pietra angolare dei moderni processi di ripristino dentale, offrendo affidabilit\u00e0 e prestazioni ineguagliabili per i professionisti dentali in tutto il mondo. Realizzato in carburo di tungsteno ultrafino, esemplifica la fusione di scienza dei materiali avanzata e ingegneria all'avanguardia. La loro robusta costruzione garantisce una durata eccezionale, rendendoli in grado di resistere ai rigori dell'uso continuo in laboratori e cliniche dentali. Che si tratti di fresatura di zirconia, PMMA, cera o persino metallo, queste borse mantengono la loro nitidezza e integrit\u00e0 strutturale, garantendo una precisione costante nel tempo. Questa longevit\u00e0 non solo riduce la frequenza di sostituzione, ma contribuisce anche all'efficienza dei costi, un fattore critico in ambienti ad alta domanda.<\/p>\n<p>La precisione \u00e8 il carattere distintivo: i loro bordi da taglio meticolosamente progettati consentono ai dentisti di ottenere dettagli intricati e finiture lisce, fondamentali per creare restauri che replichino la naturale anatomia dei denti. Dalle corone e ponti alle complesse strutture impiantali, le burse Zotion garantiscono che ogni restauro soddisfi i pi\u00f9 alti standard di precisione e estetica. Questo livello di precisione si traduce in risultati migliori per i pazienti, poich\u00e9 i ripristini si adattano perfettamente e forniscono comfort e funzionalit\u00e0 superiori. Un'altra caratteristica che ne definisce \u00e8 la loro versatilit\u00e0. Progettati per integrarsi perfettamente con una vasta gamma di fresatrici dentali, si adattano senza sforzo a vari sistemi CAD\/CAM utilizzati nella moderna odontoiatria. Questa adattabilit\u00e0 semplifica i flussi di lavoro per i laboratori dentali, consentendo ai tecnici di concentrarsi sulla produzione di ripristini di alta qualit\u00e0 senza preoccuparsi di problemi di compatibilit\u00e0. Inoltre, l\u2019ingegneria avanzata dei burs supporta la fresatura ad alta velocit\u00e0, riducendo significativamente i tempi di lavorazione mantenendo i dettagli complessi richiesti per la protesi dentale.<\/p>\n<p>La sua eccellenza si estende oltre i loro attributi fisici. Rappresentano un impegno per l\u2019innovazione e la qualit\u00e0, con ogni strumento sottoposto a rigorosi test per soddisfare rigorosi standard internazionali. Questa dedizione garantisce che ogni bur non solo performa eccezionalmente, ma incarna anche la fiducia e l'affidabilit\u00e0 che i professionisti dentali si aspettano dai loro strumenti. Il suo continuo investimento in ricerca e sviluppo sottolinea la sua missione di fornire soluzioni che migliorano l'efficienza, l'accuratezza e la soddisfazione del paziente nell'assistenza dentale.<\/p>","protected":false},"excerpt":{"rendered":"<p>The field of dentistry has witnessed remarkable advancements over the years, with tools and technologies becoming increasingly sophisticated to meet the demands of precision, efficiency, and durability. Among these advancements,XANGTECH Zotion milling burs have established themselves as a cornerstone of modern dental restoration processes, offering unmatched reliability and performance for dental professionals worldwide.Crafted from ultrafine [&hellip;]<\/p>\n","protected":false},"featured_media":3376,"template":"","meta":{"_acf_changed":false},"product_brand":[],"product_cat":[44],"product_tag":[],"class_list":{"0":"post-3371","1":"product","2":"type-product","3":"status-publish","4":"has-post-thumbnail","6":"product_cat-ceramic-glass","8":"first","9":"instock","10":"shipping-taxable","11":"product-type-simple"},"acf":[],"_links":{"self":[{"href":"https:\/\/www.dentalxangtech.com\/it\/wp-json\/wp\/v2\/product\/3371","targetHints":{"allow":["GET"]}}],"collection":[{"href":"https:\/\/www.dentalxangtech.com\/it\/wp-json\/wp\/v2\/product"}],"about":[{"href":"https:\/\/www.dentalxangtech.com\/it\/wp-json\/wp\/v2\/types\/product"}],"wp:featuredmedia":[{"embeddable":true,"href":"https:\/\/www.dentalxangtech.com\/it\/wp-json\/wp\/v2\/media\/3376"}],"wp:attachment":[{"href":"https:\/\/www.dentalxangtech.com\/it\/wp-json\/wp\/v2\/media?parent=3371"}],"wp:term":[{"taxonomy":"product_brand","embeddable":true,"href":"https:\/\/www.dentalxangtech.com\/it\/wp-json\/wp\/v2\/product_brand?post=3371"},{"taxonomy":"product_cat","embeddable":true,"href":"https:\/\/www.dentalxangtech.com\/it\/wp-json\/wp\/v2\/product_cat?post=3371"},{"taxonomy":"product_tag","embeddable":true,"href":"https:\/\/www.dentalxangtech.com\/it\/wp-json\/wp\/v2\/product_tag?post=3371"}],"curies":[{"name":"WP","href":"https:\/\/api.w.org\/{rel}","templated":true}]}}