{"id":3398,"date":"2024-12-18T17:07:08","date_gmt":"2024-12-18T09:07:08","guid":{"rendered":"http\/\/www.dentalxangtech.com\/?post_type=product&#038;p=3398"},"modified":"2024-12-18T17:07:08","modified_gmt":"2024-12-18T09:07:08","slug":"bsm-milling-bur","status":"publish","type":"product","link":"https:\/\/www.dentalxangtech.com\/it\/product\/bsm-milling-bur\/","title":{"rendered":"BSM fresatura Bur"},"content":{"rendered":"<p>XANGTECH Dental BSM Milling Bur \u00e8 una soluzione di fresatura avanzata progettata per soddisfare i pi\u00f9 alti standard di prestazioni, precisione e affidabilit\u00e0 nel settore dentale. Progettato utilizzando materiale di barra di tungsteno ultrafine, offre eccezionale durata e resistenza all'usura, garantendo risultati coerenti per lunghi periodi di utilizzo. La sua efficienza di taglio superiore riduce significativamente i tempi di fresatura, rendendolo una scelta ideale per laboratori e cliniche dentali occupati. Questa borsa di fresatura ad alte prestazioni \u00e8 progettata per la versatilit\u00e0, in grado di lavorare una vasta gamma di materiali, tra cui zirconia, PMMA, ceramica e blocchi metallici. Fornisce tagli lisci e precisi, garantendo una finitura impeccabile per i restauri dentali come corone, ponti e protesi supportate da impianti. Con un design accuratamente realizzato, fornisce una velocit\u00e0 di macinazione migliorata mantenendo al contempo i dettagli sottili necessari per i ripristini dentali complessi.<\/p>\n<p>Completamente compatibile con i principali sistemi CAD\/CAM, incluse fresatrici avanzate, questo bur soddisfa rigorose norme internazionali di tolleranza, garantendo precisione e affidabilit\u00e0. La sua compatibilit\u00e0 e precisione lo rendono uno strumento essenziale per ottenere risultati superiori in vari progetti di restauro. \u00c8 disponibile in pi\u00f9 diametri di testa per soddisfare una variet\u00e0 di esigenze di fresatura, garantendo flessibilit\u00e0 nella realizzazione di restauri con adattamento e estetica ottimali. Riducendo l'usura delle fresatrici e migliorando l'efficienza operativa, offre un valore eccezionale ai professionisti dentali. Che sia utilizzato per la fresatura di telaio in zirconia, prototipi PMMA o sottostrutture metalliche, garantisce qualit\u00e0 superiore e prestazioni economiche.<\/p>\n<p>Progettato per i professionisti che richiedono precisione, durata e affidabilit\u00e0, \u00e8 uno strumento di fiducia nei moderni flussi di lavoro di ripristino dentale. Combina ingegneria all'avanguardia con materiali innovativi per fornire risultati che soddisfano e superano le aspettative di laboratori e cliniche dentali in tutto il mondo. Scegli XANGTECH per un'esperienza di fresatura senza pari che migliora la produttivit\u00e0, la precisione e la soddisfazione del paziente.<\/p>","protected":false},"excerpt":{"rendered":"<p>The XANGTECH Dental BSM Milling Bur is an advanced milling solution designed to meet the highest standards of performance, precision, and reliability in the dental industry. Engineered using ultrafine tungsten rod material, it offers exceptional durability and wear resistance, ensuring consistent results over extended periods of use. Its superior cutting efficiency significantly reduces milling time, [&hellip;]<\/p>\n","protected":false},"featured_media":3399,"template":"","meta":{"_acf_changed":false},"product_brand":[],"product_cat":[44],"product_tag":[],"class_list":{"0":"post-3398","1":"product","2":"type-product","3":"status-publish","4":"has-post-thumbnail","6":"product_cat-ceramic-glass","8":"first","9":"instock","10":"shipping-taxable","11":"product-type-simple"},"acf":[],"_links":{"self":[{"href":"https:\/\/www.dentalxangtech.com\/it\/wp-json\/wp\/v2\/product\/3398","targetHints":{"allow":["GET"]}}],"collection":[{"href":"https:\/\/www.dentalxangtech.com\/it\/wp-json\/wp\/v2\/product"}],"about":[{"href":"https:\/\/www.dentalxangtech.com\/it\/wp-json\/wp\/v2\/types\/product"}],"wp:featuredmedia":[{"embeddable":true,"href":"https:\/\/www.dentalxangtech.com\/it\/wp-json\/wp\/v2\/media\/3399"}],"wp:attachment":[{"href":"https:\/\/www.dentalxangtech.com\/it\/wp-json\/wp\/v2\/media?parent=3398"}],"wp:term":[{"taxonomy":"product_brand","embeddable":true,"href":"https:\/\/www.dentalxangtech.com\/it\/wp-json\/wp\/v2\/product_brand?post=3398"},{"taxonomy":"product_cat","embeddable":true,"href":"https:\/\/www.dentalxangtech.com\/it\/wp-json\/wp\/v2\/product_cat?post=3398"},{"taxonomy":"product_tag","embeddable":true,"href":"https:\/\/www.dentalxangtech.com\/it\/wp-json\/wp\/v2\/product_tag?post=3398"}],"curies":[{"name":"WP","href":"https:\/\/api.w.org\/{rel}","templated":true}]}}