{"id":3405,"date":"2024-12-19T14:26:56","date_gmt":"2024-12-19T06:26:56","guid":{"rendered":"http\/\/www.dentalxangtech.com\/?post_type=product&#038;p=3405"},"modified":"2024-12-19T14:29:30","modified_gmt":"2024-12-19T06:29:30","slug":"programill-dry-milling-bur","status":"publish","type":"product","link":"https:\/\/www.dentalxangtech.com\/it\/product\/programill-dry-milling-bur\/","title":{"rendered":"PrograMill Fresatura a secco Bur"},"content":{"rendered":"<p><span style=\"font-family: arial, helvetica, sans-serif; font-size: 14pt;\">PrograMill Milling Bur \u00e8 strettamente abbinato alle fresatrici della serie Programill (come PM7, PM5, ecc.). \u00c8 realizzato su misura per le attrezzature Amann Girrbach, che possono dare pieno vantaggio alle prestazioni dell'attrezzatura ed \u00e8 particolarmente adatto per laboratori dentali di fascia alta e elaborazioni di restauro complesse. Utilizza carburo cementato di alta qualit\u00e0, funziona bene in condizioni di alta temperatura, \u00e8 adatto per la lavorazione dei metalli ad alta velocit\u00e0 e fornisce alta resistenza all'usura e resistenza all'ossidazione; alcuni modelli utilizzano carbonio simile al diamante, che \u00e8 appositamente progettato per materiali ad alta durezza (come la porcellana di zirconio) per ridurre la generazione di crepe durante il taglio. La tecnologia di rivestimento ottimizza la resistenza all'usura e al calore e prolunga la vita dell'utensile. Adatto per la lavorazione ad alta velocit\u00e0, riducendo le vibrazioni e migliorando l'efficienza produttiva.<\/span><\/p>\n<p><span style=\"font-family: arial, helvetica, sans-serif; font-size: 14pt;\">PrograMill Milling Bur ha una lunga vita, una forte stabilit\u00e0 di lavorazione e un'alta efficienza economica completa. \u00c8 adatto agli utenti che cercano la precisione. \u00c8 progettato per i restauri di alta precisione ed \u00e8 adatto per la lavorazione di corone, ponti, pilastri di impianti e altri restauri di fascia alta.<\/span><\/p>\n<p><span style=\"font-family: arial, helvetica, sans-serif; font-size: 14pt;\">PrograMill Milling Bur sono pi\u00f9 adatti per laboratori dentali con esigenze di alta precisione, soprattutto quando si lavorano materiali ad alta durezza (come la porcellana di zirconio). Sono la prima scelta per gli utenti delle attrezzature Amann Girrbach.<\/span><\/p>\n<div style=\"width: 800px;\" class=\"wp-video\"><video class=\"wp-video-shortcode\" id=\"video-3405-1\" width=\"800\" height=\"450\" preload=\"metadata\" controls=\"controls\"><source type=\"video\/mp4\" src=\"https:\/\/www.dentalxangtech.com\/wp-content\/uploads\/2024\/12\/PM-dry-milling-bur-video.mp4?_=1\" \/><a href=\"https:\/\/www.dentalxangtech.com\/wp-content\/uploads\/2024\/12\/PM-dry-milling-bur-video.mp4\">https:\/\/www.dentalxangtech.com\/wp-content\/uploads\/2024\/12\/PM-dry-milling-bur-video.mp4<\/a><\/video><\/div>\n<p>D<\/p>","protected":false},"excerpt":{"rendered":"<p>PrograMill Milling Bur is closely matched with the Programill series milling machines (such as PM7, PM5, etc.). It is tailor-made for Amann Girrbach equipment, which can give full play to the performance of the equipment and is particularly suitable for high-end dental laboratories and complex restoration processing. It uses high-quality cemented carbide, performs well under [&hellip;]<\/p>\n","protected":false},"featured_media":3407,"template":"","meta":{"_acf_changed":false},"product_brand":[],"product_cat":[44],"product_tag":[],"class_list":{"0":"post-3405","1":"product","2":"type-product","3":"status-publish","4":"has-post-thumbnail","6":"product_cat-ceramic-glass","8":"first","9":"instock","10":"shipping-taxable","11":"product-type-simple"},"acf":[],"_links":{"self":[{"href":"https:\/\/www.dentalxangtech.com\/it\/wp-json\/wp\/v2\/product\/3405","targetHints":{"allow":["GET"]}}],"collection":[{"href":"https:\/\/www.dentalxangtech.com\/it\/wp-json\/wp\/v2\/product"}],"about":[{"href":"https:\/\/www.dentalxangtech.com\/it\/wp-json\/wp\/v2\/types\/product"}],"wp:featuredmedia":[{"embeddable":true,"href":"https:\/\/www.dentalxangtech.com\/it\/wp-json\/wp\/v2\/media\/3407"}],"wp:attachment":[{"href":"https:\/\/www.dentalxangtech.com\/it\/wp-json\/wp\/v2\/media?parent=3405"}],"wp:term":[{"taxonomy":"product_brand","embeddable":true,"href":"https:\/\/www.dentalxangtech.com\/it\/wp-json\/wp\/v2\/product_brand?post=3405"},{"taxonomy":"product_cat","embeddable":true,"href":"https:\/\/www.dentalxangtech.com\/it\/wp-json\/wp\/v2\/product_cat?post=3405"},{"taxonomy":"product_tag","embeddable":true,"href":"https:\/\/www.dentalxangtech.com\/it\/wp-json\/wp\/v2\/product_tag?post=3405"}],"curies":[{"name":"WP","href":"https:\/\/api.w.org\/{rel}","templated":true}]}}