{"id":3413,"date":"2024-12-19T14:34:54","date_gmt":"2024-12-19T06:34:54","guid":{"rendered":"http\/\/www.dentalxangtech.com\/?post_type=product&#038;p=3413"},"modified":"2024-12-19T14:34:54","modified_gmt":"2024-12-19T06:34:54","slug":"yucera-milling-bur","status":"publish","type":"product","link":"https:\/\/www.dentalxangtech.com\/it\/product\/yucera-milling-bur\/","title":{"rendered":"Yucera fresatura Bur"},"content":{"rendered":"<p>Scopri il perfetto equilibrio tra efficienza, precisione e durata con XANGTECH Yucera Milling Burs, la soluzione ideale per le esigenze di fresatura dentale. Queste borse di alta qualit\u00e0 sono progettate per soddisfare le esigenze dei moderni laboratori e cliniche dentali, fornendo prestazioni eccezionali in una vasta gamma di materiali, tra cui zirconia, PMMA, cera e metalli pi\u00f9 morbidi. Realizzato in carburo di tungsteno ad alta resistenza, \u00e8 costruito per un uso di lunga durata, consentendo di fresare pi\u00f9 unit\u00e0 con un singolo bur senza compromettere le prestazioni. Il design avanzato garantisce un taglio fluido e preciso, riducendo le regolazioni manuali e migliorando significativamente la qualit\u00e0 dei restauri come corone, ponti e impianti.<\/p>\n<p>Grazie alla loro compatibilit\u00e0 universale, si integra perfettamente con le principali fresatrici dentali CAD\/CAM, rendendole una scelta versatile e conveniente per i professionisti. Ottimizzate per una macinazione pi\u00f9 rapida, queste borse risparmiano tempo prezioso durante la produzione, aumentando l'efficienza senza sacrificare la qualit\u00e0. Progettate per comfort e affidabilit\u00e0, le borse Yucera minimizzano le vibrazioni e il rumore durante il funzionamento, fornendo una migliore esperienza di lavoro. Migliorati con rivestimenti avanzati resistenti all'usura, mantengono prestazioni costanti e una durata di vita pi\u00f9 lunga, rendendoli un investimento economicamente efficace per qualsiasi studio dentale o laboratorio. Aggiorna i tuoi processi di fresatura dentale con esso e sperimenta la differenza in precisione, prestazioni e risultati. Perfetti per i professionisti che cercano affidabilit\u00e0 ed eccellenza, questi burs sono progettati per elevare ogni restauro.<\/p>","protected":false},"excerpt":{"rendered":"<p>Discover the perfect balance of efficiency, precision, and durability with XANGTECH Yucera Milling Burs, the ultimate solution for dental milling needs. These high-quality burs are engineered to meet the demands of modern dental laboratories and clinics, delivering exceptional performance across a wide range of materials, including zirconia, PMMA, wax, and softer metals.Crafted from high-strength tungsten [&hellip;]<\/p>\n","protected":false},"featured_media":3414,"template":"","meta":{"_acf_changed":false},"product_brand":[],"product_cat":[15],"product_tag":[],"class_list":{"0":"post-3413","1":"product","2":"type-product","3":"status-publish","4":"has-post-thumbnail","6":"product_cat-restoration-materials","8":"first","9":"instock","10":"shipping-taxable","11":"product-type-simple"},"acf":[],"_links":{"self":[{"href":"https:\/\/www.dentalxangtech.com\/it\/wp-json\/wp\/v2\/product\/3413","targetHints":{"allow":["GET"]}}],"collection":[{"href":"https:\/\/www.dentalxangtech.com\/it\/wp-json\/wp\/v2\/product"}],"about":[{"href":"https:\/\/www.dentalxangtech.com\/it\/wp-json\/wp\/v2\/types\/product"}],"wp:featuredmedia":[{"embeddable":true,"href":"https:\/\/www.dentalxangtech.com\/it\/wp-json\/wp\/v2\/media\/3414"}],"wp:attachment":[{"href":"https:\/\/www.dentalxangtech.com\/it\/wp-json\/wp\/v2\/media?parent=3413"}],"wp:term":[{"taxonomy":"product_brand","embeddable":true,"href":"https:\/\/www.dentalxangtech.com\/it\/wp-json\/wp\/v2\/product_brand?post=3413"},{"taxonomy":"product_cat","embeddable":true,"href":"https:\/\/www.dentalxangtech.com\/it\/wp-json\/wp\/v2\/product_cat?post=3413"},{"taxonomy":"product_tag","embeddable":true,"href":"https:\/\/www.dentalxangtech.com\/it\/wp-json\/wp\/v2\/product_tag?post=3413"}],"curies":[{"name":"WP","href":"https:\/\/api.w.org\/{rel}","templated":true}]}}