{"id":3435,"date":"2024-12-20T09:30:14","date_gmt":"2024-12-20T01:30:14","guid":{"rendered":"http\/\/www.dentalxangtech.com\/?post_type=product&#038;p=3435"},"modified":"2024-12-20T09:30:15","modified_gmt":"2024-12-20T01:30:15","slug":"jiny-milling-bur","status":"publish","type":"product","link":"https:\/\/www.dentalxangtech.com\/it\/product\/jiny-milling-bur\/","title":{"rendered":"fresatura JINY Bur"},"content":{"rendered":"<p><span style=\"font-family: arial, helvetica, sans-serif; font-size: 14pt;\">Jiny fresa bur \u00e8 uno strumento di taglio dentale di alta precisione e multiuso, che \u00e8 ampiamente utilizzato in sistemi CAD \/ CAM aperti e attrezzature di lavorazione dentale generali. La sua versatilit\u00e0 e la sua efficienza economica lo rendono molto popolare. Jiny fresatura bur ha ampia compatibilit\u00e0 di taglio ed \u00e8 adatto per materiali dentali comuni come zirconio, lega CrCo, PMMA (polimetilmetacrilato), materiali di cera, ecc. Di solito adotta carburo o processo di rivestimento, con alta resistenza all'usura e lunga durata di servizio. Jiny ha pi\u00f9 configurazioni di attrezzature, che sono adatte alla maggior parte delle attrezzature di fresatura CNC dentale aperte, come Amann Girrbach, imes-icore, VHF, ecc., incluse fresatrici a 5 assi e fresatrici a 3 assi. \u00c8 economico e ha una maggiore efficienza dei costi rispetto ad alcuni strumenti specifici del marchio.<\/span><\/p>\n<p><span style=\"font-family: arial, helvetica, sans-serif; font-size: 14pt;\">Jiny Miiling Bur viene utilizzato per lavorare corone e ponti, effettuare restauri temporanei e permanenti e lavorare protesi complesse. Jiny fresatura bur pu\u00f2 soddisfare diverse esigenze di lavorazione con prestazioni efficienti e stabili. Pu\u00f2 essere utilizzato per la lavorazione grossa, lucidatura fine e finitura.<\/span><\/p>\n<p><span style=\"font-family: arial, helvetica, sans-serif; font-size: 14pt;\">Con un'elevata efficienza dei costi e una lunga durata di servizio, il bur di fresatura Jiny \u00e8 particolarmente adatto per piccoli e medi laboratori dentali o utenti con bilanci limitati. La sua versatilit\u00e0 e affidabilit\u00e0 lo rendono una scelta popolare nel campo della lavorazione dentale, fornendo una solida garanzia per la produzione precisa di restauri.<\/span><\/p>","protected":false},"excerpt":{"rendered":"<p>Jiny milling bur is a high-precision, multi-purpose dental cutting tool, which is widely used in open CAD\/CAM systems and general dental processing equipment. Its versatility and cost-effectiveness make it widely popular. Jiny milling bur has wide cutting compatibility and is suitable for common dental materials such as zirconium, CrCo alloy, PMMA (polymethyl methacrylate), wax materials, [&hellip;]<\/p>\n","protected":false},"featured_media":3437,"template":"","meta":{"_acf_changed":false},"product_brand":[],"product_cat":[44],"product_tag":[],"class_list":{"0":"post-3435","1":"product","2":"type-product","3":"status-publish","4":"has-post-thumbnail","6":"product_cat-ceramic-glass","8":"first","9":"instock","10":"shipping-taxable","11":"product-type-simple"},"acf":[],"_links":{"self":[{"href":"https:\/\/www.dentalxangtech.com\/it\/wp-json\/wp\/v2\/product\/3435","targetHints":{"allow":["GET"]}}],"collection":[{"href":"https:\/\/www.dentalxangtech.com\/it\/wp-json\/wp\/v2\/product"}],"about":[{"href":"https:\/\/www.dentalxangtech.com\/it\/wp-json\/wp\/v2\/types\/product"}],"wp:featuredmedia":[{"embeddable":true,"href":"https:\/\/www.dentalxangtech.com\/it\/wp-json\/wp\/v2\/media\/3437"}],"wp:attachment":[{"href":"https:\/\/www.dentalxangtech.com\/it\/wp-json\/wp\/v2\/media?parent=3435"}],"wp:term":[{"taxonomy":"product_brand","embeddable":true,"href":"https:\/\/www.dentalxangtech.com\/it\/wp-json\/wp\/v2\/product_brand?post=3435"},{"taxonomy":"product_cat","embeddable":true,"href":"https:\/\/www.dentalxangtech.com\/it\/wp-json\/wp\/v2\/product_cat?post=3435"},{"taxonomy":"product_tag","embeddable":true,"href":"https:\/\/www.dentalxangtech.com\/it\/wp-json\/wp\/v2\/product_tag?post=3435"}],"curies":[{"name":"WP","href":"https:\/\/api.w.org\/{rel}","templated":true}]}}