{"id":3447,"date":"2024-12-20T17:12:17","date_gmt":"2024-12-20T09:12:17","guid":{"rendered":"http\/\/www.dentalxangtech.com\/?post_type=product&#038;p=3447"},"modified":"2024-12-20T17:12:17","modified_gmt":"2024-12-20T09:12:17","slug":"dof-milling-bur","status":"publish","type":"product","link":"https:\/\/www.dentalxangtech.com\/it\/product\/dof-milling-bur\/","title":{"rendered":"DOF fresatura Bur"},"content":{"rendered":"<p><span style=\"font-family: arial, helvetica, sans-serif; font-size: 14pt;\">Le borse di fresatura DOF sono strumenti di taglio ad alte prestazioni progettati per attrezzature CAD\/CAM dentali di marca DOF. Sono ampiamente utilizzati nella lavorazione di ripristini di protesi, tra cui la produzione di corone, ponti e modelli di strutture complesse. Realizzati in carburo di alta qualit\u00e0 o materiali di rivestimento avanzati, le borse di fresatura DOF hanno un'eccellente durezza e resistenza all'usura, possono mantenere prestazioni stabili in condizioni di alta velocit\u00e0 e carico elevato e raggiungere una lavorazione di taglio ad alta precisione.<\/span><\/p>\n<p><span style=\"font-family: arial, helvetica, sans-serif; font-size: 14pt;\">Le borse di fresatura DOF sono altamente compatibili con le fresatrici di marca DOF (come DOF) \u200b\u200b Serie SHARP, serie CRAFT), ottimizzano i percorsi di taglio e l'efficienza di lavorazione, e sono adatti per materiali dentali comuni come zirconia, leghe di cobalto-cromo, resine e materiali di cera. I suoi tipi di utensili sono completi, tra cui la rugosit\u00e0, la finitura, i coltelli a scanalatura, ecc., che possono soddisfare esigenze in pi\u00f9 fasi dalla rugosit\u00e0 alla lavorazione fine.<\/span><\/p>\n<p><span style=\"font-family: arial, helvetica, sans-serif; font-size: 14pt;\">Con l'alta precisione di lavorazione, l'effetto di taglio liscio e la lunga durata di servizio, le borse di fresatura DOF sono una scelta ideale per laboratori dentali di fascia alta e centri di lavorazione professionali, fornendo un supporto affidabile degli strumenti e un'esperienza di lavorazione di alta qualit\u00e0 per la produzione di ripristino dentale.<\/span><\/p>","protected":false},"excerpt":{"rendered":"<p>DOF milling burs are high-performance cutting tools designed for DOF brand dental CAD\/CAM equipment. They are widely used in the processing of denture restorations, including the production of crowns, bridges and complex structure models. Made of high-quality carbide or advanced coating materials, DOF milling burs have excellent hardness and wear resistance, can maintain stable performance [&hellip;]<\/p>\n","protected":false},"featured_media":3450,"template":"","meta":{"_acf_changed":false},"product_brand":[],"product_cat":[44],"product_tag":[],"class_list":{"0":"post-3447","1":"product","2":"type-product","3":"status-publish","4":"has-post-thumbnail","6":"product_cat-ceramic-glass","8":"first","9":"instock","10":"shipping-taxable","11":"product-type-simple"},"acf":[],"_links":{"self":[{"href":"https:\/\/www.dentalxangtech.com\/it\/wp-json\/wp\/v2\/product\/3447","targetHints":{"allow":["GET"]}}],"collection":[{"href":"https:\/\/www.dentalxangtech.com\/it\/wp-json\/wp\/v2\/product"}],"about":[{"href":"https:\/\/www.dentalxangtech.com\/it\/wp-json\/wp\/v2\/types\/product"}],"wp:featuredmedia":[{"embeddable":true,"href":"https:\/\/www.dentalxangtech.com\/it\/wp-json\/wp\/v2\/media\/3450"}],"wp:attachment":[{"href":"https:\/\/www.dentalxangtech.com\/it\/wp-json\/wp\/v2\/media?parent=3447"}],"wp:term":[{"taxonomy":"product_brand","embeddable":true,"href":"https:\/\/www.dentalxangtech.com\/it\/wp-json\/wp\/v2\/product_brand?post=3447"},{"taxonomy":"product_cat","embeddable":true,"href":"https:\/\/www.dentalxangtech.com\/it\/wp-json\/wp\/v2\/product_cat?post=3447"},{"taxonomy":"product_tag","embeddable":true,"href":"https:\/\/www.dentalxangtech.com\/it\/wp-json\/wp\/v2\/product_tag?post=3447"}],"curies":[{"name":"WP","href":"https:\/\/api.w.org\/{rel}","templated":true}]}}