{"id":3462,"date":"2024-12-21T11:19:44","date_gmt":"2024-12-21T03:19:44","guid":{"rendered":"http\/\/www.dentalxangtech.com\/?post_type=product&#038;p=3462"},"modified":"2024-12-21T11:19:44","modified_gmt":"2024-12-21T03:19:44","slug":"c5-milling-bur","status":"publish","type":"product","link":"https:\/\/www.dentalxangtech.com\/it\/product\/c5-milling-bur\/","title":{"rendered":"C5 fresatura Bur"},"content":{"rendered":"<p><span style=\"font-family: arial, helvetica, sans-serif; font-size: 14pt;\">Il bur di fresatura C5 \u00e8 uno strumento dentale di alta precisione ampiamente utilizzato nel trattamento orale e nelle operazioni di ripristino. \u00c8 realizzato in rivestimento in carburo o diamante, con alta durezza e resistenza all'usura, e pu\u00f2 facilmente far fronte al taglio e alla macinazione di tessuti dentali come lo smalto e la dentina. Il suo design soddisfa gli elevati standard della medicina dentale ed \u00e8 adatto per attrezzature come turbine ad alta velocit\u00e0, fornendo prestazioni stabili ed efficienti.<\/span><\/p>\n<p><span style=\"font-family: arial, helvetica, sans-serif; font-size: 14pt;\">Questo bur \u00e8 disponibile in una variet\u00e0 di specifiche per soddisfare diverse esigenze cliniche, tra cui la preparazione della cavit\u00e0, la preparazione della corona e il taglio e la lucidatura dei denti. Grazie al suo design geometrico preciso e all'eccellente durata, la borsa di fresatura C5 pu\u00f2 realizzare operazioni minimamente invasive, proteggere tessuti sani e migliorare gli effetti e l'efficienza del trattamento.<\/span><\/p>\n<p><span style=\"font-family: arial, helvetica, sans-serif; font-size: 14pt;\">Velocit\u00e0 di taglio veloce pu\u00f2 ridurre il tempo di trattamento. Supportare le operazioni minimamente invasive e proteggere i tessuti sani dei pazienti&#8217; denti. Adatto per vari laboratori e cliniche dentali, soprattutto in ambienti in cui pi\u00f9 attrezzature sono miscelate, pu\u00f2 essere applicato in modo flessibile a diversi sistemi CAD \/ CAM.<\/span><\/p>\n<div style=\"width: 800px;\" class=\"wp-video\"><video class=\"wp-video-shortcode\" id=\"video-3462-1\" width=\"800\" height=\"450\" preload=\"metadata\" controls=\"controls\"><source type=\"video\/mp4\" src=\"https:\/\/www.dentalxangtech.com\/wp-content\/uploads\/2024\/12\/Dental-C5.mp4?_=1\" \/><a href=\"https:\/\/www.dentalxangtech.com\/wp-content\/uploads\/2024\/12\/Dental-C5.mp4\">https:\/\/www.dentalxangtech.com\/wp-content\/uploads\/2024\/12\/Dental-C5.mp4<\/a><\/video><\/div>","protected":false},"excerpt":{"rendered":"<p>The C5 milling bur is a high-precision dental tool widely used in oral treatment and restoration operations. It is made of carbide or diamond coating, with high hardness and wear resistance, and can easily cope with the cutting and grinding of tooth tissues such as enamel and dentin. Its design meets the high standards of [&hellip;]<\/p>\n","protected":false},"featured_media":3464,"template":"","meta":{"_acf_changed":false},"product_brand":[],"product_cat":[44],"product_tag":[],"class_list":{"0":"post-3462","1":"product","2":"type-product","3":"status-publish","4":"has-post-thumbnail","6":"product_cat-ceramic-glass","8":"first","9":"instock","10":"shipping-taxable","11":"product-type-simple"},"acf":[],"_links":{"self":[{"href":"https:\/\/www.dentalxangtech.com\/it\/wp-json\/wp\/v2\/product\/3462","targetHints":{"allow":["GET"]}}],"collection":[{"href":"https:\/\/www.dentalxangtech.com\/it\/wp-json\/wp\/v2\/product"}],"about":[{"href":"https:\/\/www.dentalxangtech.com\/it\/wp-json\/wp\/v2\/types\/product"}],"wp:featuredmedia":[{"embeddable":true,"href":"https:\/\/www.dentalxangtech.com\/it\/wp-json\/wp\/v2\/media\/3464"}],"wp:attachment":[{"href":"https:\/\/www.dentalxangtech.com\/it\/wp-json\/wp\/v2\/media?parent=3462"}],"wp:term":[{"taxonomy":"product_brand","embeddable":true,"href":"https:\/\/www.dentalxangtech.com\/it\/wp-json\/wp\/v2\/product_brand?post=3462"},{"taxonomy":"product_cat","embeddable":true,"href":"https:\/\/www.dentalxangtech.com\/it\/wp-json\/wp\/v2\/product_cat?post=3462"},{"taxonomy":"product_tag","embeddable":true,"href":"https:\/\/www.dentalxangtech.com\/it\/wp-json\/wp\/v2\/product_tag?post=3462"}],"curies":[{"name":"WP","href":"https:\/\/api.w.org\/{rel}","templated":true}]}}