{"id":3472,"date":"2024-12-23T10:44:05","date_gmt":"2024-12-23T02:44:05","guid":{"rendered":"http\/\/www.dentalxangtech.com\/?post_type=product&#038;p=3472"},"modified":"2024-12-23T10:44:05","modified_gmt":"2024-12-23T02:44:05","slug":"cerec-3-milling-bur","status":"publish","type":"product","link":"https:\/\/www.dentalxangtech.com\/it\/product\/cerec-3-milling-bur\/","title":{"rendered":"Bora di fresatura CEREC 3"},"content":{"rendered":"<p><span style=\"font-family: arial, helvetica, sans-serif; font-size: 14pt;\">La fresatrice CEREC 3 \u00e8 semplice da usare ed efficiente ed \u00e8 progettata per fornire una soluzione di ripristino immediata sul sedile. \u00c8 progettato appositamente per cliniche dentali e pu\u00f2 lavorare rapidamente materiali ripristinatori comuni come vetroceramica e resine composite. Il bur \u00e8 facile da installare e sostituire e il percorso di fresatura viene generato automaticamente dal sistema senza impostazioni complesse. \u00c8 particolarmente adatto per le esigenze di rapido restauro di corone singole o intarsi.<\/span><\/p>\n<p><span style=\"font-family: arial, helvetica, sans-serif; font-size: 14pt;\">Il bur&#8217; il design \u00e8 altamente compatibile con il sistema CEREC 3, garantendo che la forma del restauro lavorato sia accurata e il bordo sia adatto al paziente; condizioni orali. Il suo materiale in carburo durevole e le prestazioni di fresatura efficienti possono completare le fasi di fresatura ruvida e fine del restauro in breve tempo, migliorando la clinica; S efficienza del lavoro.<\/span><\/p>\n<p><span style=\"font-family: arial, helvetica, sans-serif; font-size: 14pt;\">In termini di costo, la fresatrice CEREC 3 \u00e8 relativamente economica ed \u00e8 facile da mantenere e sostituire, fornendo una soluzione di ripristino digitale a bassa soglia per la clinica. Ci\u00f2 lo rende una scelta ideale per sistemi CAD\/CAM entry-level in molte cliniche dentali, che possono migliorare i livelli di servizio con budget limitati.<\/span><\/p>","protected":false},"excerpt":{"rendered":"<p>The CEREC 3 milling bur is simple to operate and efficient, and is designed to provide an immediate chairside restoration solution. It is designed specifically for dental clinics and can quickly process common restorative materials such as glass ceramics and composite resins. The bur is easy to install and replace, and the milling path is [&hellip;]<\/p>\n","protected":false},"featured_media":3474,"template":"","meta":{"_acf_changed":false},"product_brand":[],"product_cat":[44],"product_tag":[],"class_list":{"0":"post-3472","1":"product","2":"type-product","3":"status-publish","4":"has-post-thumbnail","6":"product_cat-ceramic-glass","8":"first","9":"instock","10":"shipping-taxable","11":"product-type-simple"},"acf":[],"_links":{"self":[{"href":"https:\/\/www.dentalxangtech.com\/it\/wp-json\/wp\/v2\/product\/3472","targetHints":{"allow":["GET"]}}],"collection":[{"href":"https:\/\/www.dentalxangtech.com\/it\/wp-json\/wp\/v2\/product"}],"about":[{"href":"https:\/\/www.dentalxangtech.com\/it\/wp-json\/wp\/v2\/types\/product"}],"wp:featuredmedia":[{"embeddable":true,"href":"https:\/\/www.dentalxangtech.com\/it\/wp-json\/wp\/v2\/media\/3474"}],"wp:attachment":[{"href":"https:\/\/www.dentalxangtech.com\/it\/wp-json\/wp\/v2\/media?parent=3472"}],"wp:term":[{"taxonomy":"product_brand","embeddable":true,"href":"https:\/\/www.dentalxangtech.com\/it\/wp-json\/wp\/v2\/product_brand?post=3472"},{"taxonomy":"product_cat","embeddable":true,"href":"https:\/\/www.dentalxangtech.com\/it\/wp-json\/wp\/v2\/product_cat?post=3472"},{"taxonomy":"product_tag","embeddable":true,"href":"https:\/\/www.dentalxangtech.com\/it\/wp-json\/wp\/v2\/product_tag?post=3472"}],"curies":[{"name":"WP","href":"https:\/\/api.w.org\/{rel}","templated":true}]}}