{"id":3488,"date":"2024-12-23T16:38:55","date_gmt":"2024-12-23T08:38:55","guid":{"rendered":"http\/\/www.dentalxangtech.com\/?post_type=product&#038;p=3488"},"modified":"2024-12-23T16:38:55","modified_gmt":"2024-12-23T08:38:55","slug":"amd-500-milling-bur","status":"publish","type":"product","link":"https:\/\/www.dentalxangtech.com\/it\/product\/amd-500-milling-bur\/","title":{"rendered":"AMD 500 Bur di fresatura"},"content":{"rendered":"<p><span style=\"font-family: arial, helvetica, sans-serif; font-size: 14pt;\">Il bur di fresatura AMD 500 copre l'intero processo di fresatura grossa, fresatura fine e lavorazione dei dettagli ed \u00e8 adatto per una variet\u00e0 di materiali restaurativi (come zirconio, vetroceramica, PMMA e materiali di cera). Realizzato con rivestimento in carburo o diamante di alta qualit\u00e0, pu\u00f2 lavorare in modo efficiente materiali ad alta durezza garantendo al contempo la modellazione precisa della forma di ripristino. \u00c8 particolarmente ottimizzato per il taglio efficiente di materiali ad alta durezza (come lo zirconio) ed \u00e8 anche adatto per la lavorazione fluida di materiali PMMA e cera.<\/span><\/p>\n<p><span style=\"font-family: arial, helvetica, sans-serif; font-size: 14pt;\">\u00c8 compatibile con sistemi CAD\/CAM aperti come Roland, imes-icore, VHF e altre attrezzature, e ha una forte versatilit\u00e0. Ha una forte versatilit\u00e0 e prestazioni equilibrate dalla fresatura grossa alla fresatura fine, che \u00e8 particolarmente adatta per la lavorazione di restauri complessi. \u00c8 progettato per i processi di ripristino dentale digitale ed \u00e8 adatto per attrezzature di fresatura multi-marca in cliniche e laboratori.<\/span><\/p>\n<p><span style=\"font-family: arial, helvetica, sans-serif; font-size: 14pt;\">La progettazione ad alta precisione della borsa garantisce la tenuta marginale e la liscia superficiale del restauro, riduce il successivo tempo di lavorazione manuale e migliora la qualit\u00e0 e l'efficienza del restauro.<\/span><\/p>","protected":false},"excerpt":{"rendered":"<p>AMD 500 milling bur covers the entire process of rough milling, fine milling and detail processing, and is suitable for a variety of restorative materials (such as zirconium, glass ceramics, PMMA and wax materials). Made of high-quality carbide or diamond coating, it can efficiently process high-hardness materials while ensuring the precise shaping of the restoration [&hellip;]<\/p>\n","protected":false},"featured_media":3489,"template":"","meta":{"_acf_changed":false},"product_brand":[],"product_cat":[44],"product_tag":[],"class_list":{"0":"post-3488","1":"product","2":"type-product","3":"status-publish","4":"has-post-thumbnail","6":"product_cat-ceramic-glass","8":"first","9":"instock","10":"shipping-taxable","11":"product-type-simple"},"acf":[],"_links":{"self":[{"href":"https:\/\/www.dentalxangtech.com\/it\/wp-json\/wp\/v2\/product\/3488","targetHints":{"allow":["GET"]}}],"collection":[{"href":"https:\/\/www.dentalxangtech.com\/it\/wp-json\/wp\/v2\/product"}],"about":[{"href":"https:\/\/www.dentalxangtech.com\/it\/wp-json\/wp\/v2\/types\/product"}],"wp:featuredmedia":[{"embeddable":true,"href":"https:\/\/www.dentalxangtech.com\/it\/wp-json\/wp\/v2\/media\/3489"}],"wp:attachment":[{"href":"https:\/\/www.dentalxangtech.com\/it\/wp-json\/wp\/v2\/media?parent=3488"}],"wp:term":[{"taxonomy":"product_brand","embeddable":true,"href":"https:\/\/www.dentalxangtech.com\/it\/wp-json\/wp\/v2\/product_brand?post=3488"},{"taxonomy":"product_cat","embeddable":true,"href":"https:\/\/www.dentalxangtech.com\/it\/wp-json\/wp\/v2\/product_cat?post=3488"},{"taxonomy":"product_tag","embeddable":true,"href":"https:\/\/www.dentalxangtech.com\/it\/wp-json\/wp\/v2\/product_tag?post=3488"}],"curies":[{"name":"WP","href":"https:\/\/api.w.org\/{rel}","templated":true}]}}