{"id":3499,"date":"2024-12-24T10:03:54","date_gmt":"2024-12-24T02:03:54","guid":{"rendered":"http\/\/www.dentalxangtech.com\/?post_type=product&#038;p=3499"},"modified":"2024-12-24T10:03:54","modified_gmt":"2024-12-24T02:03:54","slug":"s5-milling-bur","status":"publish","type":"product","link":"https:\/\/www.dentalxangtech.com\/it\/product\/s5-milling-bur\/","title":{"rendered":"S5 fresatura Bur"},"content":{"rendered":"<p><span style=\"font-family: arial, helvetica, sans-serif; font-size: 14pt;\">La borsa di fresatura S5 \u00e8 adatta per il taglio rapido di materiali di media durezza, fornendo effetti di macinazione fine e rimozione con alta efficienza.<\/span><\/p>\n<p><span style=\"font-family: arial, helvetica, sans-serif; font-size: 14pt;\">La borsa di fresatura S5 \u00e8 utilizzata principalmente per la macinazione dentale, il taglio e il taglio. \u00c8 ampiamente utilizzato per rimuovere la carie, formare cavit\u00e0, ritagliare restauri e lucidare. Le sue diverse forme e disegni lo rendono adatto per la lavorazione di superfici dentali e operazioni pi\u00f9 delicate. \u00c8 principalmente realizzato in acciaio al tungsteno o materiali di diamante con alta durezza e resistenza all'usura. Il suo design si concentra sull'efficienza e sulla sicurezza del taglio, concentrandosi sul taglio rapido e sulla bassa generazione di calore sul tessuto dentale e sui materiali ripristinativi. Le sue caratteristiche di bassa generazione di calore possono anche proteggere efficacemente il tessuto dentale e migliorare il comfort del paziente.<\/span><\/p>\n<p><span style=\"font-family: arial, helvetica, sans-serif; font-size: 14pt;\">Di solito \u00e8 adatto per turbine ad alta velocit\u00e0 e dispositivi portatili dentali, che \u00e8 conveniente per un uso flessibile nella pratica clinica. Questo tipo di bur ha un'alta efficienza di taglio e pu\u00f2 rimuovere rapidamente il tessuto dentale o i materiali ripristinativi.<\/span><\/p>","protected":false},"excerpt":{"rendered":"<p>The S5 milling bur is suitable for fast cutting of medium-hard materials, providing fine grinding and removal effects with high efficiency. The S5 milling bur is mainly used for dental grinding, trimming and cutting. It is widely used in removing caries, forming cavities, trimming restorations and polishing. Its various shapes and designs make it suitable [&hellip;]<\/p>\n","protected":false},"featured_media":3503,"template":"","meta":{"_acf_changed":false},"product_brand":[],"product_cat":[44],"product_tag":[],"class_list":{"0":"post-3499","1":"product","2":"type-product","3":"status-publish","4":"has-post-thumbnail","6":"product_cat-ceramic-glass","8":"first","9":"instock","10":"shipping-taxable","11":"product-type-simple"},"acf":[],"_links":{"self":[{"href":"https:\/\/www.dentalxangtech.com\/it\/wp-json\/wp\/v2\/product\/3499","targetHints":{"allow":["GET"]}}],"collection":[{"href":"https:\/\/www.dentalxangtech.com\/it\/wp-json\/wp\/v2\/product"}],"about":[{"href":"https:\/\/www.dentalxangtech.com\/it\/wp-json\/wp\/v2\/types\/product"}],"wp:featuredmedia":[{"embeddable":true,"href":"https:\/\/www.dentalxangtech.com\/it\/wp-json\/wp\/v2\/media\/3503"}],"wp:attachment":[{"href":"https:\/\/www.dentalxangtech.com\/it\/wp-json\/wp\/v2\/media?parent=3499"}],"wp:term":[{"taxonomy":"product_brand","embeddable":true,"href":"https:\/\/www.dentalxangtech.com\/it\/wp-json\/wp\/v2\/product_brand?post=3499"},{"taxonomy":"product_cat","embeddable":true,"href":"https:\/\/www.dentalxangtech.com\/it\/wp-json\/wp\/v2\/product_cat?post=3499"},{"taxonomy":"product_tag","embeddable":true,"href":"https:\/\/www.dentalxangtech.com\/it\/wp-json\/wp\/v2\/product_tag?post=3499"}],"curies":[{"name":"WP","href":"https:\/\/api.w.org\/{rel}","templated":true}]}}