{"id":3517,"date":"2024-12-25T10:36:19","date_gmt":"2024-12-25T02:36:19","guid":{"rendered":"http\/\/www.dentalxangtech.com\/?post_type=product&#038;p=3517"},"modified":"2024-12-25T10:36:19","modified_gmt":"2024-12-25T02:36:19","slug":"bilayer-pmma-disc","status":"publish","type":"product","link":"https:\/\/www.dentalxangtech.com\/it\/product\/bilayer-pmma-disc\/","title":{"rendered":"Disco PMMA a due strati"},"content":{"rendered":"<p><span style=\"font-family: arial, helvetica, sans-serif; font-size: 14pt;\">I blocchi pmma a due strati XANGTECH forniscono una variet\u00e0 di opzioni di spessore in base a diversi usi, che vanno da 10 mm a 25 mm e possono essere personalizzati a 30 mm. Lo spessore di 95 mm e 98 mm fornito \u00e8 la specifica standard per la maggior parte delle attrezzature CAD\/CAM dentali.<\/span><\/p>\n<p><span style=\"font-family: arial, helvetica, sans-serif; font-size: 14pt;\">I dischi PMMA a due strati sono ampiamente utilizzati nei restauri dentali a causa del loro design unico a due strati. Questa struttura a strati, che in genere combina un nucleo colore dentina e uno strato esterno traslucido simile allo smalto, consente ai restauri di imitare da vicino l'aspetto naturale dei denti. La morbida transizione cromatica migliora i risultati estetici, rendendoli ideali per i restauri anteriori e posteriori.<\/span><\/p>\n<p><span style=\"font-family: arial, helvetica, sans-serif; font-size: 14pt;\">Uno dei principali vantaggi dei dischi PMMA a due strati \u00e8 la loro eccellente lavorabilit\u00e0. Sono compatibili con sistemi CAD\/CAM, consentendo una fresatura precisa ed efficiente delle protesi dentali. Il materiale \u00e8 leggero, resistente e offre una resistenza all'usura superiore, garantendo longevit\u00e0 funzionale e comfort per i pazienti. La loro biocompatibilit\u00e0 e facilit\u00e0 di lucidatura garantiscono una finitura sicura e naturale, rendendoli una scelta popolare per i restauri dentali temporanei e a lungo termine.<\/span><\/p>","protected":false},"excerpt":{"rendered":"<p>XANGTECH bilayer pmma blocks provide a variety of thickness options according to different uses, ranging from 10mm to 25mm, and can be customized to 30mm. The thickness of 95mm and 98mm provided is the standard specification for most dental CAD\/CAM equipment. Bilayer PMMA discs are widely used in dental restorations due to their unique two-layer [&hellip;]<\/p>\n","protected":false},"featured_media":3518,"template":"","meta":{"_acf_changed":false},"product_brand":[],"product_cat":[49],"product_tag":[],"class_list":{"0":"post-3517","1":"product","2":"type-product","3":"status-publish","4":"has-post-thumbnail","6":"product_cat-pmma-block","8":"first","9":"instock","10":"shipping-taxable","11":"product-type-simple"},"acf":[],"_links":{"self":[{"href":"https:\/\/www.dentalxangtech.com\/it\/wp-json\/wp\/v2\/product\/3517","targetHints":{"allow":["GET"]}}],"collection":[{"href":"https:\/\/www.dentalxangtech.com\/it\/wp-json\/wp\/v2\/product"}],"about":[{"href":"https:\/\/www.dentalxangtech.com\/it\/wp-json\/wp\/v2\/types\/product"}],"wp:featuredmedia":[{"embeddable":true,"href":"https:\/\/www.dentalxangtech.com\/it\/wp-json\/wp\/v2\/media\/3518"}],"wp:attachment":[{"href":"https:\/\/www.dentalxangtech.com\/it\/wp-json\/wp\/v2\/media?parent=3517"}],"wp:term":[{"taxonomy":"product_brand","embeddable":true,"href":"https:\/\/www.dentalxangtech.com\/it\/wp-json\/wp\/v2\/product_brand?post=3517"},{"taxonomy":"product_cat","embeddable":true,"href":"https:\/\/www.dentalxangtech.com\/it\/wp-json\/wp\/v2\/product_cat?post=3517"},{"taxonomy":"product_tag","embeddable":true,"href":"https:\/\/www.dentalxangtech.com\/it\/wp-json\/wp\/v2\/product_tag?post=3517"}],"curies":[{"name":"WP","href":"https:\/\/api.w.org\/{rel}","templated":true}]}}