{"id":3536,"date":"2024-12-26T15:41:42","date_gmt":"2024-12-26T07:41:42","guid":{"rendered":"http\/\/www.dentalxangtech.com\/?post_type=product&#038;p=3536"},"modified":"2024-12-26T15:41:42","modified_gmt":"2024-12-26T07:41:42","slug":"3st-pink-pmma-disc","status":"publish","type":"product","link":"https:\/\/www.dentalxangtech.com\/it\/product\/3st-pink-pmma-disc\/","title":{"rendered":"3ST Disco PMMA rosa"},"content":{"rendered":"<p><span style=\"font-family: arial, helvetica, sans-serif; font-size: 14pt;\">XANGTECH 3rd Pink PMMA Disc with Veins \u00e8 un materiale specializzato in polimetilmetacrilato rosa (PMMA) progettato per i restauri dentali. La sua caratteristica unica risiede nei modelli realistici a forma di vena, che imitano da vicino l'aspetto naturale del tessuto gengivale. Fornisce un effetto estetico pi\u00f9 realistico nel restauro ed \u00e8 adatto per la produzione di corone temporanee, ponti e basi protetiche.<\/span><\/p>\n<p><span style=\"font-family: arial, helvetica, sans-serif; font-size: 14pt;\">Pu\u00f2 essere tagliato con precisione con il sistema CAD\/CAM, il modello vena-vena rimane chiaro e presenta una consistenza naturale dopo la lucidatura. Inoltre, ha buona biocompatibilit\u00e0, \u00e8 sicuro e non tossico e pu\u00f2 essere utilizzato in bocca per un lungo periodo di tempo.<\/span><\/p>\n<p><span style=\"font-family: arial, helvetica, sans-serif; font-size: 14pt;\">Il disco PMMA rosa con vene \u00e8 ampiamente utilizzato nei ripristini dentali di fascia alta e nella produzione di protesi dentali, specialmente in scenari che richiedono una simulazione elevata. La sua delicata consistenza vascolare non solo migliora la bellezza, ma incontra anche i pazienti&#8217; esigenze per un aspetto personalizzato e naturale, rendendolo un materiale preferito per i moderni restauri dentali.<\/span><\/p>","protected":false},"excerpt":{"rendered":"<p>XANGTECH 3st Pink PMMA Disc with Veins is a specialized pink polymethyl methacrylate (PMMA) material designed for dental restorations. Its unique feature lies in the realistic vein-like patterns, which closely mimic the natural appearance of gingival tissue. It provides a more realistic aesthetic effect in the restoration and is suitable for the production of temporary [&hellip;]<\/p>\n","protected":false},"featured_media":3537,"template":"","meta":{"_acf_changed":false},"product_brand":[],"product_cat":[49],"product_tag":[],"class_list":{"0":"post-3536","1":"product","2":"type-product","3":"status-publish","4":"has-post-thumbnail","6":"product_cat-pmma-block","8":"first","9":"instock","10":"shipping-taxable","11":"product-type-simple"},"acf":[],"_links":{"self":[{"href":"https:\/\/www.dentalxangtech.com\/it\/wp-json\/wp\/v2\/product\/3536","targetHints":{"allow":["GET"]}}],"collection":[{"href":"https:\/\/www.dentalxangtech.com\/it\/wp-json\/wp\/v2\/product"}],"about":[{"href":"https:\/\/www.dentalxangtech.com\/it\/wp-json\/wp\/v2\/types\/product"}],"wp:featuredmedia":[{"embeddable":true,"href":"https:\/\/www.dentalxangtech.com\/it\/wp-json\/wp\/v2\/media\/3537"}],"wp:attachment":[{"href":"https:\/\/www.dentalxangtech.com\/it\/wp-json\/wp\/v2\/media?parent=3536"}],"wp:term":[{"taxonomy":"product_brand","embeddable":true,"href":"https:\/\/www.dentalxangtech.com\/it\/wp-json\/wp\/v2\/product_brand?post=3536"},{"taxonomy":"product_cat","embeddable":true,"href":"https:\/\/www.dentalxangtech.com\/it\/wp-json\/wp\/v2\/product_cat?post=3536"},{"taxonomy":"product_tag","embeddable":true,"href":"https:\/\/www.dentalxangtech.com\/it\/wp-json\/wp\/v2\/product_tag?post=3536"}],"curies":[{"name":"WP","href":"https:\/\/api.w.org\/{rel}","templated":true}]}}