{"id":3543,"date":"2024-12-26T16:39:47","date_gmt":"2024-12-26T08:39:47","guid":{"rendered":"http\/\/www.dentalxangtech.com\/?post_type=product&#038;p=3543"},"modified":"2024-12-26T16:39:47","modified_gmt":"2024-12-26T08:39:47","slug":"super-hard-pmma-block","status":"publish","type":"product","link":"https:\/\/www.dentalxangtech.com\/it\/product\/super-hard-pmma-block\/","title":{"rendered":"Blocco PMMA super duro"},"content":{"rendered":"<p>XANGTECH Super Hard PMMA Block rappresenta il pinnacolo dell'innovazione nei materiali di ripristino dentale, offrendo resistenza, affidabilit\u00e0 e versatilit\u00e0 ineguagliabili. Specificamente progettato per procedure dentali esigenti, \u00e8 progettato per resistere ai rigori dell'uso quotidiano mantenendo la sua integrit\u00e0 e qualit\u00e0 estetica. Grazie alla sua eccezionale resistenza alla frizzatura, alle crepe e all'usura, questo blocco PMMA garantisce una durata a lungo termine, rendendolo una scelta ideale per creare ripristini di cui i pazienti possono fidarsi per anni a venire. Una delle caratteristiche distintive del blocco PMMA Super Hard XANGTECH \u00e8 la sua capacit\u00e0 di semplificare i flussi di lavoro in laboratori e cliniche dentali. Riducendo significativamente i tempi di lavorazione, permette ai dentisti di completare i loro compiti in modo pi\u00f9 efficiente mantenendo i pi\u00f9 alti standard di precisione. Questa efficienza non viene a scapito della qualit\u00e0: la sua avanzata composizione garantisce che ogni taglio, contorno e finitura siano eseguiti con una notevole precisione. Ci\u00f2 lo rende una risorsa preziosa per i tecnici dentali che cercano di migliorare la produttivit\u00e0 senza compromettere la qualit\u00e0 del loro lavoro.<\/p>\n<p>La versatilit\u00e0 di XANGTECH Super Hard PMMA Block lo distingue dagli altri materiali. \u00c8 adatto per una vasta gamma di progetti di restauro, da corone e ponti singoli a protesi dentali pi\u00f9 complesse. La sua adattabilit\u00e0 permette di soddisfare le esigenze specifiche di ogni paziente, garantendo che i ripristini si adattino senza problemi e si svolgano perfettamente. Che sia utilizzato in casi semplici o in progetti complessi, questo blocco PMMA fornisce risultati coerenti che soddisfano e superano le aspettative. Oltre ai suoi vantaggi funzionali, il blocco XANGTECH Super Hard PMMA \u00e8 progettato per aiutare i professionisti dentali a raggiungere l'eccellenza estetica. Il suo materiale ad alte prestazioni fornisce una base affidabile per i restauri che non sono solo duraturi ma anche visivamente attraenti. I pazienti beneficiano di restaurazioni che si fondono perfettamente con i loro denti naturali, offrendo un equilibrio armonioso tra forza e bellezza. Scegliere il blocco PMMA XANGTECH Super Hard significa investire in un materiale che eleva lo standard della cura dentale. Consente ai tecnici dentali e ai medici di lavorare con fiducia, sapendo che hanno un prodotto che supporta sia l'efficienza che l'eccellenza. Con la sua durata, affidabilit\u00e0 e adattabilit\u00e0, il blocco XANGTECH Super Hard PMMA \u00e8 la soluzione definitiva per creare restaurazioni di alta qualit\u00e0 e di lunga durata che migliorano la soddisfazione del paziente e stabiliscono un nuovo punto di riferimento nel settore dentale.<\/p>\n<p>Nel mondo dei restauri dentali, il materiale scelto pu\u00f2 fare tutta la differenza nel raggiungere l\u2019eccellenza sia funzionale che estetica. Tra l'ampia variet\u00e0 di materiali disponibili, XANGTECH Super Hard PMMA Block si distingue come una scelta preferita per i professionisti dentali che cercano durabilit\u00e0, efficienza e versatilit\u00e0 nel loro lavoro.<br \/>\nCi\u00f2 che distingue questo blocco PMMA \u00e8 la sua capacit\u00e0 di offrire un'eccezionale resistenza alla frizzatura, alle crepe e all'usura, rendendolo una scelta ideale per i restauri dentali di lunga durata. I pazienti possono contare sulla forza e sulla stabilit\u00e0 di questi ripristini, anche sotto uno stress significativo, garantendo che mantengano la loro integrit\u00e0 nel tempo. Questa durata \u00e8 particolarmente preziosa in un campo in cui la longevit\u00e0 e le prestazioni di un restauro sono fondamentali per la soddisfazione del paziente. Oltre alla sua impressionante durata, XANGTECH Super Hard PMMA Block migliora significativamente l'efficienza del flusso di lavoro. Progettato per ridurre i tempi di lavorazione senza compromettere la precisione, consente ai tecnici dentali di completare i restauri pi\u00f9 velocemente, il che a sua volta riduce i tempi di turnaround per i pazienti. Questa funzione di risparmio di tempo \u00e8 particolarmente cruciale nei laboratori dentali e nelle cliniche occupate, dove una produzione pi\u00f9 rapida \u00e8 essenziale per soddisfare le esigenze dei pazienti mantenendo al contempo elevati standard di qualit\u00e0.<\/p>","protected":false},"excerpt":{"rendered":"<p>XANGTECH Super Hard PMMA Block represents the pinnacle of innovation in dental restorative materials, offering unmatched strength, reliability, and versatility. Specifically designed for demanding dental procedures, it is engineered to withstand the rigors of daily use while maintaining its integrity and aesthetic quality. With its exceptional resistance to chipping, cracking, and wear, this PMMA block [&hellip;]<\/p>\n","protected":false},"featured_media":3545,"template":"","meta":{"_acf_changed":false},"product_brand":[],"product_cat":[49],"product_tag":[],"class_list":{"0":"post-3543","1":"product","2":"type-product","3":"status-publish","4":"has-post-thumbnail","6":"product_cat-pmma-block","8":"first","9":"instock","10":"shipping-taxable","11":"product-type-simple"},"acf":[],"_links":{"self":[{"href":"https:\/\/www.dentalxangtech.com\/it\/wp-json\/wp\/v2\/product\/3543","targetHints":{"allow":["GET"]}}],"collection":[{"href":"https:\/\/www.dentalxangtech.com\/it\/wp-json\/wp\/v2\/product"}],"about":[{"href":"https:\/\/www.dentalxangtech.com\/it\/wp-json\/wp\/v2\/types\/product"}],"wp:featuredmedia":[{"embeddable":true,"href":"https:\/\/www.dentalxangtech.com\/it\/wp-json\/wp\/v2\/media\/3545"}],"wp:attachment":[{"href":"https:\/\/www.dentalxangtech.com\/it\/wp-json\/wp\/v2\/media?parent=3543"}],"wp:term":[{"taxonomy":"product_brand","embeddable":true,"href":"https:\/\/www.dentalxangtech.com\/it\/wp-json\/wp\/v2\/product_brand?post=3543"},{"taxonomy":"product_cat","embeddable":true,"href":"https:\/\/www.dentalxangtech.com\/it\/wp-json\/wp\/v2\/product_cat?post=3543"},{"taxonomy":"product_tag","embeddable":true,"href":"https:\/\/www.dentalxangtech.com\/it\/wp-json\/wp\/v2\/product_tag?post=3543"}],"curies":[{"name":"WP","href":"https:\/\/api.w.org\/{rel}","templated":true}]}}