{"id":3957,"date":"2025-07-04T11:28:24","date_gmt":"2025-07-04T03:28:24","guid":{"rendered":"http\/\/www.dentalxangtech.com\/?post_type=product&#038;p=3957"},"modified":"2025-07-04T11:28:25","modified_gmt":"2025-07-04T03:28:25","slug":"4d-pro-aesthetics-multilayer-zirconia-block","status":"publish","type":"product","link":"https:\/\/www.dentalxangtech.com\/it\/product\/4d-pro-aesthetics-multilayer-zirconia-block\/","title":{"rendered":"Blocco di zirconia multistrato di estetica 4D Pro"},"content":{"rendered":"<p>XANGTECH 4D Pro estetico multilayer zirconia blocco \u00e8 un materiale innovativo sviluppato specificamente per esigenze di restauro estetico di fascia alta. Integra risultati di ricerca scientifica avanzata e processi di ingegneria di precisione, rompendo in modo completo i limiti estetici e di prestazioni dei materiali tradizionali in zirconia. Adotta un unico design di impilamento a 5 strati, che riproduce con precisione le caratteristiche ottiche dei denti naturali dall'estremit\u00e0 di taglio al collo attraverso un gradiente di trasmissione della luce dal 49% al 59% del collo, ottenendo un effetto di gradiente pi\u00f9 naturale e tridimensionale. Ci\u00f2 consente al restauro di presentare un vivido senso di gerarchia e lucentezza trasparente simile ai denti veri in diverse condizioni di illuminazione e ambienti orali. Allo stesso tempo, la sua innovativa struttura gradiente a 9 strati ottimizza ulteriormente la ricchezza e la profondit\u00e0 dei colori interni, portando un'alta trasparenza e una sensazione di luce morbida simile allo smalto in porcellana, consentendo al restauro di raggiungere un livello pi\u00f9 elevato di estetica, fusione e nascondimento, perfettamente adatto al paziente; colore del dente individuale, dando al restauro un effetto altamente biomimetico, quasi indistinguibile dal confine tra denti naturali. A differenza dei materiali tradizionali che richiedono pi\u00f9 tinture o colorazione superficiale, pu\u00f2 presentare direttamente un'espressione di colore stabile e naturale senza tintura aggiuntiva. Questo non solo riduce notevolmente il rischio di differenza di colore e incertezza causata dal processo di tintura, ma migliora anche efficacemente la semplicit\u00e0 e l'efficienza clinica dell'operazione tecnica, aiutando i medici a raggiungere l'effetto estetico previsto pi\u00f9 facilmente e con precisione, garantendo la stabilit\u00e0 del colore a lungo termine e la durata del restauro.<br \/>\nVale la pena notare che, pur enfatizzando le prestazioni estetiche, questo materiale mantiene ancora un'eccellente resistenza meccanica, che pu\u00f2 facilmente far fronte a complesse esigenze funzionali orali e carichi di morso a lungo termine. Che si tratti di impiallacciature dentali anteriori, ripristini a corona completa o ripristini dentali posteriori parziali che richiedono una maggiore resistenza e durata, pu\u00f2 fornire ai pazienti un'esperienza utente sicura, affidabile e confortevole. Con le sue eccellenti prestazioni ottiche, il vantaggio del processo di non tintura, le eccellenti prestazioni meccaniche e l'ultima ricerca dei dettagli, non \u00e8 solo un materiale, ma rappresenta anche un rispetto e la riproduzione dell'estetica naturale, una protezione e un impegno nei confronti dei pazienti; sorrisi fiduciosi. Aiuta i medici a realizzare piani di restauro complessi in modo pi\u00f9 efficiente e accurato, riducendo la pressione operativa, dotando al contempo i pazienti di una bellezza dentale naturale e di una garanzia funzionale duratura, rendendo ogni restauro testimone della perfetta combinazione di bellezza naturale e potenza scientifica.<\/p>\n<div style=\"width: 800px;\" class=\"wp-video\"><video class=\"wp-video-shortcode\" id=\"video-3957-1\" width=\"800\" height=\"450\" preload=\"metadata\" controls=\"controls\"><source type=\"video\/mp4\" src=\"http:\/\/http\/\/www.dentalxangtech.com\/wp-content\/uploads\/2025\/07\/4D-Pro\u7f8e\u5b66\u9506\u5feb2025V1.mp4?_=1\" \/><a href=\"http:\/\/http\/\/www.dentalxangtech.com\/wp-content\/uploads\/2025\/07\/4D-Pro\u7f8e\u5b66\u9506\u5feb2025V1.mp4\">http:\/\/http\/\/www.dentalxangtech.com\/wp-content\/uploads\/2025\/07\/4D-Pro\u7f8e\u5b66\u9506\u5feb2025V1.mp4<\/a><\/video><\/div>","protected":false},"excerpt":{"rendered":"<p>XANGTECH 4D Pro aesthetic multilayer zirconia block is an innovative material developed specifically for high-end aesthetic restoration needs. It integrates advanced scientific research achievements and precision engineering processes, comprehensively breaking through the aesthetic and performance limitations of traditional zirconia materials. It adopts a unique 5-layer stacking design, which accurately reproduces the optical characteristics of natural [&hellip;]<\/p>\n","protected":false},"featured_media":3962,"template":"","meta":{"_acf_changed":false},"product_brand":[],"product_cat":[51],"product_tag":[],"class_list":{"0":"post-3957","1":"product","2":"type-product","3":"status-publish","4":"has-post-thumbnail","6":"product_cat-multilayer-zirconia-blcok","8":"first","9":"instock","10":"shipping-taxable","11":"product-type-simple"},"acf":[],"_links":{"self":[{"href":"https:\/\/www.dentalxangtech.com\/it\/wp-json\/wp\/v2\/product\/3957","targetHints":{"allow":["GET"]}}],"collection":[{"href":"https:\/\/www.dentalxangtech.com\/it\/wp-json\/wp\/v2\/product"}],"about":[{"href":"https:\/\/www.dentalxangtech.com\/it\/wp-json\/wp\/v2\/types\/product"}],"wp:featuredmedia":[{"embeddable":true,"href":"https:\/\/www.dentalxangtech.com\/it\/wp-json\/wp\/v2\/media\/3962"}],"wp:attachment":[{"href":"https:\/\/www.dentalxangtech.com\/it\/wp-json\/wp\/v2\/media?parent=3957"}],"wp:term":[{"taxonomy":"product_brand","embeddable":true,"href":"https:\/\/www.dentalxangtech.com\/it\/wp-json\/wp\/v2\/product_brand?post=3957"},{"taxonomy":"product_cat","embeddable":true,"href":"https:\/\/www.dentalxangtech.com\/it\/wp-json\/wp\/v2\/product_cat?post=3957"},{"taxonomy":"product_tag","embeddable":true,"href":"https:\/\/www.dentalxangtech.com\/it\/wp-json\/wp\/v2\/product_tag?post=3957"}],"curies":[{"name":"WP","href":"https:\/\/api.w.org\/{rel}","templated":true}]}}