{"id":4008,"date":"2025-07-17T17:40:06","date_gmt":"2025-07-17T09:40:06","guid":{"rendered":"https:\/\/www.dentalxangtech.com\/?post_type=product&#038;p=4008"},"modified":"2025-09-11T11:25:05","modified_gmt":"2025-09-11T03:25:05","slug":"rx-8h-metal-milling-machine","status":"publish","type":"product","link":"https:\/\/www.dentalxangtech.com\/it\/product\/rx-8h-metal-milling-machine\/","title":{"rendered":"RX-8H fresatrice di metallo"},"content":{"rendered":"<p><span style=\"font-size: 14pt;\">La fresatrice metallica XANGTECH RX-8H \u00e8 una soluzione dentale intelligente progettata appositamente per la lavorazione dentale di precisione. Non solo ha un design verticale, confortevole e integrato, ma per garantire precisione e stabilit\u00e0 a lungo termine, la nostra fresatrice RX-8H utilizza componenti internazionali di alto livello nella sua struttura meccanica di base e componenti di controllo. All'interno della fresatrice, noi&#8217; vi dotato di un sistema di controllo intelligente personalizzato, high-computing. Combinato con la sua elaborazione dei dati ad alta velocit\u00e0 proprietaria, il controllo di precisione a livello di micron e le capacit\u00e0 decisionali adattative, pu\u00f2 soddisfare i requisiti di lavorazione personalizzati in base alle caratteristiche di materiali dentali come il titanio. Inoltre, genera automaticamente parametri di lavorazione ottimali e incorpora un sistema di protezione intelligente a pi\u00f9 strati (compresa la protezione dal sovraccarico, il monitoraggio della temperatura in tempo reale e gli avvisi di lavorazione anormale) per salvaguardare in modo completo il funzionamento della macchina e la sicurezza della lavorazione.<\/span><\/p>\n<p><span style=\"font-size: 14pt;\">Riducendo la complessit\u00e0 operativa e aumentando il livello di automazione del processo di lavorazione, la fresatrice dentale RX-8H pu\u00f2 raggiungere un funzionamento completamente senza equipaggio. La fresatrice dentale XANGTECH RX-8H non \u00e8 solo dotata di un magazzino intelligente a 21 utensili di grande capacit\u00e0, ma consente anche l'avvio con un solo pulsante per attivare l'intero processo di lavorazione. La fresatrice metallica RX-8H esegue anche automaticamente cambiamenti di utensili, rilevamento preciso della lunghezza degli utensili e correzione dinamica della postura degli utensili, riducendo al minimo il tempo di lavoro ausiliario e migliorando l'efficienza della lavorazione a lotto. La nostra fresatrice di metallo&#8217; Il fuso di precisione ultra-alta velocit\u00e0, con una velocit\u00e0 massima di 60.000 giri al minuto, combina una potente potenza di taglio con una stabilit\u00e0 operativa a livello di micron. Ci\u00f2 consente di tagliare facilmente ed efficientemente materiali dentali ad alta durezza come i dischi di titanio mantenendo la finitura superficiale e la precisione dimensionale di prodotti come corone e pilastri. Per soddisfare le diverse esigenze degli scenari di lavorazione dentale, la fresatrice dentale in metallo RX-8H ha un'adattabilit\u00e0 altamente flessibile: pu\u00f2 personalizzare e abbinare strategie di lavorazione esclusive in base alle caratteristiche di diversi materiali dentali, come titanio puro, lega di titanio, lingotto di diamante, resina <span style=\"color: #00ccff;\"><a style=\"color: #00ccff;\" href=\"https:\/\/www.dentalxangtech.com\/it\/categoria-prodotto\/dental-material\/dental-wax-block\/\">blocchi di cera<\/a><\/span>, <span style=\"color: #00ccff;\"><a style=\"color: #00ccff;\" href=\"https:\/\/www.dentalxangtech.com\/it\/categoria-prodotto\/dental-material\/lithium-disilicate\/\">vetroceramica<\/a><\/span>, pilastri prefabbricati e pilastri personalizzati. La fresatrice metallica XANGTECH detnal RX-8H pu\u00f2 anche coprire pienamente le esigenze di produzione personalizzate di diversi utenti come cliniche dentali e fabbriche di lavorazione di protezioni dentali in base a diversi tipi di corone come corone complete, ponti e abutment di impianto, fornendo supporto per attrezzature dentali di base che combina precisione, efficienza e flessibilit\u00e0 per la produzione dentale di fascia alta.<\/span><\/p>\n<p><strong><span style=\"font-size: 18pt;\">1. Attrezzature di taglio del metallo efficienti e stabili.<\/span><\/strong><\/p>\n<p><strong><span style=\"font-size: 18pt;\">2. magazzino strumento da 21 pollici con cambio automatico strumento.<\/span><\/strong><\/p>\n<p><strong><span style=\"font-size: 18pt;\">3. Angoli dell'asse B fino a 35\u00b0 e -91\u00b0.<\/span><\/strong><\/p>\n<p><strong><span style=\"font-size: 18pt;\">4. Rilevamento automatico della vita degli utensili e dell'usura.<\/span><\/strong><\/p>\n<p><strong><span style=\"font-size: 18pt;\">5. Calibrazione automatica a un tocco.<\/span><\/strong><\/p>\n<p><strong><span style=\"font-size: 18pt;\">6. Abutment, barra dell'impianto e soluzioni di elaborazione del ponte dell'impianto.<\/span><\/strong><\/p>\n<p>&nbsp;<\/p>\n<p><img fetchpriority=\"high\" decoding=\"async\" class=\"alignnone wp-image-4248\" src=\"https:\/\/www.dentalxangtech.com\/wp-content\/uploads\/2025\/07\/RX-8H-300x264.png\" alt=\"RX-8H fresatrice di metallo \" width=\"550\" height=\"485\" srcset=\"https:\/\/www.dentalxangtech.com\/wp-content\/uploads\/2025\/07\/RX-8H-300x264.png 300w, https:\/\/www.dentalxangtech.com\/wp-content\/uploads\/2025\/07\/RX-8H-14x12.png 14w, https:\/\/www.dentalxangtech.com\/wp-content\/uploads\/2025\/07\/RX-8H-600x529.png 600w, https:\/\/www.dentalxangtech.com\/wp-content\/uploads\/2025\/07\/RX-8H.png 692w\" sizes=\"(max-width: 550px) 100vw, 550px\" \/>\u00a0 \u00a0 \u00a0 \u00a0 \u00a0 \u00a0 \u00a0 \u00a0 \u00a0 \u00a0 \u00a0 \u00a0 <img decoding=\"async\" class=\"alignnone wp-image-4249\" src=\"https:\/\/www.dentalxangtech.com\/wp-content\/uploads\/2025\/07\/RX-8H-1-300x266.png\" alt=\"RX-8H fresatrice di metallo \" width=\"550\" height=\"488\" srcset=\"https:\/\/www.dentalxangtech.com\/wp-content\/uploads\/2025\/07\/RX-8H-1-300x266.png 300w, https:\/\/www.dentalxangtech.com\/wp-content\/uploads\/2025\/07\/RX-8H-1-14x12.png 14w, https:\/\/www.dentalxangtech.com\/wp-content\/uploads\/2025\/07\/RX-8H-1.png 531w\" sizes=\"(max-width: 550px) 100vw, 550px\" \/><\/p>\n<p>&nbsp;<\/p>","protected":false},"excerpt":{"rendered":"<p>XANGTECH RX-8H metal milling machine is an intelligent dental solution specifically designed for precision dental machining. Not only does it feature a vertical, comfortable, integrated design, but to guarantee precision and long-term stability from the ground up, our RX-8H milling machine utilizes top-tier international components in its core mechanical structure and control components. Within the [&hellip;]<\/p>\n","protected":false},"featured_media":4009,"template":"","meta":{"_acf_changed":false},"product_brand":[],"product_cat":[40],"product_tag":[],"class_list":{"0":"post-4008","1":"product","2":"type-product","3":"status-publish","4":"has-post-thumbnail","6":"product_cat-digital-equipments","8":"first","9":"instock","10":"shipping-taxable","11":"product-type-simple"},"acf":[],"_links":{"self":[{"href":"https:\/\/www.dentalxangtech.com\/it\/wp-json\/wp\/v2\/product\/4008","targetHints":{"allow":["GET"]}}],"collection":[{"href":"https:\/\/www.dentalxangtech.com\/it\/wp-json\/wp\/v2\/product"}],"about":[{"href":"https:\/\/www.dentalxangtech.com\/it\/wp-json\/wp\/v2\/types\/product"}],"wp:featuredmedia":[{"embeddable":true,"href":"https:\/\/www.dentalxangtech.com\/it\/wp-json\/wp\/v2\/media\/4009"}],"wp:attachment":[{"href":"https:\/\/www.dentalxangtech.com\/it\/wp-json\/wp\/v2\/media?parent=4008"}],"wp:term":[{"taxonomy":"product_brand","embeddable":true,"href":"https:\/\/www.dentalxangtech.com\/it\/wp-json\/wp\/v2\/product_brand?post=4008"},{"taxonomy":"product_cat","embeddable":true,"href":"https:\/\/www.dentalxangtech.com\/it\/wp-json\/wp\/v2\/product_cat?post=4008"},{"taxonomy":"product_tag","embeddable":true,"href":"https:\/\/www.dentalxangtech.com\/it\/wp-json\/wp\/v2\/product_tag?post=4008"}],"curies":[{"name":"WP","href":"https:\/\/api.w.org\/{rel}","templated":true}]}}