{"id":4157,"date":"2025-08-28T15:34:41","date_gmt":"2025-08-28T07:34:41","guid":{"rendered":"http\/\/www.dentalxangtech.com\/?post_type=product&#038;p=4157"},"modified":"2025-08-28T15:34:41","modified_gmt":"2025-08-28T07:34:41","slug":"pf1200d-porcelain-furnace","status":"publish","type":"product","link":"https:\/\/www.dentalxangtech.com\/it\/product\/pf1200d-porcelain-furnace\/","title":{"rendered":"Forno di porcellana PF1200D"},"content":{"rendered":"<p>Forno in porcellana XANGTECH PF1200D \u00e8 versatile. Modalit\u00e0 bicurva, presentazione completa del processo di cristallizzazione. Gli utenti possono anche scegliere la modalit\u00e0 singola curva o doppia curva in base alle proprie esigenze dentali. In secondo luogo, l'eccellente funzione di regolazione della temperatura automatica del nostro forno di porcellana dentale pu\u00f2 controllare la fluttuazione della temperatura entro 1 \u2103. Per la comodit\u00e0 del funzionamento del forno in porcellana, il forno in porcellana XANGTECH ha una funzione di taratura automatica della temperatura, che pu\u00f2 tarare la temperatura prima di ogni uso. Questi controlli di temperatura forniscono un ambiente di vuoto stabile per il forno in ceramica. Durante il funzionamento, il forno in porcellana mostrer\u00e0 la sua funzione di annuncio vocale per la conferma in tempo reale del processo di funzionamento.<br \/>\nIl nostro forno in porcellana pu\u00f2 contenere fino a 50 programmi, che sono facili da capire e adattano perfettamente a una vasta gamma di esigenze dentali. Inoltre, non \u00e8 richiesta alcuna formazione dentale complicata, che riduce la difficolt\u00e0 dell'operazione, risparmia tempo di operazione e migliora l'efficienza del lavoro. Nel vero schermo touch a colori che lo abbiamo dotato, l'interfaccia di funzionamento \u00e8 molto semplice e intuitiva. La cosa pi\u00f9 notevole \u00e8 che questo forno in porcellana \u00e8 di dimensioni molto piccole, che lo consente di essere posizionato e utilizzato anche in luoghi di piccolo spazio come laboratori dentali, piccoli studi, cliniche dentali, ecc. Inoltre, lo abbiamo dotato di una pompa a vuoto di piccole dimensioni che pu\u00f2 funzionare in modo efficiente con esso.<\/p>\n<div style=\"width: 800px;\" class=\"wp-video\"><video class=\"wp-video-shortcode\" id=\"video-4157-1\" width=\"800\" height=\"450\" preload=\"metadata\" controls=\"controls\"><source type=\"video\/mp4\" src=\"http:\/\/http\/\/www.dentalxangtech.com\/wp-content\/uploads\/2025\/08\/47.3MB.mp4?_=1\" \/><a href=\"http:\/\/http\/\/www.dentalxangtech.com\/wp-content\/uploads\/2025\/08\/47.3MB.mp4\">http:\/\/http\/\/www.dentalxangtech.com\/wp-content\/uploads\/2025\/08\/47.3MB.mp4<\/a><\/video><\/div>","protected":false},"excerpt":{"rendered":"<p>XANGTECH PF1200D porcelain furnace is versatile. Bicurve mode, complete presentation of the crystallization process. Users can also choose single curve or double curve mode according to their own dental needs. Secondly, the excellent auto-temperature regulation function of our dental porcelain furnace can control the temperature fluctuation within 1\u2103. For the convenience of operating the porcelain [&hellip;]<\/p>\n","protected":false},"featured_media":4165,"template":"","meta":{"_acf_changed":false},"product_brand":[],"product_cat":[66],"product_tag":[],"class_list":{"0":"post-4157","1":"product","2":"type-product","3":"status-publish","4":"has-post-thumbnail","6":"product_cat-glaze-paste","8":"first","9":"instock","10":"shipping-taxable","11":"product-type-simple"},"acf":[],"_links":{"self":[{"href":"https:\/\/www.dentalxangtech.com\/it\/wp-json\/wp\/v2\/product\/4157","targetHints":{"allow":["GET"]}}],"collection":[{"href":"https:\/\/www.dentalxangtech.com\/it\/wp-json\/wp\/v2\/product"}],"about":[{"href":"https:\/\/www.dentalxangtech.com\/it\/wp-json\/wp\/v2\/types\/product"}],"wp:featuredmedia":[{"embeddable":true,"href":"https:\/\/www.dentalxangtech.com\/it\/wp-json\/wp\/v2\/media\/4165"}],"wp:attachment":[{"href":"https:\/\/www.dentalxangtech.com\/it\/wp-json\/wp\/v2\/media?parent=4157"}],"wp:term":[{"taxonomy":"product_brand","embeddable":true,"href":"https:\/\/www.dentalxangtech.com\/it\/wp-json\/wp\/v2\/product_brand?post=4157"},{"taxonomy":"product_cat","embeddable":true,"href":"https:\/\/www.dentalxangtech.com\/it\/wp-json\/wp\/v2\/product_cat?post=4157"},{"taxonomy":"product_tag","embeddable":true,"href":"https:\/\/www.dentalxangtech.com\/it\/wp-json\/wp\/v2\/product_tag?post=4157"}],"curies":[{"name":"WP","href":"https:\/\/api.w.org\/{rel}","templated":true}]}}