{"id":4610,"date":"2026-01-16T16:09:16","date_gmt":"2026-01-16T08:09:16","guid":{"rendered":"https:\/\/www.dentalxangtech.com\/?post_type=product&#038;p=4610"},"modified":"2026-01-16T16:09:17","modified_gmt":"2026-01-16T08:09:17","slug":"xangtech-xt-60-dry%ef%bc%86wet-milling-machine","status":"publish","type":"product","link":"https:\/\/www.dentalxangtech.com\/it\/product\/xangtech-xt-60-dry%ef%bc%86wet-milling-machine\/","title":{"rendered":"XANGTECH XT-60 Fresatrice secca e umida"},"content":{"rendered":"<p><span style=\"font-size: 14pt;\">XANGTECH XT-60 dentale secco &amp; fresatrice a umido \u00e8 uno strumento dentale integrato a umido e secco digitale di fascia alta progettato per la moderna lavorazione del restauro dentale. Il suo sistema intelligente a doppia modalit\u00e0 consente un passaggio rapido e stabile tra fresatura a secco e umida sulla stessa piattaforma, adattandosi in modo flessibile a diversi materiali e esigenze di lavorazione. La macchina pu\u00f2 elaborare in modo efficiente vari materiali ripristinatori comunemente utilizzati come zirconia, vetroceramica, PMMA e dischi di titanio ed \u00e8 ampiamente utilizzata nella fabbricazione di vari restauri tra cui corone, ponti, intarsi e impiallacciature, riducendo efficacemente i costi di configurazione delle attrezzature migliorando al contempo la copertura di elaborazione. La nostra fresatrice dentale XT-60 dispone di un mandrino ad alta potenza da 2,5 kW, combinato con una struttura del corpo della macchina ad alta rigidit\u00e0 e un sistema di controllo del movimento ad alta precisione, mantenendo prestazioni di lavorazione stabili e affidabili anche sotto taglio ad alta velocit\u00e0 e funzionamento continuo a lungo termine, rendendo con precisione strutture complesse e bordi fini. Allo stesso tempo, \u00e8 dotato di un sistema automatico di cambio utensili con un magazzino da 21 utensili, che pu\u00f2 cambiare automaticamente tra pi\u00f9 utensili in base al flusso di lavorazione, riducendo significativamente l'intervento manuale, accorciando i cicli di lavorazione e migliorando significativamente l'efficienza produttiva complessiva. La sua precisione di ripetibilit\u00e0 di \u00b13 \u03bcm soddisfa i rigorosi requisiti dei restauri di fascia alta per precisione e coerenza, garantendo una qualit\u00e0 del prodotto finito stabile e controllabile. Con il suo design integrato di lavorazione a umido e secco, la configurazione altamente automatizzata e l'eccezionale precisione e stabilit\u00e0, la fresatrice XANGTECH Dental Lab XT-60 fornisce ai laboratori e alle cliniche dentali una soluzione di lavorazione digitale efficiente, flessibile e affidabile.<\/span><\/p>\n<div style=\"width: 800px;\" class=\"wp-video\"><video class=\"wp-video-shortcode\" id=\"video-4610-1\" width=\"800\" height=\"450\" preload=\"metadata\" controls=\"controls\"><source type=\"video\/mp4\" src=\"https:\/\/www.dentalxangtech.com\/wp-content\/uploads\/2026\/01\/xt-60-milling-machine.mp4?_=1\" \/><a href=\"https:\/\/www.dentalxangtech.com\/wp-content\/uploads\/2026\/01\/xt-60-milling-machine.mp4\">https:\/\/www.dentalxangtech.com\/wp-content\/uploads\/2026\/01\/xt-60-milling-machine.mp4<\/a><\/video><\/div>","protected":false},"excerpt":{"rendered":"<p>XANGTECH XT-60 dental dry &amp; wet milling machine is a high-end digital wet and dry integrated dental instrument designed for modern dental restoration processing. Its intelligent dual-mode system enables rapid and stable switching between dry and wet milling on the same platform, flexibly adapting to different materials and processing requirements. The machine can efficiently process [&hellip;]<\/p>\n","protected":false},"featured_media":4612,"template":"","meta":{"_acf_changed":false},"product_brand":[],"product_cat":[76],"product_tag":[],"class_list":{"0":"post-4610","1":"product","2":"type-product","3":"status-publish","4":"has-post-thumbnail","6":"product_cat-dental-milling-machine","8":"first","9":"instock","10":"shipping-taxable","11":"product-type-simple"},"acf":[],"_links":{"self":[{"href":"https:\/\/www.dentalxangtech.com\/it\/wp-json\/wp\/v2\/product\/4610","targetHints":{"allow":["GET"]}}],"collection":[{"href":"https:\/\/www.dentalxangtech.com\/it\/wp-json\/wp\/v2\/product"}],"about":[{"href":"https:\/\/www.dentalxangtech.com\/it\/wp-json\/wp\/v2\/types\/product"}],"wp:featuredmedia":[{"embeddable":true,"href":"https:\/\/www.dentalxangtech.com\/it\/wp-json\/wp\/v2\/media\/4612"}],"wp:attachment":[{"href":"https:\/\/www.dentalxangtech.com\/it\/wp-json\/wp\/v2\/media?parent=4610"}],"wp:term":[{"taxonomy":"product_brand","embeddable":true,"href":"https:\/\/www.dentalxangtech.com\/it\/wp-json\/wp\/v2\/product_brand?post=4610"},{"taxonomy":"product_cat","embeddable":true,"href":"https:\/\/www.dentalxangtech.com\/it\/wp-json\/wp\/v2\/product_cat?post=4610"},{"taxonomy":"product_tag","embeddable":true,"href":"https:\/\/www.dentalxangtech.com\/it\/wp-json\/wp\/v2\/product_tag?post=4610"}],"curies":[{"name":"WP","href":"https:\/\/api.w.org\/{rel}","templated":true}]}}