{"id":1496,"date":"2024-06-21T19:11:37","date_gmt":"2024-06-21T11:11:37","guid":{"rendered":"https:\/\/www.dentalxangtech.com\/?post_type=product&#038;p=1496"},"modified":"2025-09-30T11:27:11","modified_gmt":"2025-09-30T03:27:11","slug":"3d-pro-multilayer-zirconia-block","status":"publish","type":"product","link":"https:\/\/www.dentalxangtech.com\/pt\/product\/3d-pro-multilayer-zirconia-block\/","title":{"rendered":"Bloque de Zirconia 3D Pro Multilayer"},"content":{"rendered":"<p><span style=\"font-family: arial, helvetica, sans-serif; font-size: 14pt;\">O XANGTECH 3D pro multilayer zirconia[UNK]block[UNK]\u00e9 baseado no material de zirconia recentemente desenvolvido com gradiente. Ela imita as propriedades dos dentes naturais em termos de est\u00e9tica e dimens\u00f5es f\u00edsicas, com uma transi\u00e7\u00e3o natural e qualidade superior. Tem uma gama abrangente de indica\u00e7\u00f5es para a fabrica\u00e7\u00e3o de pontes e implantes de grande extens\u00e3o.<\/span><br \/>\n<span style=\"font-family: arial, helvetica, sans-serif; font-size: 14pt;\">Nossos blocos de zirc\u00f4nia 3D pro multicamadas s\u00e3o usados em uma ampla gama de aplica\u00e7\u00f5es e s\u00e3o particularmente adequados para criar coroas e pontes que se encaixam perfeitamente para o paciente&#8217; os dentes. Al\u00e9m disso, a alta for \u00e7a e a biocompatibilidade da zirc\u00f4nia fazem dele um material ideal para implantes dent\u00e1rios e restaura\u00e7\u00f5es. Nos \u00faltimos anos, tamb\u00e9m tem sido cada vez mais utilizada para veneros dent\u00e1rios e entradas \u00e0 medida que a est\u00e9tica do material dent\u00e1rio melhorou. \u00c9 tamb\u00e9m o melhor material para restaura\u00e7\u00f5es de boca completa para pacientes com dentes gravemente faltantes ou a maioria dos dentes. Al\u00e9m disso, pacientes que foram submetidos ao tratamento com canais raiz tamb\u00e9m podem us\u00e1-lo para criar postos de polpa que s\u00e3o usados para suportar o dente e evitar que mais fratura ocorra ap\u00f3s o tratamento.<\/span><\/p>\n<p><span style=\"font-family: arial, helvetica, sans-serif; font-size: 14pt;\"><strong>1. A \u00faltima tecnologia e design<\/strong><\/span><br \/>\n<span style=\"font-family: arial, helvetica, sans-serif; font-size: 14pt;\"><strong>2. Resolver uma ampla gama de problemas dent\u00e1rios<\/strong><\/span><br \/>\n<span style=\"font-family: arial, helvetica, sans-serif; font-size: 14pt;\"><strong>3.Transi\u00e7\u00f5es multicamadas para reduzir a colora\u00e7\u00e3o n\u00e3o natural<\/strong><\/span><br \/>\n<span style=\"font-family: arial, helvetica, sans-serif; font-size: 14pt;\"><strong>4.Redu\u00e7\u00e3o do dano oral<\/strong><\/span><\/p>\n<p><iframe title=\"XANGTECH 3D Pro Multilayer Zirconia Block\" width=\"800\" height=\"450\" src=\"https:\/\/www.youtube.com\/embed\/eZJJL2YFzaM?feature=oembed\" frameborder=\"0\" allow=\"accelerometer; autoplay; clipboard-write; encrypted-media; gyroscope; picture-in-picture; web-share\" referrerpolicy=\"strict-origin-when-cross-origin\" allowfullscreen><\/iframe><\/p>","protected":false},"excerpt":{"rendered":"<p>The XANGTECH 3D pro multilayer zirconia\u00a0block\u00a0is based on the newly developed zirconia material with gradient. It mimics the properties of natural teeth in terms of aesthetics and physical dimensions, with a natural transition and superior quality. It has a comprehensive range of indications for the fabrication of large span bridges and implants. Our 3D pro [&hellip;]<\/p>\n","protected":false},"featured_media":3710,"template":"","meta":{"_acf_changed":false},"product_brand":[],"product_cat":[51],"product_tag":[],"class_list":{"0":"post-1496","1":"product","2":"type-product","3":"status-publish","4":"has-post-thumbnail","6":"product_cat-multilayer-zirconia-blcok","8":"first","9":"instock","10":"shipping-taxable","11":"product-type-simple"},"acf":[],"_links":{"self":[{"href":"https:\/\/www.dentalxangtech.com\/pt\/wp-json\/wp\/v2\/product\/1496","targetHints":{"allow":["GET"]}}],"collection":[{"href":"https:\/\/www.dentalxangtech.com\/pt\/wp-json\/wp\/v2\/product"}],"about":[{"href":"https:\/\/www.dentalxangtech.com\/pt\/wp-json\/wp\/v2\/types\/product"}],"wp:featuredmedia":[{"embeddable":true,"href":"https:\/\/www.dentalxangtech.com\/pt\/wp-json\/wp\/v2\/media\/3710"}],"wp:attachment":[{"href":"https:\/\/www.dentalxangtech.com\/pt\/wp-json\/wp\/v2\/media?parent=1496"}],"wp:term":[{"taxonomy":"product_brand","embeddable":true,"href":"https:\/\/www.dentalxangtech.com\/pt\/wp-json\/wp\/v2\/product_brand?post=1496"},{"taxonomy":"product_cat","embeddable":true,"href":"https:\/\/www.dentalxangtech.com\/pt\/wp-json\/wp\/v2\/product_cat?post=1496"},{"taxonomy":"product_tag","embeddable":true,"href":"https:\/\/www.dentalxangtech.com\/pt\/wp-json\/wp\/v2\/product_tag?post=1496"}],"curies":[{"name":"wp","href":"https:\/\/api.w.org\/{rel}","templated":true}]}}