{"id":1502,"date":"2024-06-21T19:23:40","date_gmt":"2024-06-21T11:23:40","guid":{"rendered":"https:\/\/www.dentalxangtech.com\/?post_type=product&#038;p=1502"},"modified":"2024-11-26T15:28:20","modified_gmt":"2024-11-26T07:28:20","slug":"high-translucent-plus-white-zirconia-block","status":"publish","type":"product","link":"https:\/\/www.dentalxangtech.com\/pt\/product\/high-translucent-plus-white-zirconia-block\/","title":{"rendered":"Bloco de Circ\u00f3nia Branca Alto Transl\u00facido Plus"},"content":{"rendered":"<p><span style=\"font-family: arial, helvetica, sans-serif;\">XANGTECH bloco de zirc\u00f4nia alta transparente e branca \u00e9 um avan\u00e7o revolucion\u00e1rio em materiais de restaura\u00e7\u00e3o dental, oferecendo um equil\u00edbrio perfeito de durabilidade, qualidade est\u00e9tica e acessibilidade. Desenvolvido para melhorar a qualidade e a longevidade das restaura\u00e7\u00f5es dent\u00e1rias, este bloco de zirc\u00f4nia \u00e9 conhecido por sua dura\u00e7\u00e3o superior, excelentes propriedades qu\u00edmicas e uma biocompatibilidade not\u00e1vel. Esses atributos fazem com que seja uma escolha ideal para uma ampla gama de aplica\u00e7\u00f5es dent\u00e1rias, de coronas simples a restaura\u00e7\u00f5es mais complexas de m\u00faltiplas unidades, assegurando o sucesso funcional e est\u00e9tico. O que separa esse bloco de zirc\u00f4nia \u00e9 sua capacidade de combinar alta transpar\u00eancia com for \u00e7a, permitindo-lhe semelhar estreitamente \u00e0 cor natural e \u00e0 apar\u00eancia dos dentes, mantendo a robusteza necess\u00e1ria para restaura\u00e7\u00f5es de longa dura\u00e7\u00e3o. Fabricado usando um processo de press\u00e3o isost\u00e1tica fria avan\u00e7ado, o bloco garante densidade uniforme e qualidade consistente, tornando-o uma escolha confi\u00e1vel para profissionais dent\u00e1rios que requerem resultados previs\u00edveis todas as vezes. A tecnologia de press\u00e3o isost\u00e1tica fria tamb\u00e9m aumenta o bloco s vida de servi\u00e7o, assegurando que restaura\u00e7\u00f5es feitas deste material possam suportar o teste do tempo ao mesmo tempo que oferecem excelentes desempenhos.<\/span><\/p>\n<p><span style=\"font-family: arial, helvetica, sans-serif;\">Al\u00e9m de sua impressionante durabilidade, oferece uma resist\u00eancia excepcional \u00e0s manchas, assegurando que as restaura\u00e7\u00f5es mant\u00eam sua apar\u00eancia primitiva ao longo dos anos. Sua alta resist\u00eancia qu\u00edmica significa que ela resistir\u00e1 ao uso di\u00e1rio, mantendo restaura\u00e7\u00f5es dent\u00e1rias frescas e naturais por per\u00edodos mais longos. Apesar de seu alto desempenho, este bloco de circ\u00f3nia permanece uma op\u00e7\u00e3o acess\u00edvel, permitindo aos profissionais dentais oferecer solu\u00e7\u00f5es de restaura\u00e7\u00e3o de alta qualidade e custo-eficazes para seus pacientes sem comprometer os padr\u00f5es est\u00e9ticos ou funcionais. Finalmente, \u00e9 um verdadeiro testemunho da inova\u00e7\u00e3o em curso em materiais dentais, proporcionando aos profissionais dentais uma solu\u00e7\u00e3o confi\u00e1vel, de alta qualidade e rentavelmente eficaz para criar restaura\u00e7\u00f5es lindas e duradouras. Se voc\u00ea est\u00e1 trabalhando com uma coroa de uma \u00fanica unidade ou uma restaura\u00e7\u00e3o de um arco completo, este bloco de circ\u00f4nia assegura que suas restaura\u00e7\u00f5es n\u00e3o s\u00f3 cumprir\u00e3o mas excedam as expectativas do paciente.<\/span><\/p>\n<p><span style=\"font-family: arial, helvetica, sans-serif; font-size: 14pt;\"><strong>1. Alta resist\u00eancia \u00e0s manchas<\/strong><\/span><br \/>\n<span style=\"font-family: arial, helvetica, sans-serif; font-size: 14pt;\"><strong>2.Press\u00e3o isost\u00e1tica fria para prolongar a vida de servi\u00e7o<\/strong><\/span><br \/>\n<span style=\"font-family: arial, helvetica, sans-serif; font-size: 14pt;\"><strong>3.Capacidade de molhamento de alta precis\u00e3o<\/strong><\/span><br \/>\n<span style=\"font-family: arial, helvetica, sans-serif; font-size: 14pt;\"><strong>4.Fun\u00e7\u00e3o oral melhorada<\/strong><\/span><\/p>\n<div style=\"width: 800px;\" class=\"wp-video\"><video class=\"wp-video-shortcode\" id=\"video-1502-1\" width=\"800\" height=\"450\" preload=\"metadata\" controls=\"controls\"><source type=\"video\/mp4\" src=\"https:\/\/www.dentalxangtech.com\/wp-content\/uploads\/2024\/06\/High-translucent-plus-white-zirconia-block-2.mp4?_=1\" \/><a href=\"https:\/\/www.dentalxangtech.com\/wp-content\/uploads\/2024\/06\/High-translucent-plus-white-zirconia-block-2.mp4\">https:\/\/www.dentalxangtech.com\/wp-content\/uploads\/2024\/06\/High-translucent-plus-white-zirconia-block-2.mp4<\/a><\/video><\/div>","protected":false},"excerpt":{"rendered":"<p>XANGTECH high translucent plus white zirconia block is a revolutionary advancement in dental restoration materials, offering a perfect balance of durability, aesthetic quality, and affordability. Crafted to improve the quality and longevity of tooth restorations, this zirconia block is known for its superior hardness, excellent chemical properties, and remarkable biocompatibility. These attributes make it an [&hellip;]<\/p>\n","protected":false},"featured_media":2987,"template":"","meta":{"_acf_changed":false},"product_brand":[],"product_cat":[15,53,43],"product_tag":[],"class_list":{"0":"post-1502","1":"product","2":"type-product","3":"status-publish","4":"has-post-thumbnail","6":"product_cat-restoration-materials","7":"product_cat-white-zirconia-block","8":"product_cat-zirconia-block","10":"first","11":"instock","12":"shipping-taxable","13":"product-type-simple"},"acf":[],"_links":{"self":[{"href":"https:\/\/www.dentalxangtech.com\/pt\/wp-json\/wp\/v2\/product\/1502","targetHints":{"allow":["GET"]}}],"collection":[{"href":"https:\/\/www.dentalxangtech.com\/pt\/wp-json\/wp\/v2\/product"}],"about":[{"href":"https:\/\/www.dentalxangtech.com\/pt\/wp-json\/wp\/v2\/types\/product"}],"wp:featuredmedia":[{"embeddable":true,"href":"https:\/\/www.dentalxangtech.com\/pt\/wp-json\/wp\/v2\/media\/2987"}],"wp:attachment":[{"href":"https:\/\/www.dentalxangtech.com\/pt\/wp-json\/wp\/v2\/media?parent=1502"}],"wp:term":[{"taxonomy":"product_brand","embeddable":true,"href":"https:\/\/www.dentalxangtech.com\/pt\/wp-json\/wp\/v2\/product_brand?post=1502"},{"taxonomy":"product_cat","embeddable":true,"href":"https:\/\/www.dentalxangtech.com\/pt\/wp-json\/wp\/v2\/product_cat?post=1502"},{"taxonomy":"product_tag","embeddable":true,"href":"https:\/\/www.dentalxangtech.com\/pt\/wp-json\/wp\/v2\/product_tag?post=1502"}],"curies":[{"name":"wp","href":"https:\/\/api.w.org\/{rel}","templated":true}]}}