{"id":1503,"date":"2024-06-21T19:00:51","date_gmt":"2024-06-21T11:00:51","guid":{"rendered":"https:\/\/www.dentalxangtech.com\/?post_type=product&#038;p=1503"},"modified":"2024-11-26T16:13:29","modified_gmt":"2024-11-26T08:13:29","slug":"high-translucent-pre-shaded-zirconia-block","status":"publish","type":"product","link":"https:\/\/www.dentalxangtech.com\/pt\/product\/high-translucent-pre-shaded-zirconia-block\/","title":{"rendered":"Bloco de Circ\u00f4nia Alto Transl\u00facido e Pr\u00e9-Sombreado"},"content":{"rendered":"<p><span style=\"font-family: arial, helvetica, sans-serif; font-size: 14pt;\">XANGTECH High Translucent Pre-Shaded Zirconia Block \u00e9 reconhecido como uma solu\u00e7\u00e3o l\u00edder em restaura\u00e7\u00f5es dent\u00e1rias, celebrada por sua durabilidade excepcional e habilidades precisas de ajustamento de cores. Este produto especializado \u00e9 meticulosamente projetado para exig\u00eancias exigentes de aplica\u00e7\u00f5es dent\u00e1rias, com dificuldade n\u00e3o comparada que assegura desempenho duradouro em v\u00e1rios procedimentos restaurativos. Os profissionais dentais apreciam a versatilidade dela, que, sem esfor\u00e7o, acomoda a cria\u00e7\u00e3o de coroas simples, pontes complexas e solu\u00e7\u00f5es pr\u00f3teses abrangentes. Sua robust a constru\u00e7\u00e3o n\u00e3o s\u00f3 garante confiabilidade, mas tamb\u00e9m contribui para sua reputa\u00e7\u00e3o de qualidade consistente em escala global.<\/span><br \/>\n<span style=\"font-family: arial, helvetica, sans-serif; font-size: 14pt;\">Conhecido pela sua capacidade de replicar cor natural de dentes com precis\u00e3o not\u00e1vel, o bloco de circ\u00f4nia pr\u00e9-sombreado XANGTECH High Translucent Pre-Shaded Zirconia Block se integra sem problemas com os pacientes&#8217; a denti\u00e7\u00e3o existente, trazendo resultados est\u00e9ticamente agrad\u00e1veis que inspirem confian\u00e7a e satisfa\u00e7\u00e3o. Os dentistas e t\u00e9cnicos confiam neste material avan\u00e7ado para alcan\u00e7ar resultados superiores sem compromisso, estabelecendo novos padr\u00f5es em restaura\u00e7\u00e3o dental tanto para a fun\u00e7\u00e3o como para a apar\u00eancia.<\/span><\/p>\n<p>&nbsp;<\/p>\n<p><span style=\"font-family: arial, helvetica, sans-serif; font-size: 14pt;\"><strong>1. \u00c9 f\u00e1cil usar o processo de molhamento<\/strong><\/span><br \/>\n<span style=\"font-family: arial, helvetica, sans-serif; font-size: 14pt;\"><strong>2.Cor e transpar\u00eancia consistentes<\/strong><\/span><br \/>\n<span style=\"font-family: arial, helvetica, sans-serif; font-size: 14pt;\"><strong>3.Adaptabilidade para v\u00e1rias aplica\u00e7\u00f5es<\/strong><\/span><\/p>\n<div style=\"width: 800px;\" class=\"wp-video\"><video class=\"wp-video-shortcode\" id=\"video-1503-1\" width=\"800\" height=\"450\" preload=\"metadata\" controls=\"controls\"><source type=\"video\/mp4\" src=\"https:\/\/www.dentalxangtech.com\/wp-content\/uploads\/2024\/06\/High-translucent-color-zirconia-block.mp4?_=1\" \/><a href=\"https:\/\/www.dentalxangtech.com\/wp-content\/uploads\/2024\/06\/High-translucent-color-zirconia-block.mp4\">https:\/\/www.dentalxangtech.com\/wp-content\/uploads\/2024\/06\/High-translucent-color-zirconia-block.mp4<\/a><\/video><\/div>\n<p>&nbsp;<\/p>\n<p>&nbsp;<\/p>","protected":false},"excerpt":{"rendered":"<p>XANGTECH High Translucent Pre-Shaded Zirconia Block is recognized as a leading solution in dental restorations, celebrated for its exceptional durability and precise color matching capabilities. This specialized product is meticulously engineered for the demanding requirements of dental applications, featuring unparalleled hardness that ensures enduring performance throughout various restorative procedures. Dental professionals appreciate the versatility of [&hellip;]<\/p>\n","protected":false},"featured_media":2999,"template":"","meta":{"_acf_changed":false},"product_brand":[],"product_cat":[52],"product_tag":[],"class_list":{"0":"post-1503","1":"product","2":"type-product","3":"status-publish","4":"has-post-thumbnail","6":"product_cat-pre-shaded-zirconia-block","8":"first","9":"instock","10":"shipping-taxable","11":"product-type-simple"},"acf":[],"_links":{"self":[{"href":"https:\/\/www.dentalxangtech.com\/pt\/wp-json\/wp\/v2\/product\/1503","targetHints":{"allow":["GET"]}}],"collection":[{"href":"https:\/\/www.dentalxangtech.com\/pt\/wp-json\/wp\/v2\/product"}],"about":[{"href":"https:\/\/www.dentalxangtech.com\/pt\/wp-json\/wp\/v2\/types\/product"}],"wp:featuredmedia":[{"embeddable":true,"href":"https:\/\/www.dentalxangtech.com\/pt\/wp-json\/wp\/v2\/media\/2999"}],"wp:attachment":[{"href":"https:\/\/www.dentalxangtech.com\/pt\/wp-json\/wp\/v2\/media?parent=1503"}],"wp:term":[{"taxonomy":"product_brand","embeddable":true,"href":"https:\/\/www.dentalxangtech.com\/pt\/wp-json\/wp\/v2\/product_brand?post=1503"},{"taxonomy":"product_cat","embeddable":true,"href":"https:\/\/www.dentalxangtech.com\/pt\/wp-json\/wp\/v2\/product_cat?post=1503"},{"taxonomy":"product_tag","embeddable":true,"href":"https:\/\/www.dentalxangtech.com\/pt\/wp-json\/wp\/v2\/product_tag?post=1503"}],"curies":[{"name":"wp","href":"https:\/\/api.w.org\/{rel}","templated":true}]}}