{"id":1504,"date":"2024-06-21T19:00:49","date_gmt":"2024-06-21T11:00:49","guid":{"rendered":"https:\/\/www.dentalxangtech.com\/?post_type=product&#038;p=1504"},"modified":"2024-11-26T17:23:09","modified_gmt":"2024-11-26T09:23:09","slug":"super-translucent-pre-shaded-zirconia-block","status":"publish","type":"product","link":"https:\/\/www.dentalxangtech.com\/pt\/product\/super-translucent-pre-shaded-zirconia-block\/","title":{"rendered":"Super Transl\u00facido Bloco de Zirconia Pr\u00e9-Sombreado"},"content":{"rendered":"<p>XANGTECH super transl\u00facido bloco de zirc\u00f4nia pr\u00e9-sombreado representa um salto significativo para frente em materiais de restaura\u00e7\u00e3o dental, oferecendo desempenho superior e efici\u00eancia melhorada em compara\u00e7\u00e3o com blocos tradicionais de zirc\u00f4nia branca. Especificamente projetado para satisfazer as crescentes demandas da dentistia modern a, este material avan\u00e7ado combina excelente est\u00e9tica com dura\u00e7\u00e3o longa, tornando-a uma escolha ideal para uma ampla gama de aplica\u00e7\u00f5es dent\u00e1rias. Ao contr\u00e1rio da zirc\u00f4nia convencional, que muitas vezes requer sombra ou colora\u00e7\u00e3o adicional, o design pr\u00e9-sombra deste bloco de zirc\u00f4nia simplifica o processo de restaura\u00e7\u00e3o eliminando a necessidade de aplica\u00e7\u00e3o p\u00f3s-processamento de cores. Isso n\u00e3o s\u00f3 reduz o tempo geral de procedimento, mas tamb\u00e9m ajuda os profissionais dentais a racionalizar seu fluxo de trabalho, aumentando finalmente a produtividade no laborat\u00f3rio dental. Com uma textura dura que assegura for \u00e7a prolongada e confiabilidade, ela \u00e9 constru\u00edda para resistir ao desgaste e l\u00e1grima do uso di\u00e1rio, tornando-a adequada para aplica\u00e7\u00f5es dent\u00e1rias a longo prazo como coronas, pontes e outras pr\u00f3teses fixas. A tecnologia avan\u00e7ada de fabrica\u00e7\u00e3o atr\u00e1s deste bloco assegura que cada pe\u00e7a oferece qualidade consistente, alcan\u00e7ando um alto n\u00edvel de precis\u00e3o e detalhes na restaura\u00e7\u00e3o final. A alta transpar\u00eancia do material permite a est\u00e9tica como a vida que se mistura sem problemas com dentes naturais, tornando-o uma escolha excelente para restaura\u00e7\u00f5es anteriores e posteriores onde a apar\u00eancia \u00e9 crucial.<\/p>\n<p>Al\u00e9m de sua excelente durabilidade e qualidades est\u00e9ticas, aumenta o conforto dos pacientes com suas propriedades n\u00e3o irritantes e n\u00e3o invasivas. Isso o torna um material seguro e confi\u00e1vel para uma ampla gama de pacientes dentais, particularmente aqueles com tecidos orais sens\u00edveis. Os restaura\u00e7\u00f5es terminados satisfazem as altas exig\u00eancias est\u00e9ticas da dentistia moderna, mantendo uma excelente funcionalidade, assegurando que tanto os profissionais dent\u00e1rios quanto os pacientes beneficiem de resultados superiores. Com sua facilidade de uso, fluxo de trabalho racionalizado e desempenho consistente, este bloco de circ\u00f3nia \u00e9 uma solu\u00e7\u00e3o confi\u00e1vel para alcan\u00e7ar restaura\u00e7\u00f5es dent\u00e1rias de alta qualidade, duradoura e est\u00e9ticamente agrad\u00e1vel.<\/p>\n<p><strong><span style=\"font-family: arial, helvetica, sans-serif; font-size: 14pt;\">1. Tecnologia avan\u00e7ada para produtividade<\/span><\/strong><br \/>\n<strong><span style=\"font-family: arial, helvetica, sans-serif; font-size: 14pt;\">2. Textura dura para durabilidade<\/span><\/strong><br \/>\n<strong><span style=\"font-family: arial, helvetica, sans-serif; font-size: 14pt;\">3. Reduzido tempo de cor para efici\u00eancia<\/span><\/strong><br \/>\n<strong><span style=\"font-family: arial, helvetica, sans-serif; font-size: 14pt;\">4. Produtos perfeitos para est\u00e9tica<\/span><\/strong><\/p>\n<div style=\"width: 800px;\" class=\"wp-video\"><video class=\"wp-video-shortcode\" id=\"video-1504-1\" width=\"800\" height=\"450\" preload=\"metadata\" controls=\"controls\"><source type=\"video\/mp4\" src=\"https:\/\/www.dentalxangtech.com\/wp-content\/uploads\/2024\/06\/STC-zirconia-video.mp4?_=1\" \/><a href=\"https:\/\/www.dentalxangtech.com\/wp-content\/uploads\/2024\/06\/STC-zirconia-video.mp4\">https:\/\/www.dentalxangtech.com\/wp-content\/uploads\/2024\/06\/STC-zirconia-video.mp4<\/a><\/video><\/div>","protected":false},"excerpt":{"rendered":"<p>XANGTECH super translucent pre-Shaded zirconia block represents a significant leap forward in dental restoration materials, offering superior performance and enhanced efficiency compared to traditional white zirconia blocks. Specifically designed to meet the growing demands of modern dentistry, this advanced material combines excellent aesthetics with long-lasting durability, making it an ideal choice for a wide range [&hellip;]<\/p>\n","protected":false},"featured_media":3005,"template":"","meta":{"_acf_changed":false},"product_brand":[],"product_cat":[52,15,43],"product_tag":[],"class_list":{"0":"post-1504","1":"product","2":"type-product","3":"status-publish","4":"has-post-thumbnail","6":"product_cat-pre-shaded-zirconia-block","7":"product_cat-restoration-materials","8":"product_cat-zirconia-block","10":"first","11":"instock","12":"shipping-taxable","13":"product-type-simple"},"acf":[],"_links":{"self":[{"href":"https:\/\/www.dentalxangtech.com\/pt\/wp-json\/wp\/v2\/product\/1504","targetHints":{"allow":["GET"]}}],"collection":[{"href":"https:\/\/www.dentalxangtech.com\/pt\/wp-json\/wp\/v2\/product"}],"about":[{"href":"https:\/\/www.dentalxangtech.com\/pt\/wp-json\/wp\/v2\/types\/product"}],"wp:featuredmedia":[{"embeddable":true,"href":"https:\/\/www.dentalxangtech.com\/pt\/wp-json\/wp\/v2\/media\/3005"}],"wp:attachment":[{"href":"https:\/\/www.dentalxangtech.com\/pt\/wp-json\/wp\/v2\/media?parent=1504"}],"wp:term":[{"taxonomy":"product_brand","embeddable":true,"href":"https:\/\/www.dentalxangtech.com\/pt\/wp-json\/wp\/v2\/product_brand?post=1504"},{"taxonomy":"product_cat","embeddable":true,"href":"https:\/\/www.dentalxangtech.com\/pt\/wp-json\/wp\/v2\/product_cat?post=1504"},{"taxonomy":"product_tag","embeddable":true,"href":"https:\/\/www.dentalxangtech.com\/pt\/wp-json\/wp\/v2\/product_tag?post=1504"}],"curies":[{"name":"wp","href":"https:\/\/api.w.org\/{rel}","templated":true}]}}