{"id":1506,"date":"2024-06-21T19:00:00","date_gmt":"2024-06-21T11:00:00","guid":{"rendered":"https:\/\/www.dentalxangtech.com\/?post_type=product&#038;p=1506"},"modified":"2024-11-27T11:20:02","modified_gmt":"2024-11-27T03:20:02","slug":"super-high-translucent-pre-shaded-zirconia-block","status":"publish","type":"product","link":"https:\/\/www.dentalxangtech.com\/pt\/product\/super-high-translucent-pre-shaded-zirconia-block\/","title":{"rendered":"Bloco de Circ\u00f4nia Super Transl\u00facido e Pr\u00e9-Sombreado"},"content":{"rendered":"<p><span style=\"font-family: arial, helvetica, sans-serif; font-size: 14pt;\">XANGTECH super transl\u00facido bloco de zirc\u00f4nia pr\u00e9-sombreado \u00e9 meticulosamente constru\u00eddo para elevar restaura\u00e7\u00f5es dent\u00e1rias com um equil\u00edbrio perfeito de apelo est\u00e9tico e durabilidade funcional. Reconhecido por suas excelentes propriedades antienvelhecimento, este material avan\u00e7ado de zirc\u00f4nia oferece resist\u00eancia excepcional \u00e0 descolora\u00e7\u00e3o e degrada\u00e7\u00e3o ao longo do tempo, assegurando resultados de longa dura\u00e7\u00e3o que mant\u00eam sua brilhante original. Com maior transmiss\u00e3o de luz do que os materiais tradicionais, a xirc\u00f4nia XANGTECH atinge uma apar\u00eancia natural atrav\u00e9s da transmiss\u00e3o efetiva de luz, replicando a translu\u00eancia dos dentes naturais. Essa caracter\u00edstica \u00e9 crucial na cria\u00e7\u00e3o de restaura\u00e7\u00f5es que se misturam sem problemas com a denti\u00e7\u00e3o ao redor, melhorando a est\u00e9tica do sorriso global.<\/span><br \/>\n<span style=\"font-family: arial, helvetica, sans-serif; font-size: 14pt;\">Selecionada cuidadosamente para suas caracter\u00edsticas est\u00e9ticas superiores, a zirc\u00f4nia XANGTECH \u00e9 ideal para satisfazer os exigentes requisitos est\u00e9ticos da dentistia moderna. Sua estabilidade de cores e habilidade de imitar sombras dent\u00e1rias naturais fazem com que seja uma escolha preferida entre profissionais dent\u00e1rios buscando realizar restaura\u00e7\u00f5es lindas e vivas. Al\u00e9m disso, a xirc\u00f4nia XANGTECH oferece boa estabilidade, assegurando desempenho confi\u00e1vel em v\u00e1rias aplica\u00e7\u00f5es dent\u00e1rias. Seja usados para coroas, pontes ou solu\u00e7\u00f5es pr\u00f3teses complexas, profissionais dentais podem confiar na xirc\u00f4nia XANGTECH para produzir resultados consistentes e duradouros que satisfa\u00e7am tanto as expectativas est\u00e9ticas quanto as exig\u00eancias funcionais.<\/span><\/p>\n<p>&nbsp;<\/p>\n<p><strong><span style=\"font-family: arial, helvetica, sans-serif; font-size: 14pt;\">1. Excelentes propriedades anti-envelhecimento<\/span><\/strong><br \/>\n<strong><span style=\"font-family: arial, helvetica, sans-serif; font-size: 14pt;\">2.Uma maior transmiss\u00e3o de luz<\/span><\/strong><br \/>\n<strong><span style=\"font-family: arial, helvetica, sans-serif; font-size: 14pt;\">3. Material selecionado para est\u00e9tica<\/span><\/strong><br \/>\n<strong><span style=\"font-family: arial, helvetica, sans-serif; font-size: 14pt;\">4.Boa estabilidade<\/span><\/strong><\/p>\n<p>&nbsp;<\/p>","protected":false},"excerpt":{"rendered":"<p>XANGTECH super translucent pre-shaded zirconia block is meticulously crafted to elevate dental restorations with a perfect balance of aesthetic appeal and functional durability. Renowned for its excellent anti-aging properties, this advanced zirconia material offers exceptional resistance to discoloration and degradation over time, ensuring long-lasting results that maintain their original brilliance. With higher light transmittance than [&hellip;]<\/p>\n","protected":false},"featured_media":2620,"template":"","meta":{"_acf_changed":false},"product_brand":[],"product_cat":[52,15,43],"product_tag":[],"class_list":{"0":"post-1506","1":"product","2":"type-product","3":"status-publish","4":"has-post-thumbnail","6":"product_cat-pre-shaded-zirconia-block","7":"product_cat-restoration-materials","8":"product_cat-zirconia-block","10":"first","11":"instock","12":"shipping-taxable","13":"product-type-simple"},"acf":[],"_links":{"self":[{"href":"https:\/\/www.dentalxangtech.com\/pt\/wp-json\/wp\/v2\/product\/1506","targetHints":{"allow":["GET"]}}],"collection":[{"href":"https:\/\/www.dentalxangtech.com\/pt\/wp-json\/wp\/v2\/product"}],"about":[{"href":"https:\/\/www.dentalxangtech.com\/pt\/wp-json\/wp\/v2\/types\/product"}],"wp:featuredmedia":[{"embeddable":true,"href":"https:\/\/www.dentalxangtech.com\/pt\/wp-json\/wp\/v2\/media\/2620"}],"wp:attachment":[{"href":"https:\/\/www.dentalxangtech.com\/pt\/wp-json\/wp\/v2\/media?parent=1506"}],"wp:term":[{"taxonomy":"product_brand","embeddable":true,"href":"https:\/\/www.dentalxangtech.com\/pt\/wp-json\/wp\/v2\/product_brand?post=1506"},{"taxonomy":"product_cat","embeddable":true,"href":"https:\/\/www.dentalxangtech.com\/pt\/wp-json\/wp\/v2\/product_cat?post=1506"},{"taxonomy":"product_tag","embeddable":true,"href":"https:\/\/www.dentalxangtech.com\/pt\/wp-json\/wp\/v2\/product_tag?post=1506"}],"curies":[{"name":"wp","href":"https:\/\/api.w.org\/{rel}","templated":true}]}}