{"id":1574,"date":"2024-07-03T18:03:58","date_gmt":"2024-07-03T10:03:58","guid":{"rendered":"https:\/\/www.dentalxangtech.com\/index.php\/product\/%e8%b6%85%e9%ab%98%e9%80%8f%e6%98%8e%e9%a2%84%e7%9d%80%e8%89%b2%e6%b0%a7%e5%8c%96%e9%94%86%e5%9d%97-2\/"},"modified":"2024-11-26T15:07:52","modified_gmt":"2024-11-26T07:07:52","slug":"super-translucent-multilayer-zirconia-block","status":"publish","type":"product","link":"https:\/\/www.dentalxangtech.com\/pt\/product\/super-translucent-multilayer-zirconia-block\/","title":{"rendered":"Bloco de Circ\u00f3nia Multicamada Super Transl\u00facido"},"content":{"rendered":"<p><span style=\"font-family: arial, helvetica, sans-serif; font-size: 14pt;\">XANGTECH Super Translucent Multilayer Zirconia Block \u00e9 um material dental de \u00faltima tecnologia projetado para abordar desafios comuns em procedimentos restaurativos de toda cer\u00e2mica, particularmente sombra desigual e transi\u00e7\u00f5es de cores anormais. Ao eliminar a necessidade de sombra interna, ela atinge uma apar\u00eancia consistente e natural que replica o gradiente de cores da \u00e1rea cervical para a borda incisal. Isso o torna particularmente adequado para restaura\u00e7\u00f5es anteriores, onde considera\u00e7\u00f5es est\u00e9ticas s\u00e3o primordiais.<\/span><\/p>\n<p><span style=\"font-family: arial, helvetica, sans-serif; font-size: 14pt;\">Suas propriedades avan\u00e7adas asseguram que o material imita a transpar\u00eancia e o comportamento \u00f3ptico dos dentes naturais, tornando-o uma escolha ideal para coroas, pontes e veneras. Os especialistas dentais v\u00e3o achar que o bloco de circ\u00f4nia multicamada XANGTECH Super Transl\u00facido \u00e9 altamente vers\u00e1til, possibilitando personaliza\u00e7\u00e3o precisa e resultados superiores tanto em restaura\u00e7\u00f5es de um \u00fanico dente como em casos mais complexos. Al\u00e9m disso, sua for \u00e7a e biocompatibilidade asseguram desempenho de longa dura\u00e7\u00e3o, reduzindo a necessidade de substitui\u00e7\u00f5es frequentes e aumentando a satisfa\u00e7\u00e3o do paciente. Esse material suporta uma ampla gama de aplica\u00e7\u00f5es cl\u00ednicas, proporcionando aos profissionais dent\u00e1rios uma op\u00e7\u00e3o confi\u00e1vel e est\u00e9ticamente agrad\u00e1vel para a odontologia restaurativa.<\/span><\/p>\n<p>&nbsp;<\/p>\n<p><strong><span style=\"font-family: arial, helvetica, sans-serif; font-size: 14pt;\">1. Adaptabilidade forte<br \/>\n2. Pode ser usado para fazer pontes dent\u00e1rias de grande extens\u00e3o<br \/>\n3. Gradua\u00e7\u00e3o da cor dos dentes a baixo custo<br \/>\n4. Opera\u00e7\u00e3o mais simples nos est\u00e1gios posteriores<br \/>\n<\/span><\/strong><\/p>\n<div style=\"width: 800px;\" class=\"wp-video\"><video class=\"wp-video-shortcode\" id=\"video-1574-1\" width=\"800\" height=\"450\" preload=\"metadata\" controls=\"controls\"><source type=\"video\/mp4\" src=\"https:\/\/www.dentalxangtech.com\/wp-content\/uploads\/2024\/07\/STML-video.mp4?_=1\" \/><a href=\"https:\/\/www.dentalxangtech.com\/wp-content\/uploads\/2024\/07\/STML-video.mp4\">https:\/\/www.dentalxangtech.com\/wp-content\/uploads\/2024\/07\/STML-video.mp4<\/a><\/video><\/div>","protected":false},"excerpt":{"rendered":"<p><span style=\"font-family: arial, helvetica, sans-serif;\">\u00a0<\/span><\/p>","protected":false},"featured_media":2993,"template":"","meta":{"_acf_changed":false},"product_brand":[],"product_cat":[51],"product_tag":[],"class_list":{"0":"post-1574","1":"product","2":"type-product","3":"status-publish","4":"has-post-thumbnail","6":"product_cat-multilayer-zirconia-blcok","8":"first","9":"instock","10":"shipping-taxable","11":"product-type-simple"},"acf":[],"_links":{"self":[{"href":"https:\/\/www.dentalxangtech.com\/pt\/wp-json\/wp\/v2\/product\/1574","targetHints":{"allow":["GET"]}}],"collection":[{"href":"https:\/\/www.dentalxangtech.com\/pt\/wp-json\/wp\/v2\/product"}],"about":[{"href":"https:\/\/www.dentalxangtech.com\/pt\/wp-json\/wp\/v2\/types\/product"}],"wp:featuredmedia":[{"embeddable":true,"href":"https:\/\/www.dentalxangtech.com\/pt\/wp-json\/wp\/v2\/media\/2993"}],"wp:attachment":[{"href":"https:\/\/www.dentalxangtech.com\/pt\/wp-json\/wp\/v2\/media?parent=1574"}],"wp:term":[{"taxonomy":"product_brand","embeddable":true,"href":"https:\/\/www.dentalxangtech.com\/pt\/wp-json\/wp\/v2\/product_brand?post=1574"},{"taxonomy":"product_cat","embeddable":true,"href":"https:\/\/www.dentalxangtech.com\/pt\/wp-json\/wp\/v2\/product_cat?post=1574"},{"taxonomy":"product_tag","embeddable":true,"href":"https:\/\/www.dentalxangtech.com\/pt\/wp-json\/wp\/v2\/product_tag?post=1574"}],"curies":[{"name":"wp","href":"https:\/\/api.w.org\/{rel}","templated":true}]}}