{"id":1576,"date":"2024-07-03T18:13:07","date_gmt":"2024-07-03T10:13:07","guid":{"rendered":"https:\/\/www.dentalxangtech.com\/index.php\/product\/%e8%b6%85%e9%ab%98%e9%80%8f%e6%98%8e%e9%a2%84%e7%9d%80%e8%89%b2%e6%b0%a7%e5%8c%96%e9%94%86%e5%9d%97-2-2\/"},"modified":"2024-11-26T15:48:19","modified_gmt":"2024-11-26T07:48:19","slug":"3d-multilayer-zirconia-block","status":"publish","type":"product","link":"https:\/\/www.dentalxangtech.com\/pt\/product\/3d-multilayer-zirconia-block\/","title":{"rendered":"Bloque de Zirconia Multilayer 3D"},"content":{"rendered":"<p><span style=\"font-family: arial, helvetica, sans-serif; font-size: 14pt;\">XANGTECH 3D Multilayer Zirconia Block \u00e9 um material dental de \u00faltima tecnologia altamente considerado por suas propriedades qu\u00edmicas est\u00e1veis e adaptabilidade a diversos sistemas CAD dental abertos. Este bloco avan\u00e7ado de zirc\u00f4nia \u00e9 projetado para alta for \u00e7a e dureza excepcional, reduzindo significativamente a probabilidade de fraturas durante o processo de produ\u00e7\u00e3o de pr\u00f3teses dent\u00e1rias. Al\u00e9m de sua excel\u00eancia mec\u00e2nica, o XANGTECH Multilayer Zirconia Block destaca sua notable custo-efic\u00e1cia, fornecendo qualidade de pr\u00e9mio a um pre\u00e7o competitivo. Sua for \u00e7a ultra alta assegura durabilidade de longa dura\u00e7\u00e3o, tornando-a uma escolha ideal para profissionais dent\u00e1rios buscando desempenho confi\u00e1vel e eficiente. Al\u00e9m disso, o projeto inovador do Bloco XANGTECH 3D Multilayer Zirconia elimina a necessidade de colora\u00e7\u00e3o de l\u00edquidos, evitando assim erros potenciais de colora\u00e7\u00e3o e assegurando resultados coerentes e precisos. Essa caracter\u00edstica n\u00e3o s\u00f3 simplifica o fluxo de trabalho, mas tamb\u00e9m melhora a qualidade geral e est\u00e9tica das restaura\u00e7\u00f5es dent\u00e1rias finais.<\/span><\/p>\n<p><span style=\"font-family: arial, helvetica, sans-serif; font-size: 14pt;\">XANGTECH 3D multi-layer zirconia block apresenta excelentes caracter\u00edsticas de biocompatibilidade, sendo n\u00e3o irritante, sem odor, e n\u00e3o posicionando impactos biol\u00f3gicos adversos ou potenciais perigos para a cavidade oral humana, garantindo assim a seguran\u00e7a e integridade do ambiente oral.<\/span><\/p>\n<p><span style=\"font-family: arial, helvetica, sans-serif; font-size: 14pt;\">O bloco de zirc\u00f4nia multicamada XANGTECH 3D \u00e9 extremamente forte e n\u00e3o \u00e9 propenso a fratura, e n\u00e3o requer colora\u00e7\u00e3o de l\u00edquido, o que reduz a dificuldade de funcionamento. A coisa mais importante \u00e9 que elas s\u00e3o baratas e t\u00eam um desempenho de custo muito alto.<\/span><\/p>\n<p>&nbsp;<\/p>\n<p><span style=\"font-family: arial, helvetica, sans-serif; font-size: 14pt;\"><strong>1. Compatible com sistemas CAM abertos CAD<br \/>\n2. Reduzido risco de quebra de produ\u00e7\u00e3o<br \/>\n3. Dur\u00e1vel e duradouro<br \/>\n4. N\u00e3o \u00e9 necess\u00e1rio colorir solu\u00e7\u00f5es<\/strong><\/span><\/p>\n<div style=\"width: 800px;\" class=\"wp-video\"><video class=\"wp-video-shortcode\" id=\"video-1576-1\" width=\"800\" height=\"450\" preload=\"metadata\" controls=\"controls\"><source type=\"video\/mp4\" src=\"https:\/\/www.dentalxangtech.com\/wp-content\/uploads\/2024\/07\/3D-multilayer-zirconia-video.mp4?_=1\" \/><a href=\"https:\/\/www.dentalxangtech.com\/wp-content\/uploads\/2024\/07\/3D-multilayer-zirconia-video.mp4\">https:\/\/www.dentalxangtech.com\/wp-content\/uploads\/2024\/07\/3D-multilayer-zirconia-video.mp4<\/a><\/video><\/div>\n<p>&nbsp;<\/p>","protected":false},"excerpt":{"rendered":"<p>XANGTECH 3D Multilayer Zirconia Block is a state-of-the-art dental material highly regarded for its stable chemical properties and adaptability to various open dental CAD CAM systems. This advanced zirconia block is engineered for high strength and exceptional hardness, significantly reducing the likelihood of fractures during the production process of dental prosthetics. In addition to its [&hellip;]<\/p>\n","protected":false},"featured_media":2618,"template":"","meta":{"_acf_changed":false},"product_brand":[],"product_cat":[51],"product_tag":[],"class_list":{"0":"post-1576","1":"product","2":"type-product","3":"status-publish","4":"has-post-thumbnail","6":"product_cat-multilayer-zirconia-blcok","8":"first","9":"instock","10":"shipping-taxable","11":"product-type-simple"},"acf":[],"_links":{"self":[{"href":"https:\/\/www.dentalxangtech.com\/pt\/wp-json\/wp\/v2\/product\/1576","targetHints":{"allow":["GET"]}}],"collection":[{"href":"https:\/\/www.dentalxangtech.com\/pt\/wp-json\/wp\/v2\/product"}],"about":[{"href":"https:\/\/www.dentalxangtech.com\/pt\/wp-json\/wp\/v2\/types\/product"}],"wp:featuredmedia":[{"embeddable":true,"href":"https:\/\/www.dentalxangtech.com\/pt\/wp-json\/wp\/v2\/media\/2618"}],"wp:attachment":[{"href":"https:\/\/www.dentalxangtech.com\/pt\/wp-json\/wp\/v2\/media?parent=1576"}],"wp:term":[{"taxonomy":"product_brand","embeddable":true,"href":"https:\/\/www.dentalxangtech.com\/pt\/wp-json\/wp\/v2\/product_brand?post=1576"},{"taxonomy":"product_cat","embeddable":true,"href":"https:\/\/www.dentalxangtech.com\/pt\/wp-json\/wp\/v2\/product_cat?post=1576"},{"taxonomy":"product_tag","embeddable":true,"href":"https:\/\/www.dentalxangtech.com\/pt\/wp-json\/wp\/v2\/product_tag?post=1576"}],"curies":[{"name":"wp","href":"https:\/\/api.w.org\/{rel}","templated":true}]}}