{"id":1577,"date":"2024-07-03T18:14:11","date_gmt":"2024-07-03T10:14:11","guid":{"rendered":"https:\/\/www.dentalxangtech.com\/index.php\/product\/%e8%b6%85%e9%ab%98%e9%80%8f%e6%98%8e%e9%a2%84%e7%9d%80%e8%89%b2%e6%b0%a7%e5%8c%96%e9%94%86%e5%9d%97-2-3\/"},"modified":"2024-11-26T16:25:21","modified_gmt":"2024-11-26T08:25:21","slug":"super-high-translucent-multilayer-zirconia-block","status":"publish","type":"product","link":"https:\/\/www.dentalxangtech.com\/pt\/product\/super-high-translucent-multilayer-zirconia-block\/","title":{"rendered":"Bloco de Circ\u00f3nia Multicamada Super Alto Transl\u00facido"},"content":{"rendered":"<p><span style=\"font-family: arial, helvetica, sans-serif; font-size: 14pt;\">XANGTECH Super High Translucent Multilayer Zirconia Block \u00e9 projetado para cumprir os maiores padr\u00f5es de restaura\u00e7\u00f5es dent\u00e1rias. Sua alta transpar\u00eancia assegura que as restaura\u00e7\u00f5es tenham uma apar\u00eancia natural, como a vida, tornando-a ideal para coroas e veneras anteriores. Utilizando tecnologia de produ\u00e7\u00e3o avan\u00e7ada, este bloco de zirc\u00f4nia fornece resultados precisos e consistentes, assegurando a precis\u00e3o em uma ampla gama de aplica\u00e7\u00f5es restaurativas.<\/span><\/p>\n<p><span style=\"font-family: arial, helvetica, sans-serif; font-size: 14pt;\">Ela o design permite um gradiente suave de cor e transpar\u00eancia, imitando de perto a transi\u00e7\u00e3o natural da dentina para o enamel. Essa caracter\u00edstica \u00e9 particularmente ben\u00e9fica para criar restaura\u00e7\u00f5es que se misturam sem problemas com os dentes existentes do paciente. Al\u00e9m disso, a formula\u00e7\u00e3o avan\u00e7ada do material oferece uma excelente resist\u00eancia ao envelhecimento, assegurando durabilidade longa e mantendo a qualidade est\u00e9tica ao longo do tempo. A qualidade est\u00e1vel e confi\u00e1vel, bem como a excelente m\u00e1quinabilidade dela contribuem para a redu\u00e7\u00e3o das dura\u00e7\u00f5es de processamento, o que possibilita um ciclo de conclus\u00e3o mais r\u00e1pido e aumento da produtividade. O material s elevada adaptabilidade e interfaces sem problemas com diversos sistemas CAD\/CAM garantem uma incorpora\u00e7\u00e3o suave nos arranjos operacionais pr\u00e9-existentes, mais otimizando e acelerando os procedimentos de restaura\u00e7\u00e3o. <\/span><\/p>\n<p><span style=\"font-family: arial, helvetica, sans-serif; font-size: 14pt;\">Profissionais dentais podem confiar no Bloco de Circ\u00f3nia Multicamada Super Transl\u00facida XANGTECH para seu desempenho robusto e est\u00e9tica excepcional, proporcionando aos pacientes restaura\u00e7\u00f5es duradouras e de aspecto natural que melhoram a sa\u00fade oral e satisfa\u00e7\u00e3o gerais.<\/span><\/p>\n<p>&nbsp;<\/p>\n<p><span style=\"font-family: arial, helvetica, sans-serif; font-size: 14pt;\"><strong>1.Alta transpar\u00eancia<br \/>\n2.Tecnologia de produ\u00e7\u00e3o l\u00edder<br \/>\n3. Boa resist\u00eancia ao envelhecimento<br \/>\n4. Cor transparente dos produtos acabados<br \/>\n<\/strong><\/span><\/p>\n<div style=\"width: 800px;\" class=\"wp-video\"><video class=\"wp-video-shortcode\" id=\"video-1577-1\" width=\"800\" height=\"450\" preload=\"metadata\" controls=\"controls\"><source type=\"video\/mp4\" src=\"https:\/\/www.dentalxangtech.com\/wp-content\/uploads\/2024\/07\/11\u670821\u65e51.mp4?_=1\" \/><a href=\"https:\/\/www.dentalxangtech.com\/wp-content\/uploads\/2024\/07\/11\u670821\u65e51.mp4\">https:\/\/www.dentalxangtech.com\/wp-content\/uploads\/2024\/07\/11\u670821\u65e51.mp4<\/a><\/video><\/div>","protected":false},"excerpt":{"rendered":"<p>XANGTECH Super High Translucent Multilayer Zirconia Block is designed to meet the highest standards of dental restorations. Its high translucency ensures that restorations have a natural, lifelike appearance, making it ideal for anterior crowns and veneers. Utilizing leading-edge production technology, this zirconia block delivers precise, consistent results, ensuring accuracy in a wide range of restorative [&hellip;]<\/p>\n","protected":false},"featured_media":2974,"template":"","meta":{"_acf_changed":false},"product_brand":[],"product_cat":[51],"product_tag":[],"class_list":{"0":"post-1577","1":"product","2":"type-product","3":"status-publish","4":"has-post-thumbnail","6":"product_cat-multilayer-zirconia-blcok","8":"first","9":"instock","10":"shipping-taxable","11":"product-type-simple"},"acf":[],"_links":{"self":[{"href":"https:\/\/www.dentalxangtech.com\/pt\/wp-json\/wp\/v2\/product\/1577","targetHints":{"allow":["GET"]}}],"collection":[{"href":"https:\/\/www.dentalxangtech.com\/pt\/wp-json\/wp\/v2\/product"}],"about":[{"href":"https:\/\/www.dentalxangtech.com\/pt\/wp-json\/wp\/v2\/types\/product"}],"wp:featuredmedia":[{"embeddable":true,"href":"https:\/\/www.dentalxangtech.com\/pt\/wp-json\/wp\/v2\/media\/2974"}],"wp:attachment":[{"href":"https:\/\/www.dentalxangtech.com\/pt\/wp-json\/wp\/v2\/media?parent=1577"}],"wp:term":[{"taxonomy":"product_brand","embeddable":true,"href":"https:\/\/www.dentalxangtech.com\/pt\/wp-json\/wp\/v2\/product_brand?post=1577"},{"taxonomy":"product_cat","embeddable":true,"href":"https:\/\/www.dentalxangtech.com\/pt\/wp-json\/wp\/v2\/product_cat?post=1577"},{"taxonomy":"product_tag","embeddable":true,"href":"https:\/\/www.dentalxangtech.com\/pt\/wp-json\/wp\/v2\/product_tag?post=1577"}],"curies":[{"name":"wp","href":"https:\/\/api.w.org\/{rel}","templated":true}]}}